{"id":49064,"date":"2026-04-27T02:01:47","date_gmt":"2026-04-27T05:01:47","guid":{"rendered":"https:\/\/www.hediyepazar.com\/?product=akilli-saat-ultra-android-ios-uyumlu-arama-bildirim-ozellikli"},"modified":"2026-04-27T02:01:47","modified_gmt":"2026-04-27T05:01:47","slug":"akilli-saat-ultra-android-ios-uyumlu-arama-bildirim-ozellikli","status":"publish","type":"product","link":"https:\/\/www.hediyepazar.com\/?product=akilli-saat-ultra-android-ios-uyumlu-arama-bildirim-ozellikli","title":{"rendered":"Ak\u0131ll\u0131 Saat Ultra Android &amp; \u0130os Uyumlu Arama Bildirim \u00d6zellikli"},"content":{"rendered":"","protected":false},"excerpt":{"rendered":"<p>49 mm Uyumlu Kuma\u015f Kordon Bileklik | Hafif, Dayan\u0131kl\u0131 ve \u015e\u0131k Tasar\u0131m49 mm boyutundaki ak\u0131ll\u0131 cihazlarla tam uyum sa\u011flayan bu kuma\u015f kordon bileklik, sade \u00e7izgileri ve fonksiyonel detaylar\u0131yla hem \u015f\u0131kl\u0131\u011f\u0131 hem de konforu bir arada sunuyor. G\u00fcnl\u00fck ya\u015fam\u0131n temposuna ayak uydurmak isteyen kullan\u0131c\u0131lar i\u00e7in geli\u015ftirilen bu kordon, sa\u011flam dokuma kuma\u015f\u0131 sayesinde y\u0131pranmaya kar\u015f\u0131 dayan\u0131kl\u0131l\u0131k g\u00f6sterirken ayn\u0131 zamanda hafif yap\u0131s\u0131yla bilekte ekstra y\u00fck olu\u015fturmaz.Y\u00fcksek kaliteli malzemeden \u00fcretilmi\u015f olan kordon, uzun s\u00fcreli kullan\u0131mlarda dahi ciltle dost dokusunu korur. Cilt tahri\u015fine yol a\u00e7mayan nefes alabilir yap\u0131s\u0131, g\u00fcn boyunca konforlu bir deneyim sunar. Kordonun ayarlanabilir k\u0131sm\u0131, farkl\u0131 bilek boyutlar\u0131na kolayca uyum sa\u011flarken, tokal\u0131 mekanizmas\u0131 da bileklikte g\u00fcvenli bir tutu\u015f sunar.Sportif ve klasik giyim tarzlar\u0131na rahatl\u0131kla uyum sa\u011flayabilecek \u015fekilde tasarlanan kuma\u015f kordon, cihaz\u0131n\u0131z\u0131 \u015f\u0131k bir aksesuara d\u00f6n\u00fc\u015ft\u00fcr\u00fcr. \u00d6zellikle aktif ya\u015fam tarz\u0131n\u0131 benimseyen kullan\u0131c\u0131lar i\u00e7in ideal olan bu \u00fcr\u00fcn, y\u00fcr\u00fcy\u00fc\u015ften i\u015fe, g\u00fcnl\u00fck hayattan seyahatlere kadar her ortamda rahatl\u0131kla tercih edilebilir.Kolay temizlenebilir yap\u0131s\u0131 sayesinde bak\u0131m\u0131 zahmetsizdir; nemli bir bezle silinerek ilk g\u00fcnk\u00fc g\u00f6r\u00fcnt\u00fcs\u00fcne kavu\u015fur. Hafifli\u011fi, dayan\u0131kl\u0131l\u0131\u011f\u0131 ve stil sahibi g\u00f6r\u00fcn\u00fcm\u00fc ile bu kuma\u015f kordon, cihaz\u0131n\u0131z\u0131 tamamlayan fonksiyonel ve estetik bir se\u00e7enektir.<\/p>\n","protected":false},"featured_media":49063,"comment_status":"open","ping_status":"closed","template":"","meta":{"_kad_post_transparent":"","_kad_post_title":"","_kad_post_layout":"","_kad_post_sidebar_id":"","_kad_post_content_style":"","_kad_post_vertical_padding":"","_kad_post_feature":"","_kad_post_feature_position":"","_kad_post_header":false,"_kad_post_footer":false,"_kad_post_classname":""},"product_brand":[],"product_cat":[23],"product_tag":[],"class_list":{"0":"post-49064","1":"product","2":"type-product","3":"status-publish","4":"has-post-thumbnail","6":"product_cat-genel","8":"first","9":"instock","10":"purchasable","11":"product-type-simple","12":"entry","13":"content-bg","14":"loop-entry"},"_links":{"self":[{"href":"https:\/\/www.hediyepazar.com\/index.php?rest_route=\/wp\/v2\/product\/49064","targetHints":{"allow":["GET"]}}],"collection":[{"href":"https:\/\/www.hediyepazar.com\/index.php?rest_route=\/wp\/v2\/product"}],"about":[{"href":"https:\/\/www.hediyepazar.com\/index.php?rest_route=\/wp\/v2\/types\/product"}],"replies":[{"embeddable":true,"href":"https:\/\/www.hediyepazar.com\/index.php?rest_route=%2Fwp%2Fv2%2Fcomments&post=49064"}],"wp:featuredmedia":[{"embeddable":true,"href":"https:\/\/www.hediyepazar.com\/index.php?rest_route=\/wp\/v2\/media\/49063"}],"wp:attachment":[{"href":"https:\/\/www.hediyepazar.com\/index.php?rest_route=%2Fwp%2Fv2%2Fmedia&parent=49064"}],"wp:term":[{"taxonomy":"product_brand","embeddable":true,"href":"https:\/\/www.hediyepazar.com\/index.php?rest_route=%2Fwp%2Fv2%2Fproduct_brand&post=49064"},{"taxonomy":"product_cat","embeddable":true,"href":"https:\/\/www.hediyepazar.com\/index.php?rest_route=%2Fwp%2Fv2%2Fproduct_cat&post=49064"},{"taxonomy":"product_tag","embeddable":true,"href":"https:\/\/www.hediyepazar.com\/index.php?rest_route=%2Fwp%2Fv2%2Fproduct_tag&post=49064"}],"curies":[{"name":"wp","href":"https:\/\/api.w.org\/{rel}","templated":true}]}}