{"id":49068,"date":"2026-04-27T02:01:50","date_gmt":"2026-04-27T05:01:50","guid":{"rendered":"https:\/\/www.hediyepazar.com\/?product=akilli-saat-amoled-ekran-bluetooth-baglantili-ozel-tasarim-unisex"},"modified":"2026-04-27T02:01:50","modified_gmt":"2026-04-27T05:01:50","slug":"akilli-saat-amoled-ekran-bluetooth-baglantili-ozel-tasarim-unisex","status":"publish","type":"product","link":"https:\/\/www.hediyepazar.com\/?product=akilli-saat-amoled-ekran-bluetooth-baglantili-ozel-tasarim-unisex","title":{"rendered":"Ak\u0131ll\u0131 Saat Amoled Ekran Bluetooth Ba\u011flant\u0131l\u0131 \u00d6zel Tasar\u0131m Un\u0131sex"},"content":{"rendered":"","protected":false},"excerpt":{"rendered":"<p>49 mm Modellerle Uyumlu Kuma\u015f Kordon Bileklik | Konforlu ve \u015e\u0131k G\u00fcnl\u00fck Kullan\u0131m \u0130\u00e7in \u00d6zel Tasar\u0131mBu \u00f6zel kuma\u015f kordon bileklik, 49 mm \u00f6l\u00e7\u00fclerindeki ak\u0131ll\u0131 cihazlarla tam uyum sa\u011flayarak sade ama g\u00f6z al\u0131c\u0131 tasar\u0131m\u0131yla \u00f6ne \u00e7\u0131kar. G\u00fcnl\u00fck kullan\u0131mda hem estetik hem de i\u015flevsellik arayanlar i\u00e7in ideal olan bu kordon, kaliteli dokuma kuma\u015f malzemesiyle \u00fcretildi\u011fi i\u00e7in uzun s\u00fcreli kullan\u0131mlarda bile formunu kaybetmez.Yumu\u015fak dokusu sayesinde bile\u011fe nazik\u00e7e oturur ve g\u00fcn boyunca konfor sunar. Spor yaparken, \u00e7al\u0131\u015f\u0131rken veya g\u00fcnl\u00fck aktivitelerde rahatl\u0131kla kullan\u0131labilir. Ayarlanabilir yap\u0131s\u0131 sayesinde farkl\u0131 bilek \u00f6l\u00e7\u00fclerine uygundur, b\u00f6ylece ki\u015fisel kullan\u0131mda maksimum rahatl\u0131k sa\u011flar.Nefes alabilir yap\u0131s\u0131 ile terlemeyi minimuma indirirken, hafifli\u011fi sayesinde bile\u011finizde yokmu\u015f hissi yarat\u0131r. Dayan\u0131kl\u0131 ba\u011flant\u0131 noktalar\u0131 ve kaliteli diki\u015f detaylar\u0131 ile uzun \u00f6m\u00fcrl\u00fc bir kullan\u0131m vadeder. Hem klasik hem de sportif giyim tarzlar\u0131na kolayca uyum sa\u011flayan bu kordon, cihaz\u0131n\u0131z\u0131 zarif bir aksesuar haline getirir.Kolayca tak\u0131l\u0131p \u00e7\u0131kar\u0131labilen tasar\u0131m\u0131 sayesinde kullan\u0131c\u0131 dostu olan kuma\u015f kordon bileklik, g\u00fcnl\u00fck hayat\u0131n temposuna ayak uydururken stilinizden \u00f6d\u00fcn vermemenizi sa\u011flar. Temizli\u011fi de olduk\u00e7a pratik olup, sadece nemli bir bez yard\u0131m\u0131yla silinerek ilk g\u00fcnk\u00fc g\u00f6r\u00fcn\u00fcm\u00fcne kavu\u015fabilir.Her ortama uyum sa\u011flayan \u015f\u0131kl\u0131\u011f\u0131 ve kullan\u0131m kolayl\u0131\u011f\u0131 ile bu kuma\u015f kordon, teknolojik cihaz\u0131n\u0131z\u0131 tamamlayan vazge\u00e7ilmez bir par\u00e7a olacak.<\/p>\n","protected":false},"featured_media":49067,"comment_status":"open","ping_status":"closed","template":"","meta":{"_kad_post_transparent":"","_kad_post_title":"","_kad_post_layout":"","_kad_post_sidebar_id":"","_kad_post_content_style":"","_kad_post_vertical_padding":"","_kad_post_feature":"","_kad_post_feature_position":"","_kad_post_header":false,"_kad_post_footer":false,"_kad_post_classname":""},"product_brand":[],"product_cat":[23],"product_tag":[],"class_list":{"0":"post-49068","1":"product","2":"type-product","3":"status-publish","4":"has-post-thumbnail","6":"product_cat-genel","8":"first","9":"instock","10":"purchasable","11":"product-type-simple","12":"entry","13":"content-bg","14":"loop-entry"},"_links":{"self":[{"href":"https:\/\/www.hediyepazar.com\/index.php?rest_route=\/wp\/v2\/product\/49068","targetHints":{"allow":["GET"]}}],"collection":[{"href":"https:\/\/www.hediyepazar.com\/index.php?rest_route=\/wp\/v2\/product"}],"about":[{"href":"https:\/\/www.hediyepazar.com\/index.php?rest_route=\/wp\/v2\/types\/product"}],"replies":[{"embeddable":true,"href":"https:\/\/www.hediyepazar.com\/index.php?rest_route=%2Fwp%2Fv2%2Fcomments&post=49068"}],"wp:featuredmedia":[{"embeddable":true,"href":"https:\/\/www.hediyepazar.com\/index.php?rest_route=\/wp\/v2\/media\/49067"}],"wp:attachment":[{"href":"https:\/\/www.hediyepazar.com\/index.php?rest_route=%2Fwp%2Fv2%2Fmedia&parent=49068"}],"wp:term":[{"taxonomy":"product_brand","embeddable":true,"href":"https:\/\/www.hediyepazar.com\/index.php?rest_route=%2Fwp%2Fv2%2Fproduct_brand&post=49068"},{"taxonomy":"product_cat","embeddable":true,"href":"https:\/\/www.hediyepazar.com\/index.php?rest_route=%2Fwp%2Fv2%2Fproduct_cat&post=49068"},{"taxonomy":"product_tag","embeddable":true,"href":"https:\/\/www.hediyepazar.com\/index.php?rest_route=%2Fwp%2Fv2%2Fproduct_tag&post=49068"}],"curies":[{"name":"wp","href":"https:\/\/api.w.org\/{rel}","templated":true}]}}