{"id":49074,"date":"2026-04-27T02:01:53","date_gmt":"2026-04-27T05:01:53","guid":{"rendered":"https:\/\/www.hediyepazar.com\/?product=akilli-saat-bleutooth-baglantili-akilli-saat-amoled-ekran-49-mm"},"modified":"2026-04-27T02:01:53","modified_gmt":"2026-04-27T05:01:53","slug":"akilli-saat-bleutooth-baglantili-akilli-saat-amoled-ekran-49-mm","status":"publish","type":"product","link":"https:\/\/www.hediyepazar.com\/?product=akilli-saat-bleutooth-baglantili-akilli-saat-amoled-ekran-49-mm","title":{"rendered":"Ak\u0131ll\u0131 Saat Bleutooth Ba\u011flant\u0131l\u0131 Ak\u0131ll\u0131 Saat Amoled Ekran 49 Mm"},"content":{"rendered":"","protected":false},"excerpt":{"rendered":"<p>49 mm Modellerle Uyumlu Alpine Kuma\u015f Kordon | \u015e\u0131kl\u0131k, Konfor ve Dayan\u0131kl\u0131l\u0131\u011f\u0131 Bulu\u015fturan Ak\u0131ll\u0131 Kay\u0131\u015f Se\u00e7ene\u011fiModern tasar\u0131m\u0131 ve fonksiyonel yap\u0131s\u0131yla \u00f6ne \u00e7\u0131kan bu Alpine kuma\u015f kordon, 49 mm \u00f6l\u00e7\u00fclerindeki ak\u0131ll\u0131 cihazlarla tam uyum sa\u011flayarak hem estetik hem de kullan\u0131m konforunu bir araya getiriyor. Y\u00fcksek kaliteli naylon materyalden \u00fcretilmi\u015f olan kay\u0131\u015f, g\u00fcnl\u00fck kullan\u0131ma dayan\u0131kl\u0131 yap\u0131s\u0131 sayesinde uzun s\u00fcreli kullan\u0131mlarda bile formunu korur ve ilk g\u00fcnk\u00fc \u015f\u0131kl\u0131\u011f\u0131n\u0131 yitirmez.\u00d6zellikle aktif bir ya\u015fam tarz\u0131na sahip kullan\u0131c\u0131lar i\u00e7in ideal olan bu kordon, nefes alabilir dokusu sayesinde bilekte terleme yapmaz ve g\u00fcn boyu rahat bir kullan\u0131m sunar. \u00dcstelik kolayca temizlenebilen y\u00fczeyi, pratik bir bak\u0131m s\u00fcreci sa\u011flayarak sizi zahmetten kurtar\u0131r. Hafif yap\u0131s\u0131 sayesinde bilekte a\u011f\u0131rl\u0131k yapmadan ta\u015f\u0131nabilir, b\u00f6ylece hem g\u00fcnl\u00fck kullan\u0131mda hem de spor yaparken konforunuzu maksimum seviyeye \u00e7\u0131kar\u0131r.Ak\u0131ll\u0131 cihazlarla m\u00fckemmel bir uyum yakalayan bu kordon, sade ama zarif g\u00f6r\u00fcn\u00fcm\u00fcyle tarz\u0131n\u0131za modern bir dokunu\u015f katarken; sa\u011flam yap\u0131s\u0131yla da g\u00fcvenli bir kullan\u0131m sa\u011flar. Cihaza sorunsuz bir \u015fekilde monte edilebilir, ayarlanabilir tokas\u0131 ile farkl\u0131 bilek \u00f6l\u00e7\u00fclerine kolayl\u0131kla uyum sa\u011flar. Hem \u015fehir ya\u015fam\u0131nda hem de do\u011fa y\u00fcr\u00fcy\u00fc\u015flerinde dayan\u0131kl\u0131l\u0131\u011f\u0131 ve konforuyla \u00f6n plana \u00e7\u0131kan bu kuma\u015f kordon, stil sahibi kullan\u0131c\u0131lar i\u00e7in vazge\u00e7ilmez bir aksesuar haline gelir.Cihaz\u0131n\u0131z\u0131 sadece bir teknolojik ara\u00e7 olmaktan \u00e7\u0131kar\u0131p stilinizin tamamlay\u0131c\u0131s\u0131na d\u00f6n\u00fc\u015ft\u00fcren bu kuma\u015f kordon ile hem konforu hem de \u015f\u0131kl\u0131\u011f\u0131 ayn\u0131 anda deneyimleyin.<\/p>\n","protected":false},"featured_media":49073,"comment_status":"open","ping_status":"closed","template":"","meta":{"_kad_post_transparent":"","_kad_post_title":"","_kad_post_layout":"","_kad_post_sidebar_id":"","_kad_post_content_style":"","_kad_post_vertical_padding":"","_kad_post_feature":"","_kad_post_feature_position":"","_kad_post_header":false,"_kad_post_footer":false,"_kad_post_classname":""},"product_brand":[],"product_cat":[23],"product_tag":[],"class_list":{"0":"post-49074","1":"product","2":"type-product","3":"status-publish","4":"has-post-thumbnail","6":"product_cat-genel","8":"first","9":"instock","10":"purchasable","11":"product-type-simple","12":"entry","13":"content-bg","14":"loop-entry"},"_links":{"self":[{"href":"https:\/\/www.hediyepazar.com\/index.php?rest_route=\/wp\/v2\/product\/49074","targetHints":{"allow":["GET"]}}],"collection":[{"href":"https:\/\/www.hediyepazar.com\/index.php?rest_route=\/wp\/v2\/product"}],"about":[{"href":"https:\/\/www.hediyepazar.com\/index.php?rest_route=\/wp\/v2\/types\/product"}],"replies":[{"embeddable":true,"href":"https:\/\/www.hediyepazar.com\/index.php?rest_route=%2Fwp%2Fv2%2Fcomments&post=49074"}],"wp:featuredmedia":[{"embeddable":true,"href":"https:\/\/www.hediyepazar.com\/index.php?rest_route=\/wp\/v2\/media\/49073"}],"wp:attachment":[{"href":"https:\/\/www.hediyepazar.com\/index.php?rest_route=%2Fwp%2Fv2%2Fmedia&parent=49074"}],"wp:term":[{"taxonomy":"product_brand","embeddable":true,"href":"https:\/\/www.hediyepazar.com\/index.php?rest_route=%2Fwp%2Fv2%2Fproduct_brand&post=49074"},{"taxonomy":"product_cat","embeddable":true,"href":"https:\/\/www.hediyepazar.com\/index.php?rest_route=%2Fwp%2Fv2%2Fproduct_cat&post=49074"},{"taxonomy":"product_tag","embeddable":true,"href":"https:\/\/www.hediyepazar.com\/index.php?rest_route=%2Fwp%2Fv2%2Fproduct_tag&post=49074"}],"curies":[{"name":"wp","href":"https:\/\/api.w.org\/{rel}","templated":true}]}}