{"id":49078,"date":"2026-04-27T02:01:59","date_gmt":"2026-04-27T05:01:59","guid":{"rendered":"https:\/\/www.hediyepazar.com\/?product=akilli-saat-coklu-kordon-secenekli-dokunmatik-ekran-nabiz-sensorlu"},"modified":"2026-04-27T02:01:59","modified_gmt":"2026-04-27T05:01:59","slug":"akilli-saat-coklu-kordon-secenekli-dokunmatik-ekran-nabiz-sensorlu","status":"publish","type":"product","link":"https:\/\/www.hediyepazar.com\/?product=akilli-saat-coklu-kordon-secenekli-dokunmatik-ekran-nabiz-sensorlu","title":{"rendered":"Ak\u0131ll\u0131 Saat \u00c7oklu Kordon Se\u00e7enekli Dokunmatik Ekran Nab\u0131z Sens\u00f6rl\u00fc"},"content":{"rendered":"","protected":false},"excerpt":{"rendered":"<p>Zarif siyah kasa rengiyle tasarlanm\u0131\u015f olan bu ak\u0131ll\u0131 saat, her ortamda \u015f\u0131kl\u0131\u011f\u0131n\u0131z\u0131 tamamlayan bir aksesuar olarak \u00f6ne \u00e7\u0131kar. 2 y\u0131l garanti s\u00fcresi ile sat\u0131n ald\u0131ktan sonra uzun s\u00fcreli g\u00fcvenli kullan\u0131m sa\u011flarken, herhangi bir sorunla kar\u015f\u0131la\u015ft\u0131\u011f\u0131n\u0131zda profesyonel destek alabilirsiniz. D\u00fcz cam ekran tasar\u0131m\u0131 sayesinde net g\u00f6r\u00fcnt\u00fcler ve kolay okunabilirlik sunar; b\u00f6ylece saatinizi kullan\u0131rken hi\u00e7bir detaydan \u00f6d\u00fcn vermezsiniz. Ayr\u0131ca, 1 atm su ge\u00e7irmezlik \u00f6zelli\u011fi sayesinde g\u00fcnl\u00fck ya\u015famda kar\u015f\u0131la\u015fabilece\u011finiz su s\u0131\u00e7ramalar\u0131na kar\u015f\u0131 dayan\u0131kl\u0131d\u0131r, ya\u011fmurda veya ellerinizi y\u0131karken endi\u015felenmenize gerek yoktur.Dayan\u0131kl\u0131 \u00e7elik kasa materyali, saatiniz i\u00e7in uzun \u00f6m\u00fcrl\u00fc bir kullan\u0131m sunar ve estetik bir g\u00f6r\u00fcn\u00fcm kazand\u0131r\u0131rken, silikon kordon rahat bir takma deneyimi sa\u011flar. Dokunmatik ekran sayesinde saatinizi h\u0131zl\u0131 ve pratik bir \u015fekilde kullanabilir, kolayca alarm kurabilir veya zaman\u0131 kontrol edebilirsiniz. Kronometre \u00f6zelli\u011fi, \u00f6zellikle spor yaparken zaman\u0131n\u0131z\u0131 takip etmenizi sa\u011flar ve ko\u015fu, y\u00fcr\u00fcy\u00fc\u015f, bisiklet s\u00fcrme gibi aktivitelerde performans\u0131n\u0131z\u0131 en \u00fcst d\u00fczeye \u00e7\u0131kartman\u0131za yard\u0131mc\u0131 olur. Bu ak\u0131ll\u0131 saat, hem \u015f\u0131kl\u0131\u011f\u0131 hem de fonksiyonelli\u011fiyle g\u00fcnl\u00fck hayat\u0131n\u0131zda size pratiklik sunar ve sa\u011fl\u0131kl\u0131 ya\u015fam hedeflerinize ula\u015fmada etkili bir yard\u0131mc\u0131 olur.<\/p>\n","protected":false},"featured_media":49077,"comment_status":"open","ping_status":"closed","template":"","meta":{"_kad_post_transparent":"","_kad_post_title":"","_kad_post_layout":"","_kad_post_sidebar_id":"","_kad_post_content_style":"","_kad_post_vertical_padding":"","_kad_post_feature":"","_kad_post_feature_position":"","_kad_post_header":false,"_kad_post_footer":false,"_kad_post_classname":""},"product_brand":[],"product_cat":[23],"product_tag":[],"class_list":{"0":"post-49078","1":"product","2":"type-product","3":"status-publish","4":"has-post-thumbnail","6":"product_cat-genel","8":"first","9":"instock","10":"purchasable","11":"product-type-simple","12":"entry","13":"content-bg","14":"loop-entry"},"_links":{"self":[{"href":"https:\/\/www.hediyepazar.com\/index.php?rest_route=\/wp\/v2\/product\/49078","targetHints":{"allow":["GET"]}}],"collection":[{"href":"https:\/\/www.hediyepazar.com\/index.php?rest_route=\/wp\/v2\/product"}],"about":[{"href":"https:\/\/www.hediyepazar.com\/index.php?rest_route=\/wp\/v2\/types\/product"}],"replies":[{"embeddable":true,"href":"https:\/\/www.hediyepazar.com\/index.php?rest_route=%2Fwp%2Fv2%2Fcomments&post=49078"}],"wp:featuredmedia":[{"embeddable":true,"href":"https:\/\/www.hediyepazar.com\/index.php?rest_route=\/wp\/v2\/media\/49077"}],"wp:attachment":[{"href":"https:\/\/www.hediyepazar.com\/index.php?rest_route=%2Fwp%2Fv2%2Fmedia&parent=49078"}],"wp:term":[{"taxonomy":"product_brand","embeddable":true,"href":"https:\/\/www.hediyepazar.com\/index.php?rest_route=%2Fwp%2Fv2%2Fproduct_brand&post=49078"},{"taxonomy":"product_cat","embeddable":true,"href":"https:\/\/www.hediyepazar.com\/index.php?rest_route=%2Fwp%2Fv2%2Fproduct_cat&post=49078"},{"taxonomy":"product_tag","embeddable":true,"href":"https:\/\/www.hediyepazar.com\/index.php?rest_route=%2Fwp%2Fv2%2Fproduct_tag&post=49078"}],"curies":[{"name":"wp","href":"https:\/\/api.w.org\/{rel}","templated":true}]}}