{"id":49133,"date":"2026-04-27T02:02:34","date_gmt":"2026-04-27T05:02:34","guid":{"rendered":"https:\/\/www.hediyepazar.com\/?product=akilli-saat-cagri-cevaplayabilen-unisex-7-kordonlu-muzik-dinleme"},"modified":"2026-04-27T02:02:34","modified_gmt":"2026-04-27T05:02:34","slug":"akilli-saat-cagri-cevaplayabilen-unisex-7-kordonlu-muzik-dinleme","status":"publish","type":"product","link":"https:\/\/www.hediyepazar.com\/?product=akilli-saat-cagri-cevaplayabilen-unisex-7-kordonlu-muzik-dinleme","title":{"rendered":"Ak\u0131ll\u0131 Saat \u00c7a\u011fr\u0131 Cevaplayabilen Un\u0131sex 7 Kordonlu M\u00fczik Dinleme"},"content":{"rendered":"","protected":false},"excerpt":{"rendered":"<p>8 Ultra 7-in-1 Ak\u0131ll\u0131 Saat: Bir saatin sunabilece\u011fi t\u00fcm fonksiyonlar\u0131 bir araya getiren bu \u015f\u0131k ak\u0131ll\u0131 saat, g\u00fcnl\u00fck hayat\u0131n\u0131z\u0131 kolayla\u015ft\u0131ran bir\u00e7ok \u00f6zellik sunuyor. 7 kordonlu tasar\u0131m\u0131yla hem estetik hem de fonksiyonel bir tasar\u0131m sunarken, modern hayat\u0131n ihtiya\u00e7lar\u0131na tamamen uyum sa\u011flar.Sesli \u00c7a\u011fr\u0131 Yan\u0131tlama ve Konu\u015fma: Sesli \u00e7a\u011fr\u0131lar\u0131 yan\u0131tlayabilir, mesajlar\u0131n\u0131z\u0131 ve bildirimlerinizi anl\u0131k olarak takip edebilirsiniz. \u00c7ift hoparl\u00f6r\u00fc ve y\u00fcksek kaliteli mikrofonu sayesinde, sesli aramalarda net ve kaliteli bir ses deneyimi sunar. Ayr\u0131ca, bu modeldeki ilk \u00e7ift hoparl\u00f6r teknolojisi, ses performans\u0131n\u0131 bir \u00fcst seviyeye ta\u015f\u0131r.<\/p>\n","protected":false},"featured_media":49132,"comment_status":"open","ping_status":"closed","template":"","meta":{"_kad_post_transparent":"","_kad_post_title":"","_kad_post_layout":"","_kad_post_sidebar_id":"","_kad_post_content_style":"","_kad_post_vertical_padding":"","_kad_post_feature":"","_kad_post_feature_position":"","_kad_post_header":false,"_kad_post_footer":false,"_kad_post_classname":""},"product_brand":[],"product_cat":[23],"product_tag":[],"class_list":{"0":"post-49133","1":"product","2":"type-product","3":"status-publish","4":"has-post-thumbnail","6":"product_cat-genel","8":"first","9":"instock","10":"purchasable","11":"product-type-simple","12":"entry","13":"content-bg","14":"loop-entry"},"_links":{"self":[{"href":"https:\/\/www.hediyepazar.com\/index.php?rest_route=\/wp\/v2\/product\/49133","targetHints":{"allow":["GET"]}}],"collection":[{"href":"https:\/\/www.hediyepazar.com\/index.php?rest_route=\/wp\/v2\/product"}],"about":[{"href":"https:\/\/www.hediyepazar.com\/index.php?rest_route=\/wp\/v2\/types\/product"}],"replies":[{"embeddable":true,"href":"https:\/\/www.hediyepazar.com\/index.php?rest_route=%2Fwp%2Fv2%2Fcomments&post=49133"}],"wp:featuredmedia":[{"embeddable":true,"href":"https:\/\/www.hediyepazar.com\/index.php?rest_route=\/wp\/v2\/media\/49132"}],"wp:attachment":[{"href":"https:\/\/www.hediyepazar.com\/index.php?rest_route=%2Fwp%2Fv2%2Fmedia&parent=49133"}],"wp:term":[{"taxonomy":"product_brand","embeddable":true,"href":"https:\/\/www.hediyepazar.com\/index.php?rest_route=%2Fwp%2Fv2%2Fproduct_brand&post=49133"},{"taxonomy":"product_cat","embeddable":true,"href":"https:\/\/www.hediyepazar.com\/index.php?rest_route=%2Fwp%2Fv2%2Fproduct_cat&post=49133"},{"taxonomy":"product_tag","embeddable":true,"href":"https:\/\/www.hediyepazar.com\/index.php?rest_route=%2Fwp%2Fv2%2Fproduct_tag&post=49133"}],"curies":[{"name":"wp","href":"https:\/\/api.w.org\/{rel}","templated":true}]}}