{"id":49139,"date":"2026-04-27T02:02:37","date_gmt":"2026-04-27T05:02:37","guid":{"rendered":"https:\/\/www.hediyepazar.com\/?product=akilli-saat-7-kordonlu-bildirim-gorebilen-metal-kordon-gps-ozelligi"},"modified":"2026-04-27T02:02:37","modified_gmt":"2026-04-27T05:02:37","slug":"akilli-saat-7-kordonlu-bildirim-gorebilen-metal-kordon-gps-ozelligi","status":"publish","type":"product","link":"https:\/\/www.hediyepazar.com\/?product=akilli-saat-7-kordonlu-bildirim-gorebilen-metal-kordon-gps-ozelligi","title":{"rendered":"Ak\u0131ll\u0131 Saat 7 Kordonlu Bildirim G\u00f6rebilen Metal Kordon Gps \u00d6zelli\u011fi"},"content":{"rendered":"","protected":false},"excerpt":{"rendered":"<p>Ekran ve Tasar\u0131m: 2,05 in\u00e7 IPS ekran, net ve canl\u0131 g\u00f6r\u00fcnt\u00fcler sunarken ayarlanabilir parlakl\u0131k \u00f6zelli\u011fi her ortamda optimum g\u00f6r\u00fcn\u00fcrl\u00fck sa\u011flar. Y\u00fcksek \u00e7\u00f6z\u00fcn\u00fcrl\u00fckl\u00fc duvar ka\u011f\u0131tlar\u0131 ve 4 farkl\u0131 UI men\u00fcs\u00fc ile ki\u015fiselle\u015ftirilebilir bir deneyim sunar. Sa\u011fl\u0131k ve Spor \u00d6zellikleri: Kalp ritmi \u00f6l\u00e7me, oksijen sat\u00fcrasyonu ve nefes h\u0131z\u0131 izleme gibi sa\u011fl\u0131k \u00f6zellikleriyle donat\u0131lm\u0131\u015ft\u0131r. Ad\u0131msayar, spor modlar\u0131 ve egzersiz hat\u0131rlat\u0131c\u0131lar\u0131 ile sa\u011fl\u0131kl\u0131 bir ya\u015fam tarz\u0131 olu\u015fturman\u0131za yard\u0131mc\u0131 olur. Ba\u011flant\u0131 ve G\u00fcvenlik: Sesli \u00e7a\u011fr\u0131 yan\u0131tlama, mesaj bildirimlerini anl\u0131k takip etme, art\u0131r\u0131lm\u0131\u015f g\u00fcvenlik i\u00e7in parola belirleme gibi \u00f6zelliklerle her zaman ba\u011flant\u0131da kal\u0131n. Ek \u00d6zellikler: Kronometre, barometre, s\u00fcrekli g\u00fcncel hava durumu, rahats\u0131z etmeyin modu ve hesap makinesi gibi detaylarla g\u00fcnl\u00fck ya\u015fam\u0131n\u0131z\u0131 kolayla\u015ft\u0131r\u0131r.<\/p>\n","protected":false},"featured_media":49138,"comment_status":"open","ping_status":"closed","template":"","meta":{"_kad_post_transparent":"","_kad_post_title":"","_kad_post_layout":"","_kad_post_sidebar_id":"","_kad_post_content_style":"","_kad_post_vertical_padding":"","_kad_post_feature":"","_kad_post_feature_position":"","_kad_post_header":false,"_kad_post_footer":false,"_kad_post_classname":""},"product_brand":[],"product_cat":[23],"product_tag":[],"class_list":{"0":"post-49139","1":"product","2":"type-product","3":"status-publish","4":"has-post-thumbnail","6":"product_cat-genel","8":"first","9":"instock","10":"purchasable","11":"product-type-simple","12":"entry","13":"content-bg","14":"loop-entry"},"_links":{"self":[{"href":"https:\/\/www.hediyepazar.com\/index.php?rest_route=\/wp\/v2\/product\/49139","targetHints":{"allow":["GET"]}}],"collection":[{"href":"https:\/\/www.hediyepazar.com\/index.php?rest_route=\/wp\/v2\/product"}],"about":[{"href":"https:\/\/www.hediyepazar.com\/index.php?rest_route=\/wp\/v2\/types\/product"}],"replies":[{"embeddable":true,"href":"https:\/\/www.hediyepazar.com\/index.php?rest_route=%2Fwp%2Fv2%2Fcomments&post=49139"}],"wp:featuredmedia":[{"embeddable":true,"href":"https:\/\/www.hediyepazar.com\/index.php?rest_route=\/wp\/v2\/media\/49138"}],"wp:attachment":[{"href":"https:\/\/www.hediyepazar.com\/index.php?rest_route=%2Fwp%2Fv2%2Fmedia&parent=49139"}],"wp:term":[{"taxonomy":"product_brand","embeddable":true,"href":"https:\/\/www.hediyepazar.com\/index.php?rest_route=%2Fwp%2Fv2%2Fproduct_brand&post=49139"},{"taxonomy":"product_cat","embeddable":true,"href":"https:\/\/www.hediyepazar.com\/index.php?rest_route=%2Fwp%2Fv2%2Fproduct_cat&post=49139"},{"taxonomy":"product_tag","embeddable":true,"href":"https:\/\/www.hediyepazar.com\/index.php?rest_route=%2Fwp%2Fv2%2Fproduct_tag&post=49139"}],"curies":[{"name":"wp","href":"https:\/\/api.w.org\/{rel}","templated":true}]}}