{"id":49141,"date":"2026-04-27T02:02:38","date_gmt":"2026-04-27T05:02:38","guid":{"rendered":"https:\/\/www.hediyepazar.com\/?product=akilli-saat-7-kordonlu-metalplastik-ve-hasir-kordon-secenegi"},"modified":"2026-04-27T02:02:38","modified_gmt":"2026-04-27T05:02:38","slug":"akilli-saat-7-kordonlu-metalplastik-ve-hasir-kordon-secenegi","status":"publish","type":"product","link":"https:\/\/www.hediyepazar.com\/?product=akilli-saat-7-kordonlu-metalplastik-ve-hasir-kordon-secenegi","title":{"rendered":"Ak\u0131ll\u0131 Saat 7 Kordonlu Metal,plastik Ve Has\u0131r Kordon Se\u00e7ene\u011fi"},"content":{"rendered":"","protected":false},"excerpt":{"rendered":"<p>Arama ve Bildirim Y\u00f6netimi: Hoparl\u00f6r ve mikrofon deste\u011fiyle sesli \u00e7a\u011fr\u0131lar\u0131n\u0131z\u0131 kolayca yapabilir ve bildirimlerinizi anl\u0131k olarak takip edebilirsiniz. Sa\u011fl\u0131k Takip Sistemleri: Kalp ritmi \u00f6l\u00e7me, v\u00fccut \u0131s\u0131s\u0131 ve nefes h\u0131z\u0131 izleme gibi \u00f6zelliklerle sa\u011fl\u0131k durumunuzu kontrol alt\u0131nda tutun. Ad\u0131msayar, egzersiz ve su i\u00e7me hat\u0131rlat\u0131c\u0131lar\u0131 sayesinde sa\u011fl\u0131kl\u0131 bir ya\u015fam tarz\u0131 olu\u015fturun. Spor ve Rahatl\u0131k: Farkl\u0131 spor modlar\u0131, kronometre ve enerji tasarruf modu ile aktif bir hayat\u0131 destekler. Rahats\u0131z etmeyin modu sayesinde ise istedi\u011finiz an kesintisiz bir odaklanma sa\u011flayabilirsiniz. Ekstra \u0130\u015flevler: Hesap makinesi, k\u0131sa video uzaktan kumanda, s\u00fcrekli g\u00fcncel hava durumu ve art\u0131r\u0131lm\u0131\u015f g\u00fcvenlik \u00f6zellikleriyle \u00e7ok y\u00f6nl\u00fc bir kullan\u0131m sunar.<\/p>\n","protected":false},"featured_media":49140,"comment_status":"open","ping_status":"closed","template":"","meta":{"_kad_post_transparent":"","_kad_post_title":"","_kad_post_layout":"","_kad_post_sidebar_id":"","_kad_post_content_style":"","_kad_post_vertical_padding":"","_kad_post_feature":"","_kad_post_feature_position":"","_kad_post_header":false,"_kad_post_footer":false,"_kad_post_classname":""},"product_brand":[],"product_cat":[23],"product_tag":[],"class_list":{"0":"post-49141","1":"product","2":"type-product","3":"status-publish","4":"has-post-thumbnail","6":"product_cat-genel","8":"first","9":"instock","10":"purchasable","11":"product-type-simple","12":"entry","13":"content-bg","14":"loop-entry"},"_links":{"self":[{"href":"https:\/\/www.hediyepazar.com\/index.php?rest_route=\/wp\/v2\/product\/49141","targetHints":{"allow":["GET"]}}],"collection":[{"href":"https:\/\/www.hediyepazar.com\/index.php?rest_route=\/wp\/v2\/product"}],"about":[{"href":"https:\/\/www.hediyepazar.com\/index.php?rest_route=\/wp\/v2\/types\/product"}],"replies":[{"embeddable":true,"href":"https:\/\/www.hediyepazar.com\/index.php?rest_route=%2Fwp%2Fv2%2Fcomments&post=49141"}],"wp:featuredmedia":[{"embeddable":true,"href":"https:\/\/www.hediyepazar.com\/index.php?rest_route=\/wp\/v2\/media\/49140"}],"wp:attachment":[{"href":"https:\/\/www.hediyepazar.com\/index.php?rest_route=%2Fwp%2Fv2%2Fmedia&parent=49141"}],"wp:term":[{"taxonomy":"product_brand","embeddable":true,"href":"https:\/\/www.hediyepazar.com\/index.php?rest_route=%2Fwp%2Fv2%2Fproduct_brand&post=49141"},{"taxonomy":"product_cat","embeddable":true,"href":"https:\/\/www.hediyepazar.com\/index.php?rest_route=%2Fwp%2Fv2%2Fproduct_cat&post=49141"},{"taxonomy":"product_tag","embeddable":true,"href":"https:\/\/www.hediyepazar.com\/index.php?rest_route=%2Fwp%2Fv2%2Fproduct_tag&post=49141"}],"curies":[{"name":"wp","href":"https:\/\/api.w.org\/{rel}","templated":true}]}}