{"id":49169,"date":"2026-04-27T02:03:13","date_gmt":"2026-04-27T05:03:13","guid":{"rendered":"https:\/\/www.hediyepazar.com\/?product=protez-tirnak-kurutma"},"modified":"2026-04-27T02:03:13","modified_gmt":"2026-04-27T05:03:13","slug":"protez-tirnak-kurutma","status":"publish","type":"product","link":"https:\/\/www.hediyepazar.com\/?product=protez-tirnak-kurutma","title":{"rendered":"Protez T\u0131rnak Kurutma"},"content":{"rendered":"","protected":false},"excerpt":{"rendered":"<p>Mini boyutu ile son derece ta\u015f\u0131nabilir olan bu oje kurutma cihaz\u0131, her zaman ve her yerde kolayca kullan\u0131labilir. 16 watt g\u00fcc\u00fcndeki LED \u0131\u015f\u0131klar\u0131 sayesinde ojelerinizi h\u0131zl\u0131 ve etkili bir \u015fekilde kurutma imk\u00e2n\u0131 sunar. \u00dc\u00e7 adet LED \u0131\u015f\u0131\u011f\u0131, ojenizin her noktaya e\u015fit \u015fekilde yay\u0131lmas\u0131n\u0131 sa\u011flayarak h\u0131zl\u0131 kuruma s\u00fcreci sunar. UV LED teknolojisi, t\u0131rnaklar\u0131n\u0131za zarar vermeden, ojenizin uzun s\u00fcre dayanmas\u0131n\u0131 ve parlak g\u00f6r\u00fcnmesini destekler. Cihaz, kullan\u0131m talimatlar\u0131na uygun \u015fekilde parma\u011f\u0131n\u0131za dikkat etmenizi hat\u0131rlatarak g\u00fcvenli ve konforlu bir deneyim ya\u015fat\u0131r. Kompakt yap\u0131s\u0131, ta\u015f\u0131ma kolayl\u0131\u011f\u0131 ve etkili kurutma \u00f6zellikleri ile t\u0131rnak bak\u0131mlar\u0131n\u0131 daha verimli ve keyifli hale getirir. \u00a0 \u00a0<\/p>\n","protected":false},"featured_media":49168,"comment_status":"open","ping_status":"closed","template":"","meta":{"_kad_post_transparent":"","_kad_post_title":"","_kad_post_layout":"","_kad_post_sidebar_id":"","_kad_post_content_style":"","_kad_post_vertical_padding":"","_kad_post_feature":"","_kad_post_feature_position":"","_kad_post_header":false,"_kad_post_footer":false,"_kad_post_classname":""},"product_brand":[],"product_cat":[23],"product_tag":[],"class_list":{"0":"post-49169","1":"product","2":"type-product","3":"status-publish","4":"has-post-thumbnail","6":"product_cat-genel","8":"first","9":"instock","10":"purchasable","11":"product-type-simple","12":"entry","13":"content-bg","14":"loop-entry"},"_links":{"self":[{"href":"https:\/\/www.hediyepazar.com\/index.php?rest_route=\/wp\/v2\/product\/49169","targetHints":{"allow":["GET"]}}],"collection":[{"href":"https:\/\/www.hediyepazar.com\/index.php?rest_route=\/wp\/v2\/product"}],"about":[{"href":"https:\/\/www.hediyepazar.com\/index.php?rest_route=\/wp\/v2\/types\/product"}],"replies":[{"embeddable":true,"href":"https:\/\/www.hediyepazar.com\/index.php?rest_route=%2Fwp%2Fv2%2Fcomments&post=49169"}],"wp:featuredmedia":[{"embeddable":true,"href":"https:\/\/www.hediyepazar.com\/index.php?rest_route=\/wp\/v2\/media\/49168"}],"wp:attachment":[{"href":"https:\/\/www.hediyepazar.com\/index.php?rest_route=%2Fwp%2Fv2%2Fmedia&parent=49169"}],"wp:term":[{"taxonomy":"product_brand","embeddable":true,"href":"https:\/\/www.hediyepazar.com\/index.php?rest_route=%2Fwp%2Fv2%2Fproduct_brand&post=49169"},{"taxonomy":"product_cat","embeddable":true,"href":"https:\/\/www.hediyepazar.com\/index.php?rest_route=%2Fwp%2Fv2%2Fproduct_cat&post=49169"},{"taxonomy":"product_tag","embeddable":true,"href":"https:\/\/www.hediyepazar.com\/index.php?rest_route=%2Fwp%2Fv2%2Fproduct_tag&post=49169"}],"curies":[{"name":"wp","href":"https:\/\/api.w.org\/{rel}","templated":true}]}}