{"id":49171,"date":"2026-04-27T02:03:15","date_gmt":"2026-04-27T05:03:15","guid":{"rendered":"https:\/\/www.hediyepazar.com\/?product=siyah-nokta-cihazi"},"modified":"2026-04-27T02:03:15","modified_gmt":"2026-04-27T05:03:15","slug":"siyah-nokta-cihazi","status":"publish","type":"product","link":"https:\/\/www.hediyepazar.com\/?product=siyah-nokta-cihazi","title":{"rendered":"Siyah Nokta Cihaz\u0131"},"content":{"rendered":"","protected":false},"excerpt":{"rendered":"<p>T\u00fcm bu \u00f6zellikler g\u00fczelle\u015fmeye yard\u0131mc\u0131 olan uygulamalard\u0131r. Siyah noktalar\u0131 a\u011fr\u0131s\u0131z bir \u015fekilde gideren ve s\u0131kma yapmadan g\u00f6zenekleri t\u0131kayan odaklanm\u0131\u015f bir \u00f6zelli\u011fine sahiptir. Kablosuz ve ta\u015f\u0131nabilir \u00fcnite bir ayar \u00fc\u00e7l\u00fcs\u00fcne sahiptir ve t\u00fcm ihtiya\u00e7lar\u0131n\u0131z\u0131 kar\u015f\u0131layan 4 ba\u011flant\u0131 kafas\u0131 ile birlikte gelir. K\u00fc\u00e7\u00fck kafa, g\u00fcnl\u00fck kullan\u0131m i\u00e7in m\u00fckemmel yumu\u015fak bir sa\u011flar. B\u00fcy\u00fck kafan\u0131n siyah nokta i\u00e7in m\u00fckemmel bir g\u00fcc\u00fc vard\u0131r. Oval kafa, burun ve a\u011f\u0131z k\u00f6\u015felerine girmek i\u00e7in oval bir a\u00e7\u0131kl\u0131\u011fa sahiptir. Usb ile \u015farj kolayl\u0131\u011f\u0131. 5 kademe \u00e7al\u0131\u015fma h\u0131z\u0131.<\/p>\n","protected":false},"featured_media":49170,"comment_status":"open","ping_status":"closed","template":"","meta":{"_kad_post_transparent":"","_kad_post_title":"","_kad_post_layout":"","_kad_post_sidebar_id":"","_kad_post_content_style":"","_kad_post_vertical_padding":"","_kad_post_feature":"","_kad_post_feature_position":"","_kad_post_header":false,"_kad_post_footer":false,"_kad_post_classname":""},"product_brand":[],"product_cat":[23],"product_tag":[],"class_list":{"0":"post-49171","1":"product","2":"type-product","3":"status-publish","4":"has-post-thumbnail","6":"product_cat-genel","8":"first","9":"instock","10":"purchasable","11":"product-type-simple","12":"entry","13":"content-bg","14":"loop-entry"},"_links":{"self":[{"href":"https:\/\/www.hediyepazar.com\/index.php?rest_route=\/wp\/v2\/product\/49171","targetHints":{"allow":["GET"]}}],"collection":[{"href":"https:\/\/www.hediyepazar.com\/index.php?rest_route=\/wp\/v2\/product"}],"about":[{"href":"https:\/\/www.hediyepazar.com\/index.php?rest_route=\/wp\/v2\/types\/product"}],"replies":[{"embeddable":true,"href":"https:\/\/www.hediyepazar.com\/index.php?rest_route=%2Fwp%2Fv2%2Fcomments&post=49171"}],"wp:featuredmedia":[{"embeddable":true,"href":"https:\/\/www.hediyepazar.com\/index.php?rest_route=\/wp\/v2\/media\/49170"}],"wp:attachment":[{"href":"https:\/\/www.hediyepazar.com\/index.php?rest_route=%2Fwp%2Fv2%2Fmedia&parent=49171"}],"wp:term":[{"taxonomy":"product_brand","embeddable":true,"href":"https:\/\/www.hediyepazar.com\/index.php?rest_route=%2Fwp%2Fv2%2Fproduct_brand&post=49171"},{"taxonomy":"product_cat","embeddable":true,"href":"https:\/\/www.hediyepazar.com\/index.php?rest_route=%2Fwp%2Fv2%2Fproduct_cat&post=49171"},{"taxonomy":"product_tag","embeddable":true,"href":"https:\/\/www.hediyepazar.com\/index.php?rest_route=%2Fwp%2Fv2%2Fproduct_tag&post=49171"}],"curies":[{"name":"wp","href":"https:\/\/api.w.org\/{rel}","templated":true}]}}