{"id":49209,"date":"2026-04-27T02:03:44","date_gmt":"2026-04-27T05:03:44","guid":{"rendered":"https:\/\/www.hediyepazar.com\/?product=rd3583-tiras-makinesi"},"modified":"2026-04-27T02:11:35","modified_gmt":"2026-04-27T05:11:35","slug":"rd3583-tiras-makinesi","status":"publish","type":"product","link":"https:\/\/www.hediyepazar.com\/?product=rd3583-tiras-makinesi","title":{"rendered":"Rd3583 T\u0131ra\u015f Makinesi"},"content":{"rendered":"","protected":false},"excerpt":{"rendered":"<p>Sa\u00e7 ve sakal t\u0131ra\u015f ihtiya\u00e7lar\u0131n\u0131z\u0131 tek bir cihazla kar\u015f\u0131lay\u0131n \u015farjl\u0131 t\u0131ra\u015f makinesi, hem sa\u00e7 hem de sakal kesimlerinizi kolayca yapman\u0131z\u0131 sa\u011flar 2 y\u0131l ithalat\u00e7\u0131 garantisi ile g\u00fcvenle kullan\u0131n herhangi bir sorun kar\u015f\u0131s\u0131nda destek alman\u0131n rahatl\u0131\u011f\u0131n\u0131 ya\u015fay\u0131n Kuru kullan\u0131m \u00f6zelli\u011fi sayesinde suya ihtiya\u00e7 duymadan h\u0131zl\u0131 ve pratik bir \u015fekilde t\u0131ra\u015f olman\u0131z\u0131 sa\u011flar \u015earj edilebilir yap\u0131s\u0131 ile kablosuz \u00f6zg\u00fcrl\u00fck sunar hareket halindeyken bile kesintisiz t\u0131ra\u015f deneyimi ya\u015fat\u0131r<\/p>\n","protected":false},"featured_media":49573,"comment_status":"open","ping_status":"closed","template":"","meta":{"_kad_post_transparent":"","_kad_post_title":"","_kad_post_layout":"","_kad_post_sidebar_id":"","_kad_post_content_style":"","_kad_post_vertical_padding":"","_kad_post_feature":"","_kad_post_feature_position":"","_kad_post_header":false,"_kad_post_footer":false,"_kad_post_classname":""},"product_brand":[],"product_cat":[23],"product_tag":[],"class_list":{"0":"post-49209","1":"product","2":"type-product","3":"status-publish","4":"has-post-thumbnail","6":"product_cat-genel","8":"first","9":"instock","10":"purchasable","11":"product-type-simple","12":"entry","13":"content-bg","14":"loop-entry"},"_links":{"self":[{"href":"https:\/\/www.hediyepazar.com\/index.php?rest_route=\/wp\/v2\/product\/49209","targetHints":{"allow":["GET"]}}],"collection":[{"href":"https:\/\/www.hediyepazar.com\/index.php?rest_route=\/wp\/v2\/product"}],"about":[{"href":"https:\/\/www.hediyepazar.com\/index.php?rest_route=\/wp\/v2\/types\/product"}],"replies":[{"embeddable":true,"href":"https:\/\/www.hediyepazar.com\/index.php?rest_route=%2Fwp%2Fv2%2Fcomments&post=49209"}],"wp:featuredmedia":[{"embeddable":true,"href":"https:\/\/www.hediyepazar.com\/index.php?rest_route=\/wp\/v2\/media\/49573"}],"wp:attachment":[{"href":"https:\/\/www.hediyepazar.com\/index.php?rest_route=%2Fwp%2Fv2%2Fmedia&parent=49209"}],"wp:term":[{"taxonomy":"product_brand","embeddable":true,"href":"https:\/\/www.hediyepazar.com\/index.php?rest_route=%2Fwp%2Fv2%2Fproduct_brand&post=49209"},{"taxonomy":"product_cat","embeddable":true,"href":"https:\/\/www.hediyepazar.com\/index.php?rest_route=%2Fwp%2Fv2%2Fproduct_cat&post=49209"},{"taxonomy":"product_tag","embeddable":true,"href":"https:\/\/www.hediyepazar.com\/index.php?rest_route=%2Fwp%2Fv2%2Fproduct_tag&post=49209"}],"curies":[{"name":"wp","href":"https:\/\/api.w.org\/{rel}","templated":true}]}}