{"id":49211,"date":"2026-04-27T02:03:47","date_gmt":"2026-04-27T05:03:47","guid":{"rendered":"https:\/\/www.hediyepazar.com\/?product=tirnak-torpu"},"modified":"2026-04-27T02:10:13","modified_gmt":"2026-04-27T05:10:13","slug":"tirnak-torpu","status":"publish","type":"product","link":"https:\/\/www.hediyepazar.com\/?product=tirnak-torpu","title":{"rendered":"T\u0131rnak T\u00f6rp\u00fc"},"content":{"rendered":"","protected":false},"excerpt":{"rendered":"<p>Bu t\u0131rnak sanat makinesi i\u00e7in profesyonel bir t\u0131rnak matkap ucu. K\u00fc\u00e7\u00fck boyutlu ve kuspidal tasar\u0131m, t\u0131rnaklar\u0131n\u0131z\u0131n yak\u0131n\u0131ndaki \u00f6l\u00fc cildi \u00e7\u0131karman\u0131z\u0131 kolayla\u015ft\u0131r\u0131r. Ayr\u0131ca parmak t\u0131rnaklar\u0131 ve ayak t\u0131rnaklar\u0131 i\u00e7in \u00f6l\u00fc cildi \u00e7\u0131karmak i\u00e7in kullan\u0131labilir. Pas kolay de\u011fildir ve profesyonel t\u0131rnak sanat salonu veya ki\u015fisel kullan\u0131m i\u00e7in uygun bir\u00e7ok kullan\u0131m var. Herhangi bir pozisyonda kullan\u0131m\u0131 kolay hassas operasyon i\u00e7in t\u00fcm d\u00f6ner alet aksesuarlar\u0131 hafif tasar\u0131m kabul eder g\u00fczel g\u00f6r\u00fcn\u00fcm zarif, sofistike, aerodinamik tasar\u0131m tamamen insan-makine m\u00fchendisli\u011fi kavram\u0131n\u0131 somutla\u015ft\u0131r\u0131r. Ge\u00e7meli tip sa\u011flam bir yap\u0131ya sahip \u015fekil, g\u00fcvenli ve kolay kullan\u0131m, ger\u00e7ek \u00f6zg\u00fcnl\u00fck. Geleneksel sistem benzersiz \u00e7ift amortis\u00f6r yap\u0131s\u0131, \u00d6zellikler: Model: yaz\u0131l\u0131 ta\u015flama makinesi Pensetler tipi: 2.4mm Giri\u015f voltaj\u0131: 110V-240V H\u0131z: 3,000 ila 99,000 RPM Frekans: 50\/60HZ Boyutu: 13.8&#215;2.8cm Renk: g\u00fcl k\u0131rm\u0131z\u0131\/pembe\/beyaz Fi\u015f tipi: USB \u015farj Paket i\u00e7eri\u011fi: 1 x elektrikli t\u0131rnak matkap makinesi 1 x g\u00fc\u00e7 hatt\u0131 6 x Frinder u\u00e7lar\u0131 6 x z\u0131mpara bantlar\u0131 1 x manuel<\/p>\n","protected":false},"featured_media":49517,"comment_status":"open","ping_status":"closed","template":"","meta":{"_kad_post_transparent":"","_kad_post_title":"","_kad_post_layout":"","_kad_post_sidebar_id":"","_kad_post_content_style":"","_kad_post_vertical_padding":"","_kad_post_feature":"","_kad_post_feature_position":"","_kad_post_header":false,"_kad_post_footer":false,"_kad_post_classname":""},"product_brand":[],"product_cat":[23],"product_tag":[],"class_list":{"0":"post-49211","1":"product","2":"type-product","3":"status-publish","4":"has-post-thumbnail","6":"product_cat-genel","8":"first","9":"instock","10":"purchasable","11":"product-type-simple","12":"entry","13":"content-bg","14":"loop-entry"},"_links":{"self":[{"href":"https:\/\/www.hediyepazar.com\/index.php?rest_route=\/wp\/v2\/product\/49211","targetHints":{"allow":["GET"]}}],"collection":[{"href":"https:\/\/www.hediyepazar.com\/index.php?rest_route=\/wp\/v2\/product"}],"about":[{"href":"https:\/\/www.hediyepazar.com\/index.php?rest_route=\/wp\/v2\/types\/product"}],"replies":[{"embeddable":true,"href":"https:\/\/www.hediyepazar.com\/index.php?rest_route=%2Fwp%2Fv2%2Fcomments&post=49211"}],"wp:featuredmedia":[{"embeddable":true,"href":"https:\/\/www.hediyepazar.com\/index.php?rest_route=\/wp\/v2\/media\/49517"}],"wp:attachment":[{"href":"https:\/\/www.hediyepazar.com\/index.php?rest_route=%2Fwp%2Fv2%2Fmedia&parent=49211"}],"wp:term":[{"taxonomy":"product_brand","embeddable":true,"href":"https:\/\/www.hediyepazar.com\/index.php?rest_route=%2Fwp%2Fv2%2Fproduct_brand&post=49211"},{"taxonomy":"product_cat","embeddable":true,"href":"https:\/\/www.hediyepazar.com\/index.php?rest_route=%2Fwp%2Fv2%2Fproduct_cat&post=49211"},{"taxonomy":"product_tag","embeddable":true,"href":"https:\/\/www.hediyepazar.com\/index.php?rest_route=%2Fwp%2Fv2%2Fproduct_tag&post=49211"}],"curies":[{"name":"wp","href":"https:\/\/api.w.org\/{rel}","templated":true}]}}