{"id":49236,"date":"2026-04-27T02:04:18","date_gmt":"2026-04-27T05:04:18","guid":{"rendered":"https:\/\/www.hediyepazar.com\/?product=13-parca-makyaj-seti"},"modified":"2026-04-27T02:04:18","modified_gmt":"2026-04-27T05:04:18","slug":"13-parca-makyaj-seti","status":"publish","type":"product","link":"https:\/\/www.hediyepazar.com\/?product=13-parca-makyaj-seti","title":{"rendered":"13 Par\u00e7a Makyaj Seti"},"content":{"rendered":"","protected":false},"excerpt":{"rendered":"<p>Makyaj f\u0131r\u00e7a seti, her makyaj tutkununun ihtiya\u00e7 duydu\u011fu yumu\u015fak, dayan\u0131kl\u0131 ve kullan\u0131\u015fl\u0131 f\u0131r\u00e7alar\u0131 bir araya getiren eksiksiz bir settir. Y\u00fcksek kaliteli yumu\u015fak k\u0131llara sahip olan bu f\u0131r\u00e7alar, cilde nazik\u00e7e dokunarak p\u00fcr\u00fczs\u00fcz ve kusursuz bir makyaj uygulamas\u0131 sunar. Hassas ciltler de dahil olmak \u00fczere t\u00fcm cilt tipleriyle uyumlu olan bu f\u0131r\u00e7alar, cilt \u00fczerinde rahat bir his b\u0131rak\u0131rken, \u00fcr\u00fcnlerin homojen bir \u015fekilde da\u011f\u0131lmas\u0131n\u0131 sa\u011flar. \u00dcstelik f\u0131r\u00e7a k\u0131llar\u0131, gev\u015fek ve preslenmi\u015f pudra gibi \u00e7e\u015fitli makyaj \u00fcr\u00fcnlerini m\u00fckemmel bir \u015fekilde tutarak etkili bir uygulama imkan\u0131 sunar.<\/p>\n","protected":false},"featured_media":49235,"comment_status":"open","ping_status":"closed","template":"","meta":{"_kad_post_transparent":"","_kad_post_title":"","_kad_post_layout":"","_kad_post_sidebar_id":"","_kad_post_content_style":"","_kad_post_vertical_padding":"","_kad_post_feature":"","_kad_post_feature_position":"","_kad_post_header":false,"_kad_post_footer":false,"_kad_post_classname":""},"product_brand":[],"product_cat":[23],"product_tag":[],"class_list":{"0":"post-49236","1":"product","2":"type-product","3":"status-publish","4":"has-post-thumbnail","6":"product_cat-genel","8":"first","9":"instock","10":"purchasable","11":"product-type-simple","12":"entry","13":"content-bg","14":"loop-entry"},"_links":{"self":[{"href":"https:\/\/www.hediyepazar.com\/index.php?rest_route=\/wp\/v2\/product\/49236","targetHints":{"allow":["GET"]}}],"collection":[{"href":"https:\/\/www.hediyepazar.com\/index.php?rest_route=\/wp\/v2\/product"}],"about":[{"href":"https:\/\/www.hediyepazar.com\/index.php?rest_route=\/wp\/v2\/types\/product"}],"replies":[{"embeddable":true,"href":"https:\/\/www.hediyepazar.com\/index.php?rest_route=%2Fwp%2Fv2%2Fcomments&post=49236"}],"wp:featuredmedia":[{"embeddable":true,"href":"https:\/\/www.hediyepazar.com\/index.php?rest_route=\/wp\/v2\/media\/49235"}],"wp:attachment":[{"href":"https:\/\/www.hediyepazar.com\/index.php?rest_route=%2Fwp%2Fv2%2Fmedia&parent=49236"}],"wp:term":[{"taxonomy":"product_brand","embeddable":true,"href":"https:\/\/www.hediyepazar.com\/index.php?rest_route=%2Fwp%2Fv2%2Fproduct_brand&post=49236"},{"taxonomy":"product_cat","embeddable":true,"href":"https:\/\/www.hediyepazar.com\/index.php?rest_route=%2Fwp%2Fv2%2Fproduct_cat&post=49236"},{"taxonomy":"product_tag","embeddable":true,"href":"https:\/\/www.hediyepazar.com\/index.php?rest_route=%2Fwp%2Fv2%2Fproduct_tag&post=49236"}],"curies":[{"name":"wp","href":"https:\/\/api.w.org\/{rel}","templated":true}]}}