{"id":49242,"date":"2026-04-27T02:04:22","date_gmt":"2026-04-27T05:04:22","guid":{"rendered":"https:\/\/www.hediyepazar.com\/?product=mini-sac-duzlestirici"},"modified":"2026-04-27T02:04:22","modified_gmt":"2026-04-27T05:04:22","slug":"mini-sac-duzlestirici","status":"publish","type":"product","link":"https:\/\/www.hediyepazar.com\/?product=mini-sac-duzlestirici","title":{"rendered":"Mini Sa\u00e7 D\u00fczle\u015ftirici"},"content":{"rendered":"","protected":false},"excerpt":{"rendered":"<p>Mini Sa\u00e7 D\u00fczle\u015ftirici \u2013 Seyahat Tipi (1)Maksimum s\u0131cakl\u0131k saniyede 200 santigrat. (2)G\u00fcvenli kullan\u0131m sa\u011flamak i\u00e7in y\u00fcksek s\u0131cakl\u0131\u011fa dayan\u0131kl\u0131 ve y\u00fcksek yo\u011funluklu plastik kabuk. (3)Ptc \u0131s\u0131t\u0131c\u0131 an\u0131nda \u0131s\u0131nma, \u0131s\u0131 geri kazan\u0131m\u0131 ve kararl\u0131 \u00e7al\u0131\u015fma sa\u011flar. G\u00fc\u00e7 \u0131\u015f\u0131\u011f\u0131 ile basit a\u00e7ma\/kapama d\u00fc\u011fmesi. (4) s\u0131radan sa\u00e7 d\u00fczle\u015ftiriciler ile kar\u015f\u0131la\u015ft\u0131r\u0131ld\u0131\u011f\u0131nda, \u015f\u0131k, zarif ve hafif ve ultra ince tasar\u0131m\u0131 seyahat ederken olduk\u00e7a kolayl\u0131k sa\u011flar. (5)D\u00fczle\u015ftirdikten sonra sa\u00e7larda ipeksi, p\u00fcr\u00fczs\u00fcz ve parlak bir g\u00f6r\u00fcnt\u00fc elde edilir. (6)Kaygan seramik plaka kolay kullan\u0131m sa\u011flar. Paket: 1 ad. mini sa\u00e7 d\u00fczle\u015ftirici.<\/p>\n","protected":false},"featured_media":49241,"comment_status":"open","ping_status":"closed","template":"","meta":{"_kad_post_transparent":"","_kad_post_title":"","_kad_post_layout":"","_kad_post_sidebar_id":"","_kad_post_content_style":"","_kad_post_vertical_padding":"","_kad_post_feature":"","_kad_post_feature_position":"","_kad_post_header":false,"_kad_post_footer":false,"_kad_post_classname":""},"product_brand":[],"product_cat":[23],"product_tag":[],"class_list":{"0":"post-49242","1":"product","2":"type-product","3":"status-publish","4":"has-post-thumbnail","6":"product_cat-genel","8":"first","9":"instock","10":"purchasable","11":"product-type-simple","12":"entry","13":"content-bg","14":"loop-entry"},"_links":{"self":[{"href":"https:\/\/www.hediyepazar.com\/index.php?rest_route=\/wp\/v2\/product\/49242","targetHints":{"allow":["GET"]}}],"collection":[{"href":"https:\/\/www.hediyepazar.com\/index.php?rest_route=\/wp\/v2\/product"}],"about":[{"href":"https:\/\/www.hediyepazar.com\/index.php?rest_route=\/wp\/v2\/types\/product"}],"replies":[{"embeddable":true,"href":"https:\/\/www.hediyepazar.com\/index.php?rest_route=%2Fwp%2Fv2%2Fcomments&post=49242"}],"wp:featuredmedia":[{"embeddable":true,"href":"https:\/\/www.hediyepazar.com\/index.php?rest_route=\/wp\/v2\/media\/49241"}],"wp:attachment":[{"href":"https:\/\/www.hediyepazar.com\/index.php?rest_route=%2Fwp%2Fv2%2Fmedia&parent=49242"}],"wp:term":[{"taxonomy":"product_brand","embeddable":true,"href":"https:\/\/www.hediyepazar.com\/index.php?rest_route=%2Fwp%2Fv2%2Fproduct_brand&post=49242"},{"taxonomy":"product_cat","embeddable":true,"href":"https:\/\/www.hediyepazar.com\/index.php?rest_route=%2Fwp%2Fv2%2Fproduct_cat&post=49242"},{"taxonomy":"product_tag","embeddable":true,"href":"https:\/\/www.hediyepazar.com\/index.php?rest_route=%2Fwp%2Fv2%2Fproduct_tag&post=49242"}],"curies":[{"name":"wp","href":"https:\/\/api.w.org\/{rel}","templated":true}]}}