{"id":49246,"date":"2026-04-27T02:04:26","date_gmt":"2026-04-27T05:04:26","guid":{"rendered":"https:\/\/www.hediyepazar.com\/?product=rado-rd-446-mukemmel-duzluk-ve-parlaklik"},"modified":"2026-04-27T02:04:26","modified_gmt":"2026-04-27T05:04:26","slug":"rado-rd-446-mukemmel-duzluk-ve-parlaklik","status":"publish","type":"product","link":"https:\/\/www.hediyepazar.com\/?product=rado-rd-446-mukemmel-duzluk-ve-parlaklik","title":{"rendered":"Rado Rd-446 M\u00fckemmel D\u00fczl\u00fck Ve Parlakl\u0131k"},"content":{"rendered":"","protected":false},"excerpt":{"rendered":"<p>Her sa\u00e7 tipi farkl\u0131d\u0131r ve Rado RD-446 bunu bilir! Bu d\u00fczle\u015ftirici, sa\u00e7lar\u0131n\u0131z\u0131n ihtiyac\u0131na g\u00f6re s\u0131cakl\u0131k seviyesini ayarlaman\u0131za olanak tan\u0131yan dijital ekranl\u0131 ak\u0131ll\u0131 bir sistemle donat\u0131lm\u0131\u015ft\u0131r. \u0130nce telli sa\u00e7lardan kal\u0131n telli ve k\u0131v\u0131rc\u0131k sa\u00e7lara kadar t\u00fcm sa\u00e7 tipleri i\u00e7in uygun s\u0131cakl\u0131k seviyeleri sunar. Titanyum seramik plakalar\u0131 sayesinde sa\u00e7lar\u0131n\u0131z d\u00fczle\u015firken ayn\u0131 zamanda parlakl\u0131k ve yumu\u015fakl\u0131k kazan\u0131r. Nem koruma sens\u00f6r\u00fc sayesinde sa\u00e7taki nem dengesi korunur ve \u0131s\u0131 sa\u00e7 yap\u0131s\u0131na zarar vermez. Kullan\u0131m sonras\u0131 cihaz\u0131n g\u00fcvenli bir \u015fekilde saklanabilmesi i\u00e7in g\u00fcvenlik kilidi mevcuttur. Seyahatlerde ta\u015f\u0131maya uygun, kompakt ve \u015f\u0131k tasar\u0131m\u0131yla her zaman yan\u0131n\u0131zda.<\/p>\n","protected":false},"featured_media":49245,"comment_status":"open","ping_status":"closed","template":"","meta":{"_kad_post_transparent":"","_kad_post_title":"","_kad_post_layout":"","_kad_post_sidebar_id":"","_kad_post_content_style":"","_kad_post_vertical_padding":"","_kad_post_feature":"","_kad_post_feature_position":"","_kad_post_header":false,"_kad_post_footer":false,"_kad_post_classname":""},"product_brand":[],"product_cat":[23],"product_tag":[],"class_list":{"0":"post-49246","1":"product","2":"type-product","3":"status-publish","4":"has-post-thumbnail","6":"product_cat-genel","8":"first","9":"instock","10":"purchasable","11":"product-type-simple","12":"entry","13":"content-bg","14":"loop-entry"},"_links":{"self":[{"href":"https:\/\/www.hediyepazar.com\/index.php?rest_route=\/wp\/v2\/product\/49246","targetHints":{"allow":["GET"]}}],"collection":[{"href":"https:\/\/www.hediyepazar.com\/index.php?rest_route=\/wp\/v2\/product"}],"about":[{"href":"https:\/\/www.hediyepazar.com\/index.php?rest_route=\/wp\/v2\/types\/product"}],"replies":[{"embeddable":true,"href":"https:\/\/www.hediyepazar.com\/index.php?rest_route=%2Fwp%2Fv2%2Fcomments&post=49246"}],"wp:featuredmedia":[{"embeddable":true,"href":"https:\/\/www.hediyepazar.com\/index.php?rest_route=\/wp\/v2\/media\/49245"}],"wp:attachment":[{"href":"https:\/\/www.hediyepazar.com\/index.php?rest_route=%2Fwp%2Fv2%2Fmedia&parent=49246"}],"wp:term":[{"taxonomy":"product_brand","embeddable":true,"href":"https:\/\/www.hediyepazar.com\/index.php?rest_route=%2Fwp%2Fv2%2Fproduct_brand&post=49246"},{"taxonomy":"product_cat","embeddable":true,"href":"https:\/\/www.hediyepazar.com\/index.php?rest_route=%2Fwp%2Fv2%2Fproduct_cat&post=49246"},{"taxonomy":"product_tag","embeddable":true,"href":"https:\/\/www.hediyepazar.com\/index.php?rest_route=%2Fwp%2Fv2%2Fproduct_tag&post=49246"}],"curies":[{"name":"wp","href":"https:\/\/api.w.org\/{rel}","templated":true}]}}