{"id":49254,"date":"2026-04-27T02:04:38","date_gmt":"2026-04-27T05:04:38","guid":{"rendered":"https:\/\/www.hediyepazar.com\/?product=hem-duzlestirici-hem-masa-sac-sekillendirici"},"modified":"2026-04-27T02:04:38","modified_gmt":"2026-04-27T05:04:38","slug":"hem-duzlestirici-hem-masa-sac-sekillendirici","status":"publish","type":"product","link":"https:\/\/www.hediyepazar.com\/?product=hem-duzlestirici-hem-masa-sac-sekillendirici","title":{"rendered":"Hem D\u00fczle\u015ftirici Hem Ma\u015fa Sa\u00e7 \u015eekillendirici"},"content":{"rendered":"","protected":false},"excerpt":{"rendered":"<p>Her sa\u00e7 tipine uygun olarak tasarlanan bu \u00e7ok y\u00f6nl\u00fc sa\u00e7 d\u00fczle\u015ftirici, 5 kademeli \u0131s\u0131 ayar\u0131yla kullan\u0131c\u0131lar\u0131na konfor sunar. 120\u00b0C\u2019den 200\u00b0C\u2019ye kadar de\u011fi\u015fen s\u0131cakl\u0131k se\u00e7enekleri, ince telli, hassas sa\u00e7lardan kal\u0131n telli, zor \u015fekil alan sa\u00e7lara kadar t\u00fcm sa\u00e7 tiplerinde etkili sonu\u00e7lar sa\u011flar. Seramik kaplama teknolojisi sayesinde \u0131s\u0131, sa\u00e7 y\u00fczeyine e\u015fit \u015fekilde yay\u0131l\u0131r ve k\u0131r\u0131lma riskini minimuma indirerek do\u011fal bir parlakl\u0131k kazand\u0131r\u0131r.Hem d\u00fczle\u015ftirici hem de ma\u015fa olarak kullan\u0131labilen bu cihaz, sa\u00e7\u0131n\u0131za farkl\u0131 stiller vermenize olanak tan\u0131r. Alt k\u0131s\u0131mda yer alan kilit mekanizmas\u0131n\u0131 kullanarak kolayca d\u00fczle\u015ftirme ve bukle yapma modlar\u0131 aras\u0131nda ge\u00e7i\u015f yapabilirsiniz. Ergonomik tasar\u0131m\u0131 ve 360\u00b0 d\u00f6nebilen kablo yap\u0131s\u0131yla elinizi yormadan rahat\u00e7a kullanabilirsiniz. 26 mm \u00e7ap\u0131ndaki ma\u015fas\u0131, profesyonel kalitede bukleler olu\u015ftururken sa\u00e7\u0131n\u0131z\u0131n her bir telini e\u015fit \u015fekilde \u015fekillendirir. \u015e\u0131k g\u00f6r\u00fcn\u00fcm\u00fc ve kompakt yap\u0131s\u0131yla hem estetik hem de i\u015flevsellik sunan bu sa\u00e7 d\u00fczle\u015ftirici, g\u00fcnl\u00fck sa\u00e7 bak\u0131m rutininizi daha keyifli hale getirir.<\/p>\n","protected":false},"featured_media":49253,"comment_status":"open","ping_status":"closed","template":"","meta":{"_kad_post_transparent":"","_kad_post_title":"","_kad_post_layout":"","_kad_post_sidebar_id":"","_kad_post_content_style":"","_kad_post_vertical_padding":"","_kad_post_feature":"","_kad_post_feature_position":"","_kad_post_header":false,"_kad_post_footer":false,"_kad_post_classname":""},"product_brand":[],"product_cat":[23],"product_tag":[],"class_list":{"0":"post-49254","1":"product","2":"type-product","3":"status-publish","4":"has-post-thumbnail","6":"product_cat-genel","8":"first","9":"instock","10":"purchasable","11":"product-type-simple","12":"entry","13":"content-bg","14":"loop-entry"},"_links":{"self":[{"href":"https:\/\/www.hediyepazar.com\/index.php?rest_route=\/wp\/v2\/product\/49254","targetHints":{"allow":["GET"]}}],"collection":[{"href":"https:\/\/www.hediyepazar.com\/index.php?rest_route=\/wp\/v2\/product"}],"about":[{"href":"https:\/\/www.hediyepazar.com\/index.php?rest_route=\/wp\/v2\/types\/product"}],"replies":[{"embeddable":true,"href":"https:\/\/www.hediyepazar.com\/index.php?rest_route=%2Fwp%2Fv2%2Fcomments&post=49254"}],"wp:featuredmedia":[{"embeddable":true,"href":"https:\/\/www.hediyepazar.com\/index.php?rest_route=\/wp\/v2\/media\/49253"}],"wp:attachment":[{"href":"https:\/\/www.hediyepazar.com\/index.php?rest_route=%2Fwp%2Fv2%2Fmedia&parent=49254"}],"wp:term":[{"taxonomy":"product_brand","embeddable":true,"href":"https:\/\/www.hediyepazar.com\/index.php?rest_route=%2Fwp%2Fv2%2Fproduct_brand&post=49254"},{"taxonomy":"product_cat","embeddable":true,"href":"https:\/\/www.hediyepazar.com\/index.php?rest_route=%2Fwp%2Fv2%2Fproduct_cat&post=49254"},{"taxonomy":"product_tag","embeddable":true,"href":"https:\/\/www.hediyepazar.com\/index.php?rest_route=%2Fwp%2Fv2%2Fproduct_tag&post=49254"}],"curies":[{"name":"wp","href":"https:\/\/api.w.org\/{rel}","templated":true}]}}