{"id":49256,"date":"2026-04-27T02:04:40","date_gmt":"2026-04-27T05:04:40","guid":{"rendered":"https:\/\/www.hediyepazar.com\/?product=12-parca-profesyonel-makyaj-firca-seti"},"modified":"2026-04-27T02:12:16","modified_gmt":"2026-04-27T05:12:16","slug":"12-parca-profesyonel-makyaj-firca-seti","status":"publish","type":"product","link":"https:\/\/www.hediyepazar.com\/?product=12-parca-profesyonel-makyaj-firca-seti","title":{"rendered":"12 Par\u00e7a Profesyonel Makyaj F\u0131r\u00e7a Seti"},"content":{"rendered":"","protected":false},"excerpt":{"rendered":"<p>Makyaj tutkunlar\u0131 i\u00e7in \u00f6zel olarak tasarlanm\u0131\u015f 12\u2019li profesyonel makyaj f\u0131r\u00e7a seti, kusursuz bir makyaj deneyimi sunar. Her t\u00fcrl\u00fc makyaj ihtiyac\u0131n\u0131z\u0131 kar\u015f\u0131lamak \u00fczere \u00f6zenle se\u00e7ilmi\u015f bu set, fond\u00f6ten uygulamalar\u0131ndan g\u00f6z far\u0131 kar\u0131\u015ft\u0131rmaya kadar geni\u015f bir kullan\u0131m alan\u0131 sunar. Ultra yumu\u015fak ve y\u00fcksek kaliteli sentetik k\u0131llar\u0131 sayesinde cildi tahri\u015f etmeden m\u00fckemmel bir da\u011f\u0131l\u0131m sa\u011flar. Ergonomik sap tasar\u0131m\u0131 ile kullan\u0131m\u0131 son derece rahatt\u0131r ve uzun s\u00fcreli makyaj uygulamalar\u0131nda bile konfor sunar. Hafif yap\u0131s\u0131 sayesinde \u00e7antan\u0131zda rahat\u00e7a ta\u015f\u0131yabilir, g\u00fcnl\u00fck makyaj rutinlerinizde ya da profesyonel uygulamalar\u0131n\u0131zda rahatl\u0131kla kullanabilirsiniz.<\/p>\n","protected":false},"featured_media":49613,"comment_status":"open","ping_status":"closed","template":"","meta":{"_kad_post_transparent":"","_kad_post_title":"","_kad_post_layout":"","_kad_post_sidebar_id":"","_kad_post_content_style":"","_kad_post_vertical_padding":"","_kad_post_feature":"","_kad_post_feature_position":"","_kad_post_header":false,"_kad_post_footer":false,"_kad_post_classname":""},"product_brand":[],"product_cat":[23],"product_tag":[],"class_list":{"0":"post-49256","1":"product","2":"type-product","3":"status-publish","4":"has-post-thumbnail","6":"product_cat-genel","8":"first","9":"instock","10":"purchasable","11":"product-type-simple","12":"entry","13":"content-bg","14":"loop-entry"},"_links":{"self":[{"href":"https:\/\/www.hediyepazar.com\/index.php?rest_route=\/wp\/v2\/product\/49256","targetHints":{"allow":["GET"]}}],"collection":[{"href":"https:\/\/www.hediyepazar.com\/index.php?rest_route=\/wp\/v2\/product"}],"about":[{"href":"https:\/\/www.hediyepazar.com\/index.php?rest_route=\/wp\/v2\/types\/product"}],"replies":[{"embeddable":true,"href":"https:\/\/www.hediyepazar.com\/index.php?rest_route=%2Fwp%2Fv2%2Fcomments&post=49256"}],"wp:featuredmedia":[{"embeddable":true,"href":"https:\/\/www.hediyepazar.com\/index.php?rest_route=\/wp\/v2\/media\/49613"}],"wp:attachment":[{"href":"https:\/\/www.hediyepazar.com\/index.php?rest_route=%2Fwp%2Fv2%2Fmedia&parent=49256"}],"wp:term":[{"taxonomy":"product_brand","embeddable":true,"href":"https:\/\/www.hediyepazar.com\/index.php?rest_route=%2Fwp%2Fv2%2Fproduct_brand&post=49256"},{"taxonomy":"product_cat","embeddable":true,"href":"https:\/\/www.hediyepazar.com\/index.php?rest_route=%2Fwp%2Fv2%2Fproduct_cat&post=49256"},{"taxonomy":"product_tag","embeddable":true,"href":"https:\/\/www.hediyepazar.com\/index.php?rest_route=%2Fwp%2Fv2%2Fproduct_tag&post=49256"}],"curies":[{"name":"wp","href":"https:\/\/api.w.org\/{rel}","templated":true}]}}