{"id":49258,"date":"2026-04-27T02:04:43","date_gmt":"2026-04-27T05:04:43","guid":{"rendered":"https:\/\/www.hediyepazar.com\/?product=sac-sekillendirici-duzlestirici-ve-masa-isi-ayarli"},"modified":"2026-04-27T02:04:43","modified_gmt":"2026-04-27T05:04:43","slug":"sac-sekillendirici-duzlestirici-ve-masa-isi-ayarli","status":"publish","type":"product","link":"https:\/\/www.hediyepazar.com\/?product=sac-sekillendirici-duzlestirici-ve-masa-isi-ayarli","title":{"rendered":"Sa\u00e7 \u015eekillendirici D\u00fczle\u015ftirici Ve Ma\u015fa Is\u0131 Ayarl\u0131"},"content":{"rendered":"","protected":false},"excerpt":{"rendered":"<p>5 farkl\u0131 \u0131s\u0131 seviyesine sahip olan dereceli d\u00fczle\u015ftirici, her sa\u00e7 tipi ve stil i\u00e7in \u00f6zelle\u015ftirilmi\u015f \u00e7\u00f6z\u00fcmler sunar. Seramik kaplamas\u0131 sayesinde sa\u00e7\u0131n\u0131za zarar vermeden y\u0131pranmay\u0131 \u00f6nler ve p\u00fcr\u00fczs\u00fcz bir g\u00f6r\u00fcn\u00fcm kazand\u0131r\u0131r. Maksimum 200 dereceye ula\u015fabilen bu d\u00fczle\u015ftirici, ayn\u0131 zamanda minimum 120 derece \u0131s\u0131 sunarak ince telli ve hassas sa\u00e7lara da uygun hale gelir. \u0130ster d\u00fczle\u015ftirici ister ma\u015fa olarak kullanabilece\u011finiz bu \u00e7ok y\u00f6nl\u00fc cihaz, sa\u00e7\u0131n\u0131za hem d\u00fcz hem de k\u0131v\u0131rc\u0131k \u015fekiller verebilmeniz i\u00e7in tasarlanm\u0131\u015ft\u0131r. Alt k\u0131s\u0131mda bulunan kilit tu\u015fu sayesinde kolayca mod de\u011fi\u015ftirebilirsiniz; d\u00fczle\u015ftirici veya ma\u015fa aras\u0131nda ge\u00e7i\u015f yapmak olduk\u00e7a basittir.Renkli ve \u015f\u0131k tasar\u0131m\u0131 ile dikkat \u00e7eken bu sa\u00e7 \u015fekillendirici, farkl\u0131 \u0131s\u0131 seviyeleriyle ince telli, boyal\u0131 ya da kal\u0131n telli sa\u00e7larda m\u00fckemmel sonu\u00e7lar verir. 26 mm ma\u015fa kal\u0131nl\u0131\u011f\u0131, sa\u00e7\u0131n\u0131z\u0131n her noktas\u0131na e\u015fit \u0131s\u0131 da\u011f\u0131l\u0131m\u0131 sa\u011flayarak pratik ve etkili bir \u015fekillendirme deneyimi sunar. Ergonomik yap\u0131s\u0131, d\u00f6ner kablo ucu ve hafif tasar\u0131m\u0131 sayesinde sa\u00e7 \u015fekillendirme i\u015flemleri hem h\u0131zl\u0131 hem de zahmetsiz bir hale gelir. Profesyonel sonu\u00e7lar elde etmek ve sa\u00e7 stilinizi kolayca de\u011fi\u015ftirmek i\u00e7in bu cihaz m\u00fckemmel bir se\u00e7imdir.<\/p>\n","protected":false},"featured_media":49257,"comment_status":"open","ping_status":"closed","template":"","meta":{"_kad_post_transparent":"","_kad_post_title":"","_kad_post_layout":"","_kad_post_sidebar_id":"","_kad_post_content_style":"","_kad_post_vertical_padding":"","_kad_post_feature":"","_kad_post_feature_position":"","_kad_post_header":false,"_kad_post_footer":false,"_kad_post_classname":""},"product_brand":[],"product_cat":[23],"product_tag":[],"class_list":{"0":"post-49258","1":"product","2":"type-product","3":"status-publish","4":"has-post-thumbnail","6":"product_cat-genel","8":"first","9":"instock","10":"purchasable","11":"product-type-simple","12":"entry","13":"content-bg","14":"loop-entry"},"_links":{"self":[{"href":"https:\/\/www.hediyepazar.com\/index.php?rest_route=\/wp\/v2\/product\/49258","targetHints":{"allow":["GET"]}}],"collection":[{"href":"https:\/\/www.hediyepazar.com\/index.php?rest_route=\/wp\/v2\/product"}],"about":[{"href":"https:\/\/www.hediyepazar.com\/index.php?rest_route=\/wp\/v2\/types\/product"}],"replies":[{"embeddable":true,"href":"https:\/\/www.hediyepazar.com\/index.php?rest_route=%2Fwp%2Fv2%2Fcomments&post=49258"}],"wp:featuredmedia":[{"embeddable":true,"href":"https:\/\/www.hediyepazar.com\/index.php?rest_route=\/wp\/v2\/media\/49257"}],"wp:attachment":[{"href":"https:\/\/www.hediyepazar.com\/index.php?rest_route=%2Fwp%2Fv2%2Fmedia&parent=49258"}],"wp:term":[{"taxonomy":"product_brand","embeddable":true,"href":"https:\/\/www.hediyepazar.com\/index.php?rest_route=%2Fwp%2Fv2%2Fproduct_brand&post=49258"},{"taxonomy":"product_cat","embeddable":true,"href":"https:\/\/www.hediyepazar.com\/index.php?rest_route=%2Fwp%2Fv2%2Fproduct_cat&post=49258"},{"taxonomy":"product_tag","embeddable":true,"href":"https:\/\/www.hediyepazar.com\/index.php?rest_route=%2Fwp%2Fv2%2Fproduct_tag&post=49258"}],"curies":[{"name":"wp","href":"https:\/\/api.w.org\/{rel}","templated":true}]}}