{"id":49260,"date":"2026-04-27T02:04:45","date_gmt":"2026-04-27T05:04:45","guid":{"rendered":"https:\/\/www.hediyepazar.com\/?product=tiras-makinesi-sac-sakal-ense-cizim-ayarlanabilir-baslik"},"modified":"2026-04-27T02:04:45","modified_gmt":"2026-04-27T05:04:45","slug":"tiras-makinesi-sac-sakal-ense-cizim-ayarlanabilir-baslik","status":"publish","type":"product","link":"https:\/\/www.hediyepazar.com\/?product=tiras-makinesi-sac-sakal-ense-cizim-ayarlanabilir-baslik","title":{"rendered":"T\u0131ra\u015f Makinesi Sa\u00e7 Sakal Ense \u00c7izim Ayarlanabilir Ba\u015fl\u0131k"},"content":{"rendered":"","protected":false},"excerpt":{"rendered":"<p>Bu sa\u00e7 kesme makinesi, su ge\u00e7irmez b\u0131\u00e7ak ba\u015fl\u0131\u011f\u0131 sayesinde kolayca temizlenebilir. Kullan\u0131m sonras\u0131 b\u0131\u00e7aklar\u0131 su alt\u0131nda durulayarak hijyenik bir kullan\u0131m sa\u011flayabilirsiniz. Dayan\u0131kl\u0131 ve ergonomik tasar\u0131m\u0131, elde rahat bir tutu\u015f sunarken, hafif yap\u0131s\u0131yla (181g) ta\u015f\u0131nabilirlik ve pratik kullan\u0131m sa\u011flar.<\/p>\n","protected":false},"featured_media":49259,"comment_status":"open","ping_status":"closed","template":"","meta":{"_kad_post_transparent":"","_kad_post_title":"","_kad_post_layout":"","_kad_post_sidebar_id":"","_kad_post_content_style":"","_kad_post_vertical_padding":"","_kad_post_feature":"","_kad_post_feature_position":"","_kad_post_header":false,"_kad_post_footer":false,"_kad_post_classname":""},"product_brand":[],"product_cat":[23],"product_tag":[],"class_list":{"0":"post-49260","1":"product","2":"type-product","3":"status-publish","4":"has-post-thumbnail","6":"product_cat-genel","8":"first","9":"instock","10":"purchasable","11":"product-type-simple","12":"entry","13":"content-bg","14":"loop-entry"},"_links":{"self":[{"href":"https:\/\/www.hediyepazar.com\/index.php?rest_route=\/wp\/v2\/product\/49260","targetHints":{"allow":["GET"]}}],"collection":[{"href":"https:\/\/www.hediyepazar.com\/index.php?rest_route=\/wp\/v2\/product"}],"about":[{"href":"https:\/\/www.hediyepazar.com\/index.php?rest_route=\/wp\/v2\/types\/product"}],"replies":[{"embeddable":true,"href":"https:\/\/www.hediyepazar.com\/index.php?rest_route=%2Fwp%2Fv2%2Fcomments&post=49260"}],"wp:featuredmedia":[{"embeddable":true,"href":"https:\/\/www.hediyepazar.com\/index.php?rest_route=\/wp\/v2\/media\/49259"}],"wp:attachment":[{"href":"https:\/\/www.hediyepazar.com\/index.php?rest_route=%2Fwp%2Fv2%2Fmedia&parent=49260"}],"wp:term":[{"taxonomy":"product_brand","embeddable":true,"href":"https:\/\/www.hediyepazar.com\/index.php?rest_route=%2Fwp%2Fv2%2Fproduct_brand&post=49260"},{"taxonomy":"product_cat","embeddable":true,"href":"https:\/\/www.hediyepazar.com\/index.php?rest_route=%2Fwp%2Fv2%2Fproduct_cat&post=49260"},{"taxonomy":"product_tag","embeddable":true,"href":"https:\/\/www.hediyepazar.com\/index.php?rest_route=%2Fwp%2Fv2%2Fproduct_tag&post=49260"}],"curies":[{"name":"wp","href":"https:\/\/api.w.org\/{rel}","templated":true}]}}