{"id":49264,"date":"2026-04-27T02:04:50","date_gmt":"2026-04-27T05:04:50","guid":{"rendered":"https:\/\/www.hediyepazar.com\/?product=ikili-masa-duzlestirici"},"modified":"2026-04-27T02:04:50","modified_gmt":"2026-04-27T05:04:50","slug":"ikili-masa-duzlestirici","status":"publish","type":"product","link":"https:\/\/www.hediyepazar.com\/?product=ikili-masa-duzlestirici","title":{"rendered":"\u0130kili Ma\u015fa-d\u00fczle\u015ftirici"},"content":{"rendered":"","protected":false},"excerpt":{"rendered":"<p>Maksimum S\u0131cakl\u0131k.200 Derece Plaka Materyali.Seramik Plaka Otomatik Kapanma.Yok Garanti Tipi:Resmi Distrib\u00fct\u00f6r Garantili Garanti S\u00fcresi:2 Y\u0131l Renk:Pembe Tip.Plaka Dijital Ekran:Yok \u0130yon \u00d6zelli\u011fi:Yok Cvs Dn-7315 2in1 Fonksiyonel Sa\u00e7 D\u00fczle\u015ftirici ve \u015eekillendirici Hem \u0131slak hem kuru sa\u00e7ta kullan\u0131labilir. 360 Derece D\u00f6nebilen Kablo. H\u0131zl\u0131 \u0131s\u0131nma ve kullan\u0131m esnas\u0131nda s\u0131cakl\u0131k koruma. \u00d6zel \u0131s\u0131t\u0131c\u0131 teknolojisi An\u0131nda etki kolay kullan\u0131m. Is\u0131ya dayan\u0131kl\u0131 g\u00f6vde Ergonomik ve Estetik Tasar\u0131m. H\u0131zl\u0131 G\u00fcvenli Is\u0131tma Sistemi. 360 Dereceye Kadar Is\u0131nma. AC 220-240 V \/ 50-60 Hz. \/ max. 35 Watt \u00dcr\u00fcn \u00d6l\u00e7\u00fcs\u00fc:23 Cm X 3 Cm<\/p>\n","protected":false},"featured_media":49263,"comment_status":"open","ping_status":"closed","template":"","meta":{"_kad_post_transparent":"","_kad_post_title":"","_kad_post_layout":"","_kad_post_sidebar_id":"","_kad_post_content_style":"","_kad_post_vertical_padding":"","_kad_post_feature":"","_kad_post_feature_position":"","_kad_post_header":false,"_kad_post_footer":false,"_kad_post_classname":""},"product_brand":[],"product_cat":[23],"product_tag":[],"class_list":{"0":"post-49264","1":"product","2":"type-product","3":"status-publish","4":"has-post-thumbnail","6":"product_cat-genel","8":"first","9":"instock","10":"purchasable","11":"product-type-simple","12":"entry","13":"content-bg","14":"loop-entry"},"_links":{"self":[{"href":"https:\/\/www.hediyepazar.com\/index.php?rest_route=\/wp\/v2\/product\/49264","targetHints":{"allow":["GET"]}}],"collection":[{"href":"https:\/\/www.hediyepazar.com\/index.php?rest_route=\/wp\/v2\/product"}],"about":[{"href":"https:\/\/www.hediyepazar.com\/index.php?rest_route=\/wp\/v2\/types\/product"}],"replies":[{"embeddable":true,"href":"https:\/\/www.hediyepazar.com\/index.php?rest_route=%2Fwp%2Fv2%2Fcomments&post=49264"}],"wp:featuredmedia":[{"embeddable":true,"href":"https:\/\/www.hediyepazar.com\/index.php?rest_route=\/wp\/v2\/media\/49263"}],"wp:attachment":[{"href":"https:\/\/www.hediyepazar.com\/index.php?rest_route=%2Fwp%2Fv2%2Fmedia&parent=49264"}],"wp:term":[{"taxonomy":"product_brand","embeddable":true,"href":"https:\/\/www.hediyepazar.com\/index.php?rest_route=%2Fwp%2Fv2%2Fproduct_brand&post=49264"},{"taxonomy":"product_cat","embeddable":true,"href":"https:\/\/www.hediyepazar.com\/index.php?rest_route=%2Fwp%2Fv2%2Fproduct_cat&post=49264"},{"taxonomy":"product_tag","embeddable":true,"href":"https:\/\/www.hediyepazar.com\/index.php?rest_route=%2Fwp%2Fv2%2Fproduct_tag&post=49264"}],"curies":[{"name":"wp","href":"https:\/\/api.w.org\/{rel}","templated":true}]}}