{"id":49270,"date":"2026-04-27T02:04:59","date_gmt":"2026-04-27T05:04:59","guid":{"rendered":"https:\/\/www.hediyepazar.com\/?product=v-272-tiras-makinesi"},"modified":"2026-04-27T02:04:59","modified_gmt":"2026-04-27T05:04:59","slug":"v-272-tiras-makinesi","status":"publish","type":"product","link":"https:\/\/www.hediyepazar.com\/?product=v-272-tiras-makinesi","title":{"rendered":"V-272 T\u0131ra\u015f Makinesi"},"content":{"rendered":"","protected":false},"excerpt":{"rendered":"<p>Bu \u015farj edilebilir profesyonel sa\u00e7 kesme makinesi, y\u00fcksek kaliteli paslanmaz \u00e7elik b\u0131\u00e7aklar\u0131 sayesinde keskin, dayan\u0131kl\u0131 ve hassas bir kesim deneyimi sunar. R-tipi g\u00fcvenli b\u0131\u00e7ak tasar\u0131m\u0131, sa\u00e7\u0131n\u0131z\u0131 h\u0131zl\u0131 ve kolay bir \u015fekilde keserken cildinize zarar vermeden g\u00fcvenli kullan\u0131m sa\u011flar. 1-10 mm aras\u0131 s\u0131n\u0131r tara\u011f\u0131, farkl\u0131 uzunluklarda sa\u00e7 kesimi yapman\u0131za imkan tan\u0131rken, profesyonel ve ki\u015fisel kullan\u0131m i\u00e7in m\u00fckemmel bir \u00e7\u00f6z\u00fcm sunar.<\/p>\n","protected":false},"featured_media":49269,"comment_status":"open","ping_status":"closed","template":"","meta":{"_kad_post_transparent":"","_kad_post_title":"","_kad_post_layout":"","_kad_post_sidebar_id":"","_kad_post_content_style":"","_kad_post_vertical_padding":"","_kad_post_feature":"","_kad_post_feature_position":"","_kad_post_header":false,"_kad_post_footer":false,"_kad_post_classname":""},"product_brand":[],"product_cat":[23],"product_tag":[],"class_list":{"0":"post-49270","1":"product","2":"type-product","3":"status-publish","4":"has-post-thumbnail","6":"product_cat-genel","8":"first","9":"instock","10":"purchasable","11":"product-type-simple","12":"entry","13":"content-bg","14":"loop-entry"},"_links":{"self":[{"href":"https:\/\/www.hediyepazar.com\/index.php?rest_route=\/wp\/v2\/product\/49270","targetHints":{"allow":["GET"]}}],"collection":[{"href":"https:\/\/www.hediyepazar.com\/index.php?rest_route=\/wp\/v2\/product"}],"about":[{"href":"https:\/\/www.hediyepazar.com\/index.php?rest_route=\/wp\/v2\/types\/product"}],"replies":[{"embeddable":true,"href":"https:\/\/www.hediyepazar.com\/index.php?rest_route=%2Fwp%2Fv2%2Fcomments&post=49270"}],"wp:featuredmedia":[{"embeddable":true,"href":"https:\/\/www.hediyepazar.com\/index.php?rest_route=\/wp\/v2\/media\/49269"}],"wp:attachment":[{"href":"https:\/\/www.hediyepazar.com\/index.php?rest_route=%2Fwp%2Fv2%2Fmedia&parent=49270"}],"wp:term":[{"taxonomy":"product_brand","embeddable":true,"href":"https:\/\/www.hediyepazar.com\/index.php?rest_route=%2Fwp%2Fv2%2Fproduct_brand&post=49270"},{"taxonomy":"product_cat","embeddable":true,"href":"https:\/\/www.hediyepazar.com\/index.php?rest_route=%2Fwp%2Fv2%2Fproduct_cat&post=49270"},{"taxonomy":"product_tag","embeddable":true,"href":"https:\/\/www.hediyepazar.com\/index.php?rest_route=%2Fwp%2Fv2%2Fproduct_tag&post=49270"}],"curies":[{"name":"wp","href":"https:\/\/api.w.org\/{rel}","templated":true}]}}