{"id":49276,"date":"2026-04-27T02:05:10","date_gmt":"2026-04-27T05:05:10","guid":{"rendered":"https:\/\/www.hediyepazar.com\/?product=wag-masa-yuksek-isi-ayarli-su-dalga-masasi"},"modified":"2026-04-27T02:10:01","modified_gmt":"2026-04-27T05:10:01","slug":"wag-masa-yuksek-isi-ayarli-su-dalga-masasi","status":"publish","type":"product","link":"https:\/\/www.hediyepazar.com\/?product=wag-masa-yuksek-isi-ayarli-su-dalga-masasi","title":{"rendered":"Wag Ma\u015fa Y\u00fcksek Is\u0131 Ayarl\u0131 Su Dalga Ma\u015fas\u0131"},"content":{"rendered":"","protected":false},"excerpt":{"rendered":"<p>\u00dc\u00e7l\u00fc sa\u00e7 ma\u015fas\u0131, profesyonel g\u00f6r\u00fcn\u00fcml\u00fc, do\u011fal ve dayan\u0131kl\u0131 bukleler olu\u015fturmak i\u00e7in m\u00fckemmel bir ara\u00e7t\u0131r. Turmalin seramik teknolojisini kullanarak sa\u00e7\u0131n\u0131za zarar vermeden b\u00fcy\u00fck miktarlarda negatif iyon \u00fcretir ve bu sayede sa\u00e7\u0131 nemlendirir, elektriklenmeyi \u00f6nler. B\u00f6ylece sa\u00e7\u0131n\u0131z daha sa\u011fl\u0131kl\u0131 ve parlak g\u00f6r\u00fcn\u00fcrken, \u015fekillendirdi\u011finiz bukleler de kal\u0131c\u0131 hale gelir. 25 mm \u00e7ap\u0131nda 3 namlulu tasar\u0131m\u0131yla, orta uzunluktaki ve uzun sa\u00e7larda m\u00fckemmel sonu\u00e7lar elde edebilirsiniz. PTC \u0131s\u0131tma eleman\u0131 sayesinde sa\u00e7 ma\u015fas\u0131 yaln\u0131zca 30 saniye i\u00e7inde 170\u00b0C&#8217;ye ula\u015f\u0131r, s\u0131cakl\u0131k h\u0131zl\u0131ca ve e\u015fit \u015fekilde yay\u0131l\u0131r, b\u00f6ylece sa\u00e7\u0131 nazik\u00e7e \u015fekillendirirsiniz. 170\u00b0C ve 220\u00b0C aras\u0131nda ayarlanabilir s\u0131cakl\u0131k se\u00e7enekleri, farkl\u0131 sa\u00e7 tiplerine uygun kullan\u0131m imkan\u0131 sunar. Ergonomik tasar\u0131ma sahip kaymaz tutamak ve ha\u015flanma \u00f6nleyici u\u00e7lar, kullan\u0131m esnas\u0131nda g\u00fcvenli\u011fi art\u0131r\u0131rken, istenmeyen yanma risklerini ortadan kald\u0131r\u0131r. Ayr\u0131ca, \u0131s\u0131 yal\u0131t\u0131ml\u0131 \u00f6n braket, cihaz\u0131 g\u00fcvenle b\u0131rakabilmenizi sa\u011flar. \u00dc\u00e7l\u00fc sa\u00e7 ma\u015fas\u0131, kolay kullan\u0131m ve \u00fcst\u00fcn performans\u0131 ile her zaman m\u00fckemmel bukleler olu\u015fturman\u0131z\u0131 sa\u011flar.<\/p>\n","protected":false},"featured_media":49510,"comment_status":"open","ping_status":"closed","template":"","meta":{"_kad_post_transparent":"","_kad_post_title":"","_kad_post_layout":"","_kad_post_sidebar_id":"","_kad_post_content_style":"","_kad_post_vertical_padding":"","_kad_post_feature":"","_kad_post_feature_position":"","_kad_post_header":false,"_kad_post_footer":false,"_kad_post_classname":""},"product_brand":[],"product_cat":[23],"product_tag":[],"class_list":{"0":"post-49276","1":"product","2":"type-product","3":"status-publish","4":"has-post-thumbnail","6":"product_cat-genel","8":"first","9":"instock","10":"purchasable","11":"product-type-simple","12":"entry","13":"content-bg","14":"loop-entry"},"_links":{"self":[{"href":"https:\/\/www.hediyepazar.com\/index.php?rest_route=\/wp\/v2\/product\/49276","targetHints":{"allow":["GET"]}}],"collection":[{"href":"https:\/\/www.hediyepazar.com\/index.php?rest_route=\/wp\/v2\/product"}],"about":[{"href":"https:\/\/www.hediyepazar.com\/index.php?rest_route=\/wp\/v2\/types\/product"}],"replies":[{"embeddable":true,"href":"https:\/\/www.hediyepazar.com\/index.php?rest_route=%2Fwp%2Fv2%2Fcomments&post=49276"}],"wp:featuredmedia":[{"embeddable":true,"href":"https:\/\/www.hediyepazar.com\/index.php?rest_route=\/wp\/v2\/media\/49510"}],"wp:attachment":[{"href":"https:\/\/www.hediyepazar.com\/index.php?rest_route=%2Fwp%2Fv2%2Fmedia&parent=49276"}],"wp:term":[{"taxonomy":"product_brand","embeddable":true,"href":"https:\/\/www.hediyepazar.com\/index.php?rest_route=%2Fwp%2Fv2%2Fproduct_brand&post=49276"},{"taxonomy":"product_cat","embeddable":true,"href":"https:\/\/www.hediyepazar.com\/index.php?rest_route=%2Fwp%2Fv2%2Fproduct_cat&post=49276"},{"taxonomy":"product_tag","embeddable":true,"href":"https:\/\/www.hediyepazar.com\/index.php?rest_route=%2Fwp%2Fv2%2Fproduct_tag&post=49276"}],"curies":[{"name":"wp","href":"https:\/\/api.w.org\/{rel}","templated":true}]}}