{"id":49297,"date":"2026-04-27T02:05:38","date_gmt":"2026-04-27T05:05:38","guid":{"rendered":"https:\/\/www.hediyepazar.com\/?product=profesyonel-sifir-sinek-kaydi-celik-tiras-makinesi"},"modified":"2026-04-27T02:05:38","modified_gmt":"2026-04-27T05:05:38","slug":"profesyonel-sifir-sinek-kaydi-celik-tiras-makinesi","status":"publish","type":"product","link":"https:\/\/www.hediyepazar.com\/?product=profesyonel-sifir-sinek-kaydi-celik-tiras-makinesi","title":{"rendered":"Profesyonel S\u0131f\u0131r Sinek Kayd\u0131 \u00c7elik T\u0131ra\u015f Makinesi"},"content":{"rendered":"","protected":false},"excerpt":{"rendered":"<p>G\u00fc\u00e7l\u00fc, \u015f\u0131k ve \u00e7ok y\u00f6nl\u00fc: \u015earj Edilebilir Profesyonel Sa\u00e7\/Sakal \u015eekillendirici, evde veya profesyonel kullan\u0131mda t\u0131ra\u015f i\u015flemlerinizi kolayla\u015ft\u0131rmak i\u00e7in tasarland\u0131. Y\u00fcksek devirli motoru ve dayan\u0131kl\u0131 T \u00e7elik b\u0131\u00e7aklar\u0131, hassas ve p\u00fcr\u00fczs\u00fcz kesim sa\u011flar. 1400 mAh lityum pili, 120 dakikaya kadar uzun s\u00fcreli kablosuz kullan\u0131m sunar ve bu \u00f6zelli\u011fi ile s\u0131k s\u0131k \u015farj etme ihtiyac\u0131n\u0131 ortadan kald\u0131r\u0131r. Makine, t\u00fcm v\u00fccut b\u00f6lgelerinde kullan\u0131labilir aksesuarlarla donat\u0131lm\u0131\u015ft\u0131r. Sa\u00e7, sakal ve v\u00fccut bak\u0131m\u0131 i\u00e7in uygun olan bu model, hijyenik kullan\u0131m sa\u011flayan kolay temizlenebilir b\u0131\u00e7ak sistemi ile \u00f6ne \u00e7\u0131kar. Kablolu ve kablosuz kullan\u0131m se\u00e7enekleri, kullan\u0131c\u0131ya esneklik kazand\u0131r\u0131r ve her ortamda kullan\u0131m imkan\u0131 sunar. Sessiz \u00e7al\u0131\u015fmas\u0131, ergonomik tasar\u0131m\u0131 ve kompakt yap\u0131s\u0131 sayesinde i\u015f yerinde, evde veya seyahat s\u0131ras\u0131nda rahat\u00e7a ta\u015f\u0131n\u0131p kullan\u0131labilir. Profesyonel berberler taraf\u0131ndan tercih edilen performans\u0131 ve \u015f\u0131k tasar\u0131m\u0131yla t\u0131ra\u015f i\u015flemlerinizde birinci s\u0131n\u0131f bir deneyim ya\u015fat\u0131r. Uzun \u00f6m\u00fcrl\u00fc yap\u0131s\u0131 ve pratik \u00f6zellikleri ile ki\u015fisel bak\u0131m rutininizin vazge\u00e7ilmezi olacak.<\/p>\n","protected":false},"featured_media":49296,"comment_status":"open","ping_status":"closed","template":"","meta":{"_kad_post_transparent":"","_kad_post_title":"","_kad_post_layout":"","_kad_post_sidebar_id":"","_kad_post_content_style":"","_kad_post_vertical_padding":"","_kad_post_feature":"","_kad_post_feature_position":"","_kad_post_header":false,"_kad_post_footer":false,"_kad_post_classname":""},"product_brand":[],"product_cat":[23],"product_tag":[],"class_list":{"0":"post-49297","1":"product","2":"type-product","3":"status-publish","4":"has-post-thumbnail","6":"product_cat-genel","8":"first","9":"instock","10":"purchasable","11":"product-type-simple","12":"entry","13":"content-bg","14":"loop-entry"},"_links":{"self":[{"href":"https:\/\/www.hediyepazar.com\/index.php?rest_route=\/wp\/v2\/product\/49297","targetHints":{"allow":["GET"]}}],"collection":[{"href":"https:\/\/www.hediyepazar.com\/index.php?rest_route=\/wp\/v2\/product"}],"about":[{"href":"https:\/\/www.hediyepazar.com\/index.php?rest_route=\/wp\/v2\/types\/product"}],"replies":[{"embeddable":true,"href":"https:\/\/www.hediyepazar.com\/index.php?rest_route=%2Fwp%2Fv2%2Fcomments&post=49297"}],"wp:featuredmedia":[{"embeddable":true,"href":"https:\/\/www.hediyepazar.com\/index.php?rest_route=\/wp\/v2\/media\/49296"}],"wp:attachment":[{"href":"https:\/\/www.hediyepazar.com\/index.php?rest_route=%2Fwp%2Fv2%2Fmedia&parent=49297"}],"wp:term":[{"taxonomy":"product_brand","embeddable":true,"href":"https:\/\/www.hediyepazar.com\/index.php?rest_route=%2Fwp%2Fv2%2Fproduct_brand&post=49297"},{"taxonomy":"product_cat","embeddable":true,"href":"https:\/\/www.hediyepazar.com\/index.php?rest_route=%2Fwp%2Fv2%2Fproduct_cat&post=49297"},{"taxonomy":"product_tag","embeddable":true,"href":"https:\/\/www.hediyepazar.com\/index.php?rest_route=%2Fwp%2Fv2%2Fproduct_tag&post=49297"}],"curies":[{"name":"wp","href":"https:\/\/api.w.org\/{rel}","templated":true}]}}