{"id":49301,"date":"2026-04-27T02:05:41","date_gmt":"2026-04-27T05:05:41","guid":{"rendered":"https:\/\/www.hediyepazar.com\/?product=hk-700-profesyonel-sarjli-tiras-makinesi"},"modified":"2026-04-27T02:12:24","modified_gmt":"2026-04-27T05:12:24","slug":"hk-700-profesyonel-sarjli-tiras-makinesi","status":"publish","type":"product","link":"https:\/\/www.hediyepazar.com\/?product=hk-700-profesyonel-sarjli-tiras-makinesi","title":{"rendered":"Hk-700 Profesyonel \u015earjl\u0131 T\u0131ra\u015f Makinesi"},"content":{"rendered":"","protected":false},"excerpt":{"rendered":"<p>Profesyonel \u015earjl\u0131 Sa\u00e7 ve Sakal Kesme Makinesi Profesyonel kuaf\u00f6rlerin tercihi olan Profesyonel sa\u00e7l\u0131 sa\u00e7 ve sakal kesme makinesi m\u00fckemmel tutu\u015f ve kavrama sa\u011flamak i\u00e7in \u00f6zel olarak tasarlanm\u0131\u015ft\u0131r. Ergonomik \u00f6zelliklerinin yan\u0131 s\u0131ra yenilik\u00e7i ve \u015f\u0131k g\u00f6r\u00fcn\u00fcme sahiptir Keskin ve Dayan\u0131kl\u0131 \u00c7elik B\u0131\u00e7aklar Profesyonel sa\u00e7 ve sakal kesme makinesi, en sert k\u0131llar\u0131n bile tek seferde kesilmesini sa\u011flayan keskin ve dayan\u0131kl\u0131 \u00e7elik b\u0131\u00e7aklara kusursuz kesim performans\u0131 ortaya koyar. Uzun \u00f6m\u00fcrl\u00fc olmas\u0131 i\u00e7in birinci s\u0131n\u0131f kalitedeki materyalden \u00fcretilmi\u015ftir Uzun Kullan\u0131m S\u00fcresine Sahip Lityum Batarya Kablosuz kullan\u0131m rahatl\u0131\u011f\u0131na sahip Profesyonel sa\u00e7 ve sakal kesme makinesi uzun kullan\u0131m s\u00fcresine sahiptir. Yakla\u015f\u0131k 4 saatte maksimum \u015farja ula\u015fan lityum bataryas\u0131 sayesinde 150 dakikaya kadar kesintisiz sa\u00e7 ve sakal kesme imkan\u0131 tan\u0131r G\u00fc\u00e7l\u00fc ve Sorunsuz Motor Avantaj\u0131 220-240 V 50\/60 Hz 3W voltaj seviyesine sahip g\u00fc\u00e7l\u00fc motora sahiptir. Motor g\u00fcc\u00fc 3.6 Volttur. Bu sayede hem sa\u00e7 hem de sakal kesiminde sorun ya\u015famadan profesyonel t\u0131ra\u015f avantaj\u0131 sunar Islak ve Kuru T\u0131ra\u015fa Uygun Tasar\u0131m Profesyonel kuaf\u00f6rlerin tercihi Profesyonel sa\u00e7 ve sakal kesme makinesi hem \u0131slak hem de kuru sa\u00e7 ve sakal kesiminde kullan\u0131labilir Profesyonel Kesim \u0130\u00e7in K\u0131lavuz Tarak Aksesuarlar\u0131 Her sa\u00e7 ve sakal kesim tarz\u0131na m\u00fckemmel uyum i\u00e7in 4 adet k\u0131lavuz tara\u011f\u0131 ile birlikte gelir.<\/p>\n","protected":false},"featured_media":49622,"comment_status":"open","ping_status":"closed","template":"","meta":{"_kad_post_transparent":"","_kad_post_title":"","_kad_post_layout":"","_kad_post_sidebar_id":"","_kad_post_content_style":"","_kad_post_vertical_padding":"","_kad_post_feature":"","_kad_post_feature_position":"","_kad_post_header":false,"_kad_post_footer":false,"_kad_post_classname":""},"product_brand":[],"product_cat":[23],"product_tag":[],"class_list":{"0":"post-49301","1":"product","2":"type-product","3":"status-publish","4":"has-post-thumbnail","6":"product_cat-genel","8":"first","9":"instock","10":"purchasable","11":"product-type-simple","12":"entry","13":"content-bg","14":"loop-entry"},"_links":{"self":[{"href":"https:\/\/www.hediyepazar.com\/index.php?rest_route=\/wp\/v2\/product\/49301","targetHints":{"allow":["GET"]}}],"collection":[{"href":"https:\/\/www.hediyepazar.com\/index.php?rest_route=\/wp\/v2\/product"}],"about":[{"href":"https:\/\/www.hediyepazar.com\/index.php?rest_route=\/wp\/v2\/types\/product"}],"replies":[{"embeddable":true,"href":"https:\/\/www.hediyepazar.com\/index.php?rest_route=%2Fwp%2Fv2%2Fcomments&post=49301"}],"wp:featuredmedia":[{"embeddable":true,"href":"https:\/\/www.hediyepazar.com\/index.php?rest_route=\/wp\/v2\/media\/49622"}],"wp:attachment":[{"href":"https:\/\/www.hediyepazar.com\/index.php?rest_route=%2Fwp%2Fv2%2Fmedia&parent=49301"}],"wp:term":[{"taxonomy":"product_brand","embeddable":true,"href":"https:\/\/www.hediyepazar.com\/index.php?rest_route=%2Fwp%2Fv2%2Fproduct_brand&post=49301"},{"taxonomy":"product_cat","embeddable":true,"href":"https:\/\/www.hediyepazar.com\/index.php?rest_route=%2Fwp%2Fv2%2Fproduct_cat&post=49301"},{"taxonomy":"product_tag","embeddable":true,"href":"https:\/\/www.hediyepazar.com\/index.php?rest_route=%2Fwp%2Fv2%2Fproduct_tag&post=49301"}],"curies":[{"name":"wp","href":"https:\/\/api.w.org\/{rel}","templated":true}]}}