{"id":49305,"date":"2026-04-27T02:05:43","date_gmt":"2026-04-27T05:05:43","guid":{"rendered":"https:\/\/www.hediyepazar.com\/?product=sifir-sinek-kaydi-cizik-tiras-makinesi"},"modified":"2026-04-27T02:05:43","modified_gmt":"2026-04-27T05:05:43","slug":"sifir-sinek-kaydi-cizik-tiras-makinesi","status":"publish","type":"product","link":"https:\/\/www.hediyepazar.com\/?product=sifir-sinek-kaydi-cizik-tiras-makinesi","title":{"rendered":"S\u0131f\u0131r Sinek Kayd\u0131 \u00c7izik T\u0131ra\u015f Makinesi"},"content":{"rendered":"","protected":false},"excerpt":{"rendered":"<p>Profesyonel Sa\u00e7\/Sakal \u015eekillendirici ile art\u0131k evinizde profesyonel sonu\u00e7lar alabilirsiniz. Yeni nesil f\u0131r\u00e7as\u0131z motoru, sessiz ve g\u00fc\u00e7l\u00fc \u00e7al\u0131\u015fmas\u0131yla t\u0131ra\u015f deneyiminizi konforlu hale getirirken, dayan\u0131kl\u0131 T \u00e7elik b\u0131\u00e7aklar\u0131 sayesinde kesim hassasiyetini \u00fcst seviyeye ta\u015f\u0131r. 1400 mAh lityum pil, tek bir \u015farjla 120 dakikaya kadar kablosuz kullan\u0131m imkan\u0131 sunar. Makinenin aksesuarlar\u0131, sa\u00e7 ve sakal t\u0131ra\u015f\u0131 d\u0131\u015f\u0131nda v\u00fccut bak\u0131m\u0131nda da kullan\u0131labilir, b\u00f6ylece ki\u015fisel bak\u0131m\u0131n\u0131z\u0131 \u00e7ok y\u00f6nl\u00fc bir \u015fekilde ger\u00e7ekle\u015ftirmenize olanak tan\u0131r. Kolay temizlenebilir ve hijyenik b\u0131\u00e7ak sistemi, bak\u0131m s\u00fcrecini zahmetsiz hale getirirken, cihaz\u0131n dayan\u0131kl\u0131l\u0131\u011f\u0131n\u0131 art\u0131r\u0131r. Kablolu veya kablosuz kullan\u0131m\u0131 destekleyen bu model, kullan\u0131m esnekli\u011fi sunar ve her t\u00fcrl\u00fc t\u0131ra\u015f ihtiyac\u0131n\u0131za cevap verir. \u00dcr\u00fcn, 14 cm x 4 cm \u00f6l\u00e7\u00fclerindeki kompakt boyutlar\u0131yla kolayca ta\u015f\u0131nabilir. \u0130\u015f gezilerinde, tatillerde veya evde kullan\u0131m i\u00e7in idealdir. Sessiz motor yap\u0131s\u0131 ve \u015f\u0131k tasar\u0131m\u0131yla hem estetik hem de fonksiyonel bir \u00fcr\u00fcnd\u00fcr. Uzun \u00f6m\u00fcrl\u00fc ve y\u00fcksek performansl\u0131 bu makineyle t\u0131ra\u015f i\u015flemleriniz hi\u00e7 olmad\u0131\u011f\u0131 kadar kolay ve etkili.<\/p>\n","protected":false},"featured_media":49304,"comment_status":"open","ping_status":"closed","template":"","meta":{"_kad_post_transparent":"","_kad_post_title":"","_kad_post_layout":"","_kad_post_sidebar_id":"","_kad_post_content_style":"","_kad_post_vertical_padding":"","_kad_post_feature":"","_kad_post_feature_position":"","_kad_post_header":false,"_kad_post_footer":false,"_kad_post_classname":""},"product_brand":[],"product_cat":[23],"product_tag":[],"class_list":{"0":"post-49305","1":"product","2":"type-product","3":"status-publish","4":"has-post-thumbnail","6":"product_cat-genel","8":"first","9":"instock","10":"purchasable","11":"product-type-simple","12":"entry","13":"content-bg","14":"loop-entry"},"_links":{"self":[{"href":"https:\/\/www.hediyepazar.com\/index.php?rest_route=\/wp\/v2\/product\/49305","targetHints":{"allow":["GET"]}}],"collection":[{"href":"https:\/\/www.hediyepazar.com\/index.php?rest_route=\/wp\/v2\/product"}],"about":[{"href":"https:\/\/www.hediyepazar.com\/index.php?rest_route=\/wp\/v2\/types\/product"}],"replies":[{"embeddable":true,"href":"https:\/\/www.hediyepazar.com\/index.php?rest_route=%2Fwp%2Fv2%2Fcomments&post=49305"}],"wp:featuredmedia":[{"embeddable":true,"href":"https:\/\/www.hediyepazar.com\/index.php?rest_route=\/wp\/v2\/media\/49304"}],"wp:attachment":[{"href":"https:\/\/www.hediyepazar.com\/index.php?rest_route=%2Fwp%2Fv2%2Fmedia&parent=49305"}],"wp:term":[{"taxonomy":"product_brand","embeddable":true,"href":"https:\/\/www.hediyepazar.com\/index.php?rest_route=%2Fwp%2Fv2%2Fproduct_brand&post=49305"},{"taxonomy":"product_cat","embeddable":true,"href":"https:\/\/www.hediyepazar.com\/index.php?rest_route=%2Fwp%2Fv2%2Fproduct_cat&post=49305"},{"taxonomy":"product_tag","embeddable":true,"href":"https:\/\/www.hediyepazar.com\/index.php?rest_route=%2Fwp%2Fv2%2Fproduct_tag&post=49305"}],"curies":[{"name":"wp","href":"https:\/\/api.w.org\/{rel}","templated":true}]}}