{"id":49311,"date":"2026-04-27T02:05:54","date_gmt":"2026-04-27T05:05:54","guid":{"rendered":"https:\/\/www.hediyepazar.com\/?product=kristal-epilasyon"},"modified":"2026-04-27T02:05:54","modified_gmt":"2026-04-27T05:05:54","slug":"kristal-epilasyon","status":"publish","type":"product","link":"https:\/\/www.hediyepazar.com\/?product=kristal-epilasyon","title":{"rendered":"Kristal Epilasyon"},"content":{"rendered":"","protected":false},"excerpt":{"rendered":"<p>\u00dcr\u00fcn A\u00e7\u0131klamas\u0131 Kristal t\u00fcy alma aparat\u0131 Kristal T\u00fcy Al\u0131c\u0131 Epilat\u00f6r y\u00fcz, kollar ve bacaklar i\u00e7in kullan\u0131ma uygundur. Evde rahat bir \u015fekilde kullan\u0131l\u0131r. Haftada 2-3 kez kullan\u0131ma uygundur. Kremsiz, tra\u015f k\u00f6p\u00fc\u011f\u00fc ve benzeri olmadan sadece tek bir aparatla t\u00fcy temizli\u011fi sa\u011flar. Topuklardaki \u00f6l\u00fc derileri gidermek amac\u0131yla da kullan\u0131l\u0131r. Kullan\u0131m \u015fekli: T\u00fcy alaca\u011f\u0131n\u0131z b\u00f6lgeyi \u0131l\u0131k su ile y\u0131kay\u0131n,Kristal Epilat\u00f6r\u00fcn\u00fcz\u00fc uygulayarak t\u00fcyleri al\u0131n Kullan\u0131m sonras\u0131 Epilat\u00f6r\u00fcn\u00fcz\u00fc su ile durulay\u0131n.(\u0130\u015flemi uygulad\u0131\u011f\u0131n\u0131z b\u00f6lgenin i\u015flem sonras\u0131 losyon\/krem ve benzeri ile nemlendirilmesi \u00f6nerilir.)<\/p>\n","protected":false},"featured_media":49310,"comment_status":"open","ping_status":"closed","template":"","meta":{"_kad_post_transparent":"","_kad_post_title":"","_kad_post_layout":"","_kad_post_sidebar_id":"","_kad_post_content_style":"","_kad_post_vertical_padding":"","_kad_post_feature":"","_kad_post_feature_position":"","_kad_post_header":false,"_kad_post_footer":false,"_kad_post_classname":""},"product_brand":[],"product_cat":[23],"product_tag":[],"class_list":{"0":"post-49311","1":"product","2":"type-product","3":"status-publish","4":"has-post-thumbnail","6":"product_cat-genel","8":"first","9":"instock","10":"purchasable","11":"product-type-simple","12":"entry","13":"content-bg","14":"loop-entry"},"_links":{"self":[{"href":"https:\/\/www.hediyepazar.com\/index.php?rest_route=\/wp\/v2\/product\/49311","targetHints":{"allow":["GET"]}}],"collection":[{"href":"https:\/\/www.hediyepazar.com\/index.php?rest_route=\/wp\/v2\/product"}],"about":[{"href":"https:\/\/www.hediyepazar.com\/index.php?rest_route=\/wp\/v2\/types\/product"}],"replies":[{"embeddable":true,"href":"https:\/\/www.hediyepazar.com\/index.php?rest_route=%2Fwp%2Fv2%2Fcomments&post=49311"}],"wp:featuredmedia":[{"embeddable":true,"href":"https:\/\/www.hediyepazar.com\/index.php?rest_route=\/wp\/v2\/media\/49310"}],"wp:attachment":[{"href":"https:\/\/www.hediyepazar.com\/index.php?rest_route=%2Fwp%2Fv2%2Fmedia&parent=49311"}],"wp:term":[{"taxonomy":"product_brand","embeddable":true,"href":"https:\/\/www.hediyepazar.com\/index.php?rest_route=%2Fwp%2Fv2%2Fproduct_brand&post=49311"},{"taxonomy":"product_cat","embeddable":true,"href":"https:\/\/www.hediyepazar.com\/index.php?rest_route=%2Fwp%2Fv2%2Fproduct_cat&post=49311"},{"taxonomy":"product_tag","embeddable":true,"href":"https:\/\/www.hediyepazar.com\/index.php?rest_route=%2Fwp%2Fv2%2Fproduct_tag&post=49311"}],"curies":[{"name":"wp","href":"https:\/\/api.w.org\/{rel}","templated":true}]}}