{"id":49315,"date":"2026-04-27T02:05:59","date_gmt":"2026-04-27T05:05:59","guid":{"rendered":"https:\/\/www.hediyepazar.com\/?product=nasir-temizleyici-manikur-pedikur-seti-elektrikli-usb-girisli"},"modified":"2026-04-27T02:05:59","modified_gmt":"2026-04-27T05:05:59","slug":"nasir-temizleyici-manikur-pedikur-seti-elektrikli-usb-girisli","status":"publish","type":"product","link":"https:\/\/www.hediyepazar.com\/?product=nasir-temizleyici-manikur-pedikur-seti-elektrikli-usb-girisli","title":{"rendered":"Nas\u0131r Temizleyici Manik\u00fcr Pedik\u00fcr Seti Elektrikli Usb Giri\u015fli"},"content":{"rendered":"","protected":false},"excerpt":{"rendered":"<p>Elektrikli t\u0131rnak matkap makinesi, \u015f\u0131k ve kompakt tasar\u0131m\u0131 sayesinde her yere kolayca ta\u015f\u0131nabilir. 13.8 cm uzunlu\u011fundaki yap\u0131s\u0131yla hafif ve ergonomik bir deneyim sunan cihaz, evde ya da d\u0131\u015f mekanlarda kullan\u0131ma uygundur. USB ile \u015farj edilebilir lityum bataryas\u0131, uzun s\u00fcre kesintisiz kullan\u0131m sunar ve s\u0131k s\u0131k pil de\u011fi\u015ftirme ihtiyac\u0131n\u0131 ortadan kald\u0131r\u0131r. Paket i\u00e7eri\u011finde yer alan 6 farkl\u0131 matkap ucu, \u00e7e\u015fitli i\u015flemler i\u00e7in \u00f6zelle\u015ftirilmi\u015f se\u00e7enekler sunar. Z\u0131mpara bantlar\u0131, t\u0131rnak y\u00fczeylerinin p\u00fcr\u00fczs\u00fcz hale getirilmesini sa\u011flarken, cihaz\u0131n kolay temizlenebilir yap\u0131s\u0131 hijyenik kullan\u0131m imkan\u0131 tan\u0131r. G\u00fcl k\u0131rm\u0131z\u0131, pembe ve beyaz gibi renk se\u00e7enekleriyle sunulan bu cihaz, hem i\u015flevsel hem de estetik bir aksesuar olarak dikkat \u00e7eker. Kullan\u0131m kolayl\u0131\u011f\u0131 sa\u011flayan men\u00fcs\u00fc ve kompakt yap\u0131s\u0131yla her ya\u015ftan kullan\u0131c\u0131 i\u00e7in uygundur. Matkap makinesi, zamandan tasarruf etmenizi ve t\u0131rnak bak\u0131m\u0131nda kusursuz sonu\u00e7lar elde etmenizi sa\u011flar.<\/p>\n","protected":false},"featured_media":49314,"comment_status":"open","ping_status":"closed","template":"","meta":{"_kad_post_transparent":"","_kad_post_title":"","_kad_post_layout":"","_kad_post_sidebar_id":"","_kad_post_content_style":"","_kad_post_vertical_padding":"","_kad_post_feature":"","_kad_post_feature_position":"","_kad_post_header":false,"_kad_post_footer":false,"_kad_post_classname":""},"product_brand":[],"product_cat":[23],"product_tag":[],"class_list":{"0":"post-49315","1":"product","2":"type-product","3":"status-publish","4":"has-post-thumbnail","6":"product_cat-genel","8":"first","9":"instock","10":"purchasable","11":"product-type-simple","12":"entry","13":"content-bg","14":"loop-entry"},"_links":{"self":[{"href":"https:\/\/www.hediyepazar.com\/index.php?rest_route=\/wp\/v2\/product\/49315","targetHints":{"allow":["GET"]}}],"collection":[{"href":"https:\/\/www.hediyepazar.com\/index.php?rest_route=\/wp\/v2\/product"}],"about":[{"href":"https:\/\/www.hediyepazar.com\/index.php?rest_route=\/wp\/v2\/types\/product"}],"replies":[{"embeddable":true,"href":"https:\/\/www.hediyepazar.com\/index.php?rest_route=%2Fwp%2Fv2%2Fcomments&post=49315"}],"wp:featuredmedia":[{"embeddable":true,"href":"https:\/\/www.hediyepazar.com\/index.php?rest_route=\/wp\/v2\/media\/49314"}],"wp:attachment":[{"href":"https:\/\/www.hediyepazar.com\/index.php?rest_route=%2Fwp%2Fv2%2Fmedia&parent=49315"}],"wp:term":[{"taxonomy":"product_brand","embeddable":true,"href":"https:\/\/www.hediyepazar.com\/index.php?rest_route=%2Fwp%2Fv2%2Fproduct_brand&post=49315"},{"taxonomy":"product_cat","embeddable":true,"href":"https:\/\/www.hediyepazar.com\/index.php?rest_route=%2Fwp%2Fv2%2Fproduct_cat&post=49315"},{"taxonomy":"product_tag","embeddable":true,"href":"https:\/\/www.hediyepazar.com\/index.php?rest_route=%2Fwp%2Fv2%2Fproduct_tag&post=49315"}],"curies":[{"name":"wp","href":"https:\/\/api.w.org\/{rel}","templated":true}]}}