{"id":49320,"date":"2026-04-27T02:06:06","date_gmt":"2026-04-27T05:06:06","guid":{"rendered":"https:\/\/www.hediyepazar.com\/?product=rd-446-duzlestirici"},"modified":"2026-04-27T02:06:06","modified_gmt":"2026-04-27T05:06:06","slug":"rd-446-duzlestirici","status":"publish","type":"product","link":"https:\/\/www.hediyepazar.com\/?product=rd-446-duzlestirici","title":{"rendered":"Rd 446 D\u00fczle\u015ftirici"},"content":{"rendered":"","protected":false},"excerpt":{"rendered":"<p>Is\u0131 Ayarl\u0131 Sa\u00e7 D\u00fczle\u015ftirici, sa\u00e7 g\u00fczelli\u011finizi tamamen kontrol etmeniz i\u00e7in m\u00fckemmel bir \u00e7\u00f6z\u00fcm sunuyor. Bu inovatif d\u00fczle\u015ftirici, sa\u00e7lar\u0131n\u0131z\u0131 d\u00fczle\u015ftirirken ayn\u0131 zamanda sa\u00e7 tipinize uygun \u0131s\u0131 ayarlar\u0131n\u0131 yapman\u0131z\u0131 sa\u011flar. Bu sayede, her t\u00fcrl\u00fc sa\u00e7 tipi i\u00e7in ideal sonu\u00e7lar elde etmek art\u0131k \u00e7ok daha kolay.Is\u0131 ayarl\u0131 \u00f6zelli\u011fi sayesinde, ince telli veya kal\u0131n telli sa\u00e7lar\u0131n\u0131za uygun s\u0131cakl\u0131\u011f\u0131 se\u00e7ebilirsiniz. Bu da sa\u00e7lar\u0131n\u0131z\u0131n sa\u011fl\u0131\u011f\u0131n\u0131 ve g\u00f6r\u00fcn\u00fcm\u00fcn\u00fc korurken istedi\u011finiz stilin kilidini a\u00e7ar. h\u0131zl\u0131 \u0131s\u0131nma \u00f6zelli\u011fi ile an\u0131nda kullan\u0131ma haz\u0131r hale gelir, bu da sabah haz\u0131rl\u0131klar\u0131n\u0131z\u0131 h\u0131zland\u0131rman\u0131za yard\u0131mc\u0131 olur.Sa\u00e7 g\u00fczelli\u011finizi \u00f6zg\u00fcrce kontrol etmek ve her g\u00fcn parlak, p\u00fcr\u00fczs\u00fcz sa\u00e7lara sahip olmak i\u00e7in Is\u0131 Ayarl\u0131 Sa\u00e7 D\u00fczle\u015ftirici sizin yan\u0131n\u0131zda. Sa\u00e7lar\u0131n\u0131z\u0131 d\u00f6n\u00fc\u015ft\u00fcrmek ve her g\u00fcn m\u00fckemmel bir g\u00f6r\u00fcn\u00fcm elde etmek art\u0131k daha kolay ve daha eri\u015filebilir.Plaka Malzemesi: Titanyum Kapl\u0131 SeramikBu sa\u00e7 d\u00fczle\u015ftirici, titanyum kapl\u0131 seramik plakalarla donat\u0131lm\u0131\u015ft\u0131r. Seramik plakalar sa\u00e7\u0131n\u0131za nazik\u00e7e kayarken, titanyum kaplama \u0131s\u0131y\u0131 e\u015fit bir \u015fekilde da\u011f\u0131tarak m\u00fckemmel sonu\u00e7lar elde etmenize yard\u0131mc\u0131 olur.Uzun Kablo: 2.5 Metre2.5 metrelik uzun kablo, sa\u00e7 d\u00fczle\u015ftiricinizi kullan\u0131rken daha fazla hareket \u00f6zg\u00fcrl\u00fc\u011f\u00fc sunar. Bu sayede prizden uzak mesafelerde de rahat\u00e7a kullanabilirsiniz.360\u00b0 D\u00f6nebilen KordonSa\u00e7 d\u00fczle\u015ftirici kablolar\u0131n\u0131n kar\u0131\u015fmas\u0131n\u0131 \u00f6nlemek i\u00e7in 360 derece d\u00f6nebilen kordon, kullan\u0131m s\u0131ras\u0131nda daha fazla esneklik sa\u011flar.S\u0131cakl\u0131k:Bu sa\u00e7 d\u00fczle\u015ftirici, \u00e7ok geni\u015f bir s\u0131cakl\u0131k aral\u0131\u011f\u0131nda \u00e7al\u0131\u015f\u0131r. 176.67\u00b0C&#8217;den 532.22\u00b0C&#8217;ye (350\u00b0F&#8217;den 990\u00b0F&#8217;ye) kadar ayar yapabilirsiniz, b\u00f6ylece sa\u00e7 tipinize ve istedi\u011finiz stilin gerektirdi\u011fi s\u0131cakl\u0131\u011fa kolayca ayar yapabilirsiniz.Nem Koruma Sens\u00f6r\u00fcNem koruma sens\u00f6r\u00fc, sa\u00e7\u0131n nem d\u00fczeyini alg\u0131lar ve \u0131s\u0131n\u0131n nem oran\u0131na uygun bir \u015fekilde ayarlanmas\u0131na yard\u0131mc\u0131 olur. Bu, sa\u00e7\u0131n kurumas\u0131n\u0131 ve zarar g\u00f6rmesini \u00f6nler.S\u0131cakl\u0131k G\u00f6sterge Ekran\u0131S\u0131cakl\u0131k g\u00f6sterge ekran\u0131, se\u00e7ti\u011finiz s\u0131cakl\u0131k seviyesini net bir \u015fekilde g\u00f6sterir, b\u00f6ylece her zaman istedi\u011finiz s\u0131cakl\u0131kta \u00e7al\u0131\u015ft\u0131\u011f\u0131n\u0131zdan emin olabilirsiniz.Is\u0131 Ayarlar\u0131Bu d\u00fczle\u015ftirici, sa\u00e7 tipinize uygun farkl\u0131 \u0131s\u0131 ayarlar\u0131 sunar. \u0130nce veya kal\u0131n sa\u00e7lar i\u00e7in farkl\u0131 s\u0131cakl\u0131k seviyeleri se\u00e7ebilirsiniz.Sa\u00e7 Tipine UyumFarkl\u0131 sa\u00e7 tiplerine uygun kullan\u0131m se\u00e7enekleri sunar, b\u00f6ylece sa\u00e7\u0131n\u0131za en iyi bak\u0131m\u0131 sa\u011flaman\u0131za yard\u0131mc\u0131 olur.Dijital EkranDijital ekran, se\u00e7ilen s\u0131cakl\u0131k seviyesini a\u00e7\u0131k\u00e7a g\u00f6sterir, b\u00f6ylece hassas ayarlar yapabilirsiniz.G\u00fcvenlik KilitleriG\u00fcvenlik kilitleme \u00f6zellikleri, d\u00fczle\u015ftiricinin kullan\u0131lmad\u0131\u011f\u0131 zamanlarda g\u00fcvenli bir \u015fekilde saklanmas\u0131n\u0131 sa\u011flar.Ta\u015f\u0131nabilirlikTa\u015f\u0131nabilirlik \u00f6zelli\u011fi, sa\u00e7 d\u00fczle\u015ftiricinizi seyahatlerde veya farkl\u0131 yerlere ta\u015f\u0131rken kolayca ta\u015f\u0131man\u0131za olanak tan\u0131r.Ergonomik Tasar\u0131mErgonomik tasar\u0131m, d\u00fczle\u015ftiriciyi kullan\u0131rken rahat bir kavrama sa\u011flar, b\u00f6ylece uzun s\u00fcreli kullan\u0131mda bile konfor sunar.<\/p>\n","protected":false},"featured_media":49319,"comment_status":"open","ping_status":"closed","template":"","meta":{"_kad_post_transparent":"","_kad_post_title":"","_kad_post_layout":"","_kad_post_sidebar_id":"","_kad_post_content_style":"","_kad_post_vertical_padding":"","_kad_post_feature":"","_kad_post_feature_position":"","_kad_post_header":false,"_kad_post_footer":false,"_kad_post_classname":""},"product_brand":[],"product_cat":[23],"product_tag":[],"class_list":{"0":"post-49320","1":"product","2":"type-product","3":"status-publish","4":"has-post-thumbnail","6":"product_cat-genel","8":"first","9":"instock","10":"purchasable","11":"product-type-simple","12":"entry","13":"content-bg","14":"loop-entry"},"_links":{"self":[{"href":"https:\/\/www.hediyepazar.com\/index.php?rest_route=\/wp\/v2\/product\/49320","targetHints":{"allow":["GET"]}}],"collection":[{"href":"https:\/\/www.hediyepazar.com\/index.php?rest_route=\/wp\/v2\/product"}],"about":[{"href":"https:\/\/www.hediyepazar.com\/index.php?rest_route=\/wp\/v2\/types\/product"}],"replies":[{"embeddable":true,"href":"https:\/\/www.hediyepazar.com\/index.php?rest_route=%2Fwp%2Fv2%2Fcomments&post=49320"}],"wp:featuredmedia":[{"embeddable":true,"href":"https:\/\/www.hediyepazar.com\/index.php?rest_route=\/wp\/v2\/media\/49319"}],"wp:attachment":[{"href":"https:\/\/www.hediyepazar.com\/index.php?rest_route=%2Fwp%2Fv2%2Fmedia&parent=49320"}],"wp:term":[{"taxonomy":"product_brand","embeddable":true,"href":"https:\/\/www.hediyepazar.com\/index.php?rest_route=%2Fwp%2Fv2%2Fproduct_brand&post=49320"},{"taxonomy":"product_cat","embeddable":true,"href":"https:\/\/www.hediyepazar.com\/index.php?rest_route=%2Fwp%2Fv2%2Fproduct_cat&post=49320"},{"taxonomy":"product_tag","embeddable":true,"href":"https:\/\/www.hediyepazar.com\/index.php?rest_route=%2Fwp%2Fv2%2Fproduct_tag&post=49320"}],"curies":[{"name":"wp","href":"https:\/\/api.w.org\/{rel}","templated":true}]}}