{"id":49322,"date":"2026-04-27T02:06:08","date_gmt":"2026-04-27T05:06:08","guid":{"rendered":"https:\/\/www.hediyepazar.com\/?product=protez-tirnak-manikur-ve-pedikur-seti-elektrikli"},"modified":"2026-04-27T02:06:08","modified_gmt":"2026-04-27T05:06:08","slug":"protez-tirnak-manikur-ve-pedikur-seti-elektrikli","status":"publish","type":"product","link":"https:\/\/www.hediyepazar.com\/?product=protez-tirnak-manikur-ve-pedikur-seti-elektrikli","title":{"rendered":"Protez T\u0131rnak Manik\u00fcr Ve Pedik\u00fcr Seti Elektrikli"},"content":{"rendered":"","protected":false},"excerpt":{"rendered":"<p>Cihaz, 3.000 ila 99.000 RPM aras\u0131nda ayarlanabilen h\u0131z\u0131 sayesinde her t\u00fcrl\u00fc t\u0131rnak bak\u0131m i\u015flemi i\u00e7in uygundur. Hassas i\u015fler i\u00e7in d\u00fc\u015f\u00fck h\u0131zda \u00e7al\u0131\u015ft\u0131r\u0131labilirken, daha zorlu i\u015flemler i\u00e7in y\u00fcksek h\u0131z performans\u0131 sunar. T\u0131rnak y\u00fczeylerini \u015fekillendirme, p\u00fcr\u00fczleri giderme, t\u0131rnaklar\u0131 parlatma ve \u00f6l\u00fc deriyi temizleme gibi bir\u00e7ok i\u015flem bu cihazla kolayca ger\u00e7ekle\u015ftirilebilir. \u00c7ift amortis\u00f6r yap\u0131s\u0131 sayesinde titre\u015fimler minimize edilir ve sessiz \u00e7al\u0131\u015fma \u00f6zelli\u011fi sunulur. Bu \u00f6zellikler, \u00f6zellikle uzun s\u00fcreli kullan\u0131mlarda kullan\u0131c\u0131ya konfor sa\u011flar. T\u00fcm bu avantajlar\u0131n yan\u0131 s\u0131ra, USB \u015farj edilebilir bataryas\u0131, ta\u015f\u0131nabilirli\u011fi destekleyerek cihaz\u0131 her ortamda kullan\u0131labilir hale getirir. Seyahatlerde, i\u015f yerinde veya evde kullan\u0131m i\u00e7in ideal olan bu t\u0131rnak matkap makinesi, geni\u015f aksesuar se\u00e7ene\u011fi ile profesyonellik katar. \u00a0<\/p>\n","protected":false},"featured_media":49321,"comment_status":"open","ping_status":"closed","template":"","meta":{"_kad_post_transparent":"","_kad_post_title":"","_kad_post_layout":"","_kad_post_sidebar_id":"","_kad_post_content_style":"","_kad_post_vertical_padding":"","_kad_post_feature":"","_kad_post_feature_position":"","_kad_post_header":false,"_kad_post_footer":false,"_kad_post_classname":""},"product_brand":[],"product_cat":[23],"product_tag":[],"class_list":{"0":"post-49322","1":"product","2":"type-product","3":"status-publish","4":"has-post-thumbnail","6":"product_cat-genel","8":"first","9":"instock","10":"purchasable","11":"product-type-simple","12":"entry","13":"content-bg","14":"loop-entry"},"_links":{"self":[{"href":"https:\/\/www.hediyepazar.com\/index.php?rest_route=\/wp\/v2\/product\/49322","targetHints":{"allow":["GET"]}}],"collection":[{"href":"https:\/\/www.hediyepazar.com\/index.php?rest_route=\/wp\/v2\/product"}],"about":[{"href":"https:\/\/www.hediyepazar.com\/index.php?rest_route=\/wp\/v2\/types\/product"}],"replies":[{"embeddable":true,"href":"https:\/\/www.hediyepazar.com\/index.php?rest_route=%2Fwp%2Fv2%2Fcomments&post=49322"}],"wp:featuredmedia":[{"embeddable":true,"href":"https:\/\/www.hediyepazar.com\/index.php?rest_route=\/wp\/v2\/media\/49321"}],"wp:attachment":[{"href":"https:\/\/www.hediyepazar.com\/index.php?rest_route=%2Fwp%2Fv2%2Fmedia&parent=49322"}],"wp:term":[{"taxonomy":"product_brand","embeddable":true,"href":"https:\/\/www.hediyepazar.com\/index.php?rest_route=%2Fwp%2Fv2%2Fproduct_brand&post=49322"},{"taxonomy":"product_cat","embeddable":true,"href":"https:\/\/www.hediyepazar.com\/index.php?rest_route=%2Fwp%2Fv2%2Fproduct_cat&post=49322"},{"taxonomy":"product_tag","embeddable":true,"href":"https:\/\/www.hediyepazar.com\/index.php?rest_route=%2Fwp%2Fv2%2Fproduct_tag&post=49322"}],"curies":[{"name":"wp","href":"https:\/\/api.w.org\/{rel}","templated":true}]}}