{"id":49324,"date":"2026-04-27T02:06:11","date_gmt":"2026-04-27T05:06:11","guid":{"rendered":"https:\/\/www.hediyepazar.com\/?product=erkeklere-ozel-profesyonel-tiras-makinesi"},"modified":"2026-04-27T02:06:11","modified_gmt":"2026-04-27T05:06:11","slug":"erkeklere-ozel-profesyonel-tiras-makinesi","status":"publish","type":"product","link":"https:\/\/www.hediyepazar.com\/?product=erkeklere-ozel-profesyonel-tiras-makinesi","title":{"rendered":"Erkeklere \u00d6zel Profesyonel T\u0131ra\u015f Makinesi"},"content":{"rendered":"","protected":false},"excerpt":{"rendered":"<p>Bu \u015farjl\u0131 sa\u00e7 ve sakal t\u0131ra\u015f makinesi, seyahat dostu kompakt tasar\u0131m\u0131 ve kablosuz kullan\u0131m\u0131 sayesinde diledi\u011finiz her yerde rahatl\u0131kla kullan\u0131labilir. Evde, i\u015f yerinde ya da tatilde fark etmeksizin yan\u0131n\u0131zda ta\u015f\u0131yarak ki\u015fisel bak\u0131m\u0131n\u0131z\u0131 aksatmadan s\u00fcrd\u00fcrebilirsiniz. Cihaz, profesyonel kalitede bir t\u0131ra\u015f deneyimi sunmak i\u00e7in g\u00fc\u00e7l\u00fc bir motorla donat\u0131lm\u0131\u015ft\u0131r ve her kullan\u0131mda e\u015fit, p\u00fcr\u00fczs\u00fcz bir kesim sa\u011flar. Ayr\u0131ca kuru kullan\u0131m \u00f6zelli\u011fi, zaman kazanman\u0131z\u0131 sa\u011flarken cilt dostu b\u0131\u00e7aklar\u0131 tahri\u015fi ve k\u0131zar\u0131kl\u0131\u011f\u0131 minimize eder. \u00c7e\u015fitli kesim ihtiya\u00e7lar\u0131n\u0131 kar\u015f\u0131lamak i\u00e7in ayarlanabilir tarak ba\u015fl\u0131klar\u0131na sahip olan cihaz, sa\u00e7, sakal ve v\u00fccut t\u00fcylerinde etkili sonu\u00e7lar elde etmenizi sa\u011flar. \u015earj durumu g\u00f6sterge \u0131\u015f\u0131\u011f\u0131 ve ergonomik tutu\u015f \u00f6zelli\u011fi, kullan\u0131c\u0131 deneyimini daha da iyile\u015ftirir. Dayan\u0131kl\u0131 malzeme yap\u0131s\u0131, \u00fcr\u00fcn\u00fcn uzun \u00f6m\u00fcrl\u00fc olmas\u0131n\u0131 garanti eder.<\/p>\n","protected":false},"featured_media":49323,"comment_status":"open","ping_status":"closed","template":"","meta":{"_kad_post_transparent":"","_kad_post_title":"","_kad_post_layout":"","_kad_post_sidebar_id":"","_kad_post_content_style":"","_kad_post_vertical_padding":"","_kad_post_feature":"","_kad_post_feature_position":"","_kad_post_header":false,"_kad_post_footer":false,"_kad_post_classname":""},"product_brand":[],"product_cat":[23],"product_tag":[],"class_list":{"0":"post-49324","1":"product","2":"type-product","3":"status-publish","4":"has-post-thumbnail","6":"product_cat-genel","8":"first","9":"instock","10":"purchasable","11":"product-type-simple","12":"entry","13":"content-bg","14":"loop-entry"},"_links":{"self":[{"href":"https:\/\/www.hediyepazar.com\/index.php?rest_route=\/wp\/v2\/product\/49324","targetHints":{"allow":["GET"]}}],"collection":[{"href":"https:\/\/www.hediyepazar.com\/index.php?rest_route=\/wp\/v2\/product"}],"about":[{"href":"https:\/\/www.hediyepazar.com\/index.php?rest_route=\/wp\/v2\/types\/product"}],"replies":[{"embeddable":true,"href":"https:\/\/www.hediyepazar.com\/index.php?rest_route=%2Fwp%2Fv2%2Fcomments&post=49324"}],"wp:featuredmedia":[{"embeddable":true,"href":"https:\/\/www.hediyepazar.com\/index.php?rest_route=\/wp\/v2\/media\/49323"}],"wp:attachment":[{"href":"https:\/\/www.hediyepazar.com\/index.php?rest_route=%2Fwp%2Fv2%2Fmedia&parent=49324"}],"wp:term":[{"taxonomy":"product_brand","embeddable":true,"href":"https:\/\/www.hediyepazar.com\/index.php?rest_route=%2Fwp%2Fv2%2Fproduct_brand&post=49324"},{"taxonomy":"product_cat","embeddable":true,"href":"https:\/\/www.hediyepazar.com\/index.php?rest_route=%2Fwp%2Fv2%2Fproduct_cat&post=49324"},{"taxonomy":"product_tag","embeddable":true,"href":"https:\/\/www.hediyepazar.com\/index.php?rest_route=%2Fwp%2Fv2%2Fproduct_tag&post=49324"}],"curies":[{"name":"wp","href":"https:\/\/api.w.org\/{rel}","templated":true}]}}