{"id":49326,"date":"2026-04-27T02:06:13","date_gmt":"2026-04-27T05:06:13","guid":{"rendered":"https:\/\/www.hediyepazar.com\/?product=elektrikli-profesyonel-manikur-pedikur-seti-degistirilebilir-baslik-secenegi"},"modified":"2026-04-28T01:48:47","modified_gmt":"2026-04-28T04:48:47","slug":"elektrikli-profesyonel-manikur-pedikur-seti-degistirilebilir-baslik-secenegi","status":"publish","type":"product","link":"https:\/\/www.hediyepazar.com\/?product=elektrikli-profesyonel-manikur-pedikur-seti-degistirilebilir-baslik-secenegi","title":{"rendered":"Elektrikli Profesyonel Manik\u00fcr Pedik\u00fcr Seti De\u011fi\u015ftirilebilir Ba\u015fl\u0131k Se\u00e7ene\u011fi"},"content":{"rendered":"","protected":false},"excerpt":{"rendered":"<p>Elektrikli Manik\u00fcr-Pedik\u00fcr-T\u00f6rp\u00fc MakinesiT\u0131rnaklar\u0131n\u0131z\u0131n kuaf\u00f6rden \u00e7\u0131km\u0131\u015f gibi g\u00f6r\u00fcnmesi hi\u00e7 bu kadar kolay olmam\u0131\u015ft\u0131! Evde profesyonel bir manik\u00fcr ve pedik\u00fcr deneyimi i\u00e7in ideal olan bu set, m\u00fckemmel t\u0131rnak bak\u0131m\u0131n\u0131 sadece birka\u00e7 ad\u0131mda ger\u00e7ekle\u015ftirmenize yard\u0131mc\u0131 olur. Kendinize veya sevdi\u011finiz birine hediye edebilece\u011finiz harika bir \u00fcr\u00fcn! Kolay Kullan\u0131m ve Konforlu Tasar\u0131mElektrikli manik\u00fcr ve pedik\u00fcr makinesi, hafif ve rahat tutu\u015f sa\u011flamak i\u00e7in kalem \u015feklinde tasarlanm\u0131\u015ft\u0131r. Ergonomik yap\u0131s\u0131 sayesinde uzun s\u00fcreli kullan\u0131mda bile ellerinizi yormaz. D\u00fc\u015f\u00fck g\u00fcr\u00fclt\u00fc seviyesi ve titre\u015fimsiz \u00e7al\u0131\u015fma \u00f6zelli\u011fi ile konforlu bir deneyim sunar.<\/p>\n","protected":false},"featured_media":49325,"comment_status":"open","ping_status":"closed","template":"","meta":{"_kad_post_transparent":"","_kad_post_title":"","_kad_post_layout":"","_kad_post_sidebar_id":"","_kad_post_content_style":"","_kad_post_vertical_padding":"","_kad_post_feature":"","_kad_post_feature_position":"","_kad_post_header":false,"_kad_post_footer":false,"_kad_post_classname":""},"product_brand":[],"product_cat":[23],"product_tag":[],"class_list":{"0":"post-49326","1":"product","2":"type-product","3":"status-publish","4":"has-post-thumbnail","6":"product_cat-genel","8":"first","9":"instock","10":"purchasable","11":"product-type-simple","12":"entry","13":"content-bg","14":"loop-entry"},"_links":{"self":[{"href":"https:\/\/www.hediyepazar.com\/index.php?rest_route=\/wp\/v2\/product\/49326","targetHints":{"allow":["GET"]}}],"collection":[{"href":"https:\/\/www.hediyepazar.com\/index.php?rest_route=\/wp\/v2\/product"}],"about":[{"href":"https:\/\/www.hediyepazar.com\/index.php?rest_route=\/wp\/v2\/types\/product"}],"replies":[{"embeddable":true,"href":"https:\/\/www.hediyepazar.com\/index.php?rest_route=%2Fwp%2Fv2%2Fcomments&post=49326"}],"wp:featuredmedia":[{"embeddable":true,"href":"https:\/\/www.hediyepazar.com\/index.php?rest_route=\/wp\/v2\/media\/49325"}],"wp:attachment":[{"href":"https:\/\/www.hediyepazar.com\/index.php?rest_route=%2Fwp%2Fv2%2Fmedia&parent=49326"}],"wp:term":[{"taxonomy":"product_brand","embeddable":true,"href":"https:\/\/www.hediyepazar.com\/index.php?rest_route=%2Fwp%2Fv2%2Fproduct_brand&post=49326"},{"taxonomy":"product_cat","embeddable":true,"href":"https:\/\/www.hediyepazar.com\/index.php?rest_route=%2Fwp%2Fv2%2Fproduct_cat&post=49326"},{"taxonomy":"product_tag","embeddable":true,"href":"https:\/\/www.hediyepazar.com\/index.php?rest_route=%2Fwp%2Fv2%2Fproduct_tag&post=49326"}],"curies":[{"name":"wp","href":"https:\/\/api.w.org\/{rel}","templated":true}]}}