{"id":49355,"date":"2026-04-27T02:06:53","date_gmt":"2026-04-27T05:06:53","guid":{"rendered":"https:\/\/www.hediyepazar.com\/?product=gogus-bandi"},"modified":"2026-04-27T02:06:53","modified_gmt":"2026-04-27T05:06:53","slug":"gogus-bandi","status":"publish","type":"product","link":"https:\/\/www.hediyepazar.com\/?product=gogus-bandi","title":{"rendered":"G\u00f6\u011f\u00fcs Band\u0131"},"content":{"rendered":"","protected":false},"excerpt":{"rendered":"<p>G\u00f6\u011f\u00fcs band\u0131, g\u00f6\u011f\u00fcslerinizi istedi\u011finiz pozisyonda tutmak veya kald\u0131rmak i\u00e7in \u00f6zel olarak tasarlanm\u0131\u015f bir \u00fcr\u00fcnd\u00fcr. %95 pamuk ve %5 elastan i\u00e7eri\u011fi sayesinde cildinize uyum sa\u011flayarak rahat bir kullan\u0131m sunar. Y\u00fcksek hava ge\u00e7irgenli\u011fi ile konforlu bir deneyim sa\u011flarken, g\u00fc\u00e7l\u00fc yap\u0131\u015fkan \u00f6zelli\u011fi sayesinde g\u00fcn boyu g\u00fcvenli bir tutu\u015f sunar. Suya ve terlemeye dayan\u0131kl\u0131 yap\u0131s\u0131 sayesinde \u00f6zel g\u00fcnler, davetler veya g\u00fcnl\u00fck kullan\u0131m i\u00e7in idealdir. Ten dostu malzemelerle \u00fcretilmi\u015f olup, hassas ciltler i\u00e7in bile uygun bir deneyim sunar. K\u0131yafetlerde iz yapmayan tasar\u0131m\u0131 sayesinde derin dekolteler, s\u0131rt\u0131 a\u00e7\u0131k veya ask\u0131s\u0131z k\u0131yafetler ile rahatl\u0131kla kullan\u0131labilir. Cilt hassasiyetini test etmek i\u00e7in, uzun s\u00fcreli kullan\u0131m \u00f6ncesinde k\u00fc\u00e7\u00fck bir alanda 3-4 saatlik bir deneme yap\u0131lmas\u0131 \u00f6nerilir. Bu sayede cildinizin banda verece\u011fi tepkiyi g\u00f6zlemleyebilir ve g\u00fcvenle kullanabilirsiniz. \u015e\u0131k ve do\u011fal bir g\u00f6r\u00fcn\u00fcm sunan bu bant, g\u00f6\u011f\u00fcslerinizi istedi\u011finiz formda tutarak \u00f6zg\u00fcvenle hareket etmenizi sa\u011flar.<\/p>\n","protected":false},"featured_media":49354,"comment_status":"open","ping_status":"closed","template":"","meta":{"_kad_post_transparent":"","_kad_post_title":"","_kad_post_layout":"","_kad_post_sidebar_id":"","_kad_post_content_style":"","_kad_post_vertical_padding":"","_kad_post_feature":"","_kad_post_feature_position":"","_kad_post_header":false,"_kad_post_footer":false,"_kad_post_classname":""},"product_brand":[],"product_cat":[23],"product_tag":[],"class_list":{"0":"post-49355","1":"product","2":"type-product","3":"status-publish","4":"has-post-thumbnail","6":"product_cat-genel","8":"first","9":"instock","10":"purchasable","11":"product-type-simple","12":"entry","13":"content-bg","14":"loop-entry"},"_links":{"self":[{"href":"https:\/\/www.hediyepazar.com\/index.php?rest_route=\/wp\/v2\/product\/49355","targetHints":{"allow":["GET"]}}],"collection":[{"href":"https:\/\/www.hediyepazar.com\/index.php?rest_route=\/wp\/v2\/product"}],"about":[{"href":"https:\/\/www.hediyepazar.com\/index.php?rest_route=\/wp\/v2\/types\/product"}],"replies":[{"embeddable":true,"href":"https:\/\/www.hediyepazar.com\/index.php?rest_route=%2Fwp%2Fv2%2Fcomments&post=49355"}],"wp:featuredmedia":[{"embeddable":true,"href":"https:\/\/www.hediyepazar.com\/index.php?rest_route=\/wp\/v2\/media\/49354"}],"wp:attachment":[{"href":"https:\/\/www.hediyepazar.com\/index.php?rest_route=%2Fwp%2Fv2%2Fmedia&parent=49355"}],"wp:term":[{"taxonomy":"product_brand","embeddable":true,"href":"https:\/\/www.hediyepazar.com\/index.php?rest_route=%2Fwp%2Fv2%2Fproduct_brand&post=49355"},{"taxonomy":"product_cat","embeddable":true,"href":"https:\/\/www.hediyepazar.com\/index.php?rest_route=%2Fwp%2Fv2%2Fproduct_cat&post=49355"},{"taxonomy":"product_tag","embeddable":true,"href":"https:\/\/www.hediyepazar.com\/index.php?rest_route=%2Fwp%2Fv2%2Fproduct_tag&post=49355"}],"curies":[{"name":"wp","href":"https:\/\/api.w.org\/{rel}","templated":true}]}}