{"id":49360,"date":"2026-04-27T02:07:02","date_gmt":"2026-04-27T05:07:02","guid":{"rendered":"https:\/\/www.hediyepazar.com\/?product=paslanmaz-celik-bicakli-hassas-celik-bicakli-tiras-makinesi"},"modified":"2026-04-27T02:07:02","modified_gmt":"2026-04-27T05:07:02","slug":"paslanmaz-celik-bicakli-hassas-celik-bicakli-tiras-makinesi","status":"publish","type":"product","link":"https:\/\/www.hediyepazar.com\/?product=paslanmaz-celik-bicakli-hassas-celik-bicakli-tiras-makinesi","title":{"rendered":"Paslanmaz \u00c7elik B\u0131\u00e7akl\u0131 Hassas \u00c7elik B\u0131\u00e7akl\u0131 T\u0131ra\u015f Makinesi"},"content":{"rendered":"","protected":false},"excerpt":{"rendered":"<p>Profesyonel \u015farjl\u0131 sa\u00e7 ve sakal tra\u015f makinesi, hem kad\u0131nlar hem de erkekler i\u00e7in ki\u015fisel bak\u0131mda g\u00fcvenilir bir yard\u0131mc\u0131d\u0131r. Keskin ve dayan\u0131kl\u0131 \u00e7elik b\u0131\u00e7aklar\u0131, sa\u00e7 ve sakal kesiminde hassasiyet sa\u011flar. T\u00fcrkiye\u2019nin en \u00e7ok tercih edilen kuaf\u00f6r kesim makinelerinden biri olan bu cihaz, g\u00fc\u00e7l\u00fc motoruyla etkileyici bir performans sunar. \u015earjl\u0131 yap\u0131s\u0131 sayesinde kablosuz kullan\u0131m rahatl\u0131\u011f\u0131 sa\u011flar. Ayarlanabilir tarak ba\u015fl\u0131klar\u0131, sa\u00e7 ve sakalda 03 mm\u2019den 12 mm\u2019ye kadar farkl\u0131 uzunluklar elde etmenizi m\u00fcmk\u00fcn k\u0131lar. \u0130ster g\u00fcnl\u00fck bak\u0131m i\u00e7in k\u0131sa bir kesim, ister stilize bir sakal \u015fekillendirme\u2026 Bu tra\u015f makinesi ile hepsini kolayca yapabilirsiniz. Cihaz, bak\u0131m ve temizlik i\u00e7in olduk\u00e7a kullan\u0131c\u0131 dostudur. Sessiz \u00e7al\u0131\u015fan motoru ve ergonomik tasar\u0131m\u0131yla, kullan\u0131m s\u0131ras\u0131nda maksimum konfor sunar. Paket i\u00e7eri\u011finde yer alan temizleme f\u0131r\u00e7as\u0131 ve bak\u0131m ya\u011f\u0131 ile uzun \u00f6m\u00fcrl\u00fc bir kullan\u0131m garanti edilir. \u015earj adapt\u00f6r\u00fc sayesinde k\u0131sa s\u00fcrede dolan batarya, cihaz\u0131n\u0131z\u0131 her zaman haz\u0131r tutar.<\/p>\n","protected":false},"featured_media":49359,"comment_status":"open","ping_status":"closed","template":"","meta":{"_kad_post_transparent":"","_kad_post_title":"","_kad_post_layout":"","_kad_post_sidebar_id":"","_kad_post_content_style":"","_kad_post_vertical_padding":"","_kad_post_feature":"","_kad_post_feature_position":"","_kad_post_header":false,"_kad_post_footer":false,"_kad_post_classname":""},"product_brand":[],"product_cat":[23],"product_tag":[],"class_list":{"0":"post-49360","1":"product","2":"type-product","3":"status-publish","4":"has-post-thumbnail","6":"product_cat-genel","8":"first","9":"instock","10":"purchasable","11":"product-type-simple","12":"entry","13":"content-bg","14":"loop-entry"},"_links":{"self":[{"href":"https:\/\/www.hediyepazar.com\/index.php?rest_route=\/wp\/v2\/product\/49360","targetHints":{"allow":["GET"]}}],"collection":[{"href":"https:\/\/www.hediyepazar.com\/index.php?rest_route=\/wp\/v2\/product"}],"about":[{"href":"https:\/\/www.hediyepazar.com\/index.php?rest_route=\/wp\/v2\/types\/product"}],"replies":[{"embeddable":true,"href":"https:\/\/www.hediyepazar.com\/index.php?rest_route=%2Fwp%2Fv2%2Fcomments&post=49360"}],"wp:featuredmedia":[{"embeddable":true,"href":"https:\/\/www.hediyepazar.com\/index.php?rest_route=\/wp\/v2\/media\/49359"}],"wp:attachment":[{"href":"https:\/\/www.hediyepazar.com\/index.php?rest_route=%2Fwp%2Fv2%2Fmedia&parent=49360"}],"wp:term":[{"taxonomy":"product_brand","embeddable":true,"href":"https:\/\/www.hediyepazar.com\/index.php?rest_route=%2Fwp%2Fv2%2Fproduct_brand&post=49360"},{"taxonomy":"product_cat","embeddable":true,"href":"https:\/\/www.hediyepazar.com\/index.php?rest_route=%2Fwp%2Fv2%2Fproduct_cat&post=49360"},{"taxonomy":"product_tag","embeddable":true,"href":"https:\/\/www.hediyepazar.com\/index.php?rest_route=%2Fwp%2Fv2%2Fproduct_tag&post=49360"}],"curies":[{"name":"wp","href":"https:\/\/api.w.org\/{rel}","templated":true}]}}