{"id":49392,"date":"2026-04-27T02:07:52","date_gmt":"2026-04-27T05:07:52","guid":{"rendered":"https:\/\/www.hediyepazar.com\/?product=rd-378-cizik-tiras-makinesi-seti-dijital"},"modified":"2026-04-27T02:07:52","modified_gmt":"2026-04-27T05:07:52","slug":"rd-378-cizik-tiras-makinesi-seti-dijital","status":"publish","type":"product","link":"https:\/\/www.hediyepazar.com\/?product=rd-378-cizik-tiras-makinesi-seti-dijital","title":{"rendered":"Rd 378 \u00c7izik T\u0131ra\u015f Makinesi Seti Dijital"},"content":{"rendered":"","protected":false},"excerpt":{"rendered":"<p>Islak ve kuru kullan\u0131m \u00f6zelli\u011fi sayesinde, du\u015fta ya da kuru ortamda rahatl\u0131kla t\u0131ra\u015f imkan\u0131 sa\u011flar \u015earjl\u0131 yap\u0131s\u0131 ile kablosuz \u00f6zg\u00fcrl\u00fck sunar b\u00f6ylece hareket halindeyken bile kesintisiz t\u0131ra\u015f deneyimi ya\u015fat\u0131r Tek \u015farjla 1 ila 2 saat aras\u0131nda kesintisiz kullan\u0131m imkan\u0131 sunarak, uzun s\u00fcreli t\u0131ra\u015f ihtiya\u00e7lar\u0131n\u0131za cevap verir Sa\u00e7, sakal ve v\u00fccut i\u00e7in uygun olan bu t\u0131ra\u015f makinesi ile ki\u015fisel bak\u0131m rutininizi \u00e7e\u015fitlendirin ve her b\u00f6lgede m\u00fckemmel sonu\u00e7lar elde edin \u015earj edilebilir profesyonel sa\u00e7\/sakal \u015fekillendirici Evde kendi kendinize kolayca sa\u00e7lar\u0131n\u0131z\u0131 ve sakal\u0131n\u0131z\u0131 \u015fekillendirebilirsiniz F\u0131r\u00e7as\u0131z yeni nesil motor g\u00fc\u00e7l\u00fc ve sessiz Ev konforunda profesyonel bir kesim performans\u0131 sunuyor Makinede yer alan kolay s\u00f6k\u00fclebilir b\u0131\u00e7aklar kolayl\u0131kla temizlenebiliyor Hijyenik kullan\u0131m avantaj\u0131na sahip olan \u00fcr\u00fcn profesyonel kullan\u0131c\u0131lar taraf\u0131nda da s\u0131kl\u0131kla tercih ediliyor T\u00fcm v\u00fccut i\u00e7in kullan\u0131labilir aksesuarlar Y\u00fcksek devirli motoru ve yeni nesil T \u00e7elik b\u0131\u00e7a\u011f\u0131 kusursuz bir t\u0131ra\u015f deneyimi sunar. 1800 mA lityum pil 180 dakikaya kadar kullan\u0131m y\u00fcksek \u015farj kapasite \u00f6zelli\u011fi berber d\u00fckkanlar\u0131 i\u00e7in vazge\u00e7ilmez 3 ba\u015fl\u0131kl\u0131 Kablolu ve \u015farjl\u0131<\/p>\n","protected":false},"featured_media":49391,"comment_status":"open","ping_status":"closed","template":"","meta":{"_kad_post_transparent":"","_kad_post_title":"","_kad_post_layout":"","_kad_post_sidebar_id":"","_kad_post_content_style":"","_kad_post_vertical_padding":"","_kad_post_feature":"","_kad_post_feature_position":"","_kad_post_header":false,"_kad_post_footer":false,"_kad_post_classname":""},"product_brand":[],"product_cat":[23],"product_tag":[],"class_list":{"0":"post-49392","1":"product","2":"type-product","3":"status-publish","4":"has-post-thumbnail","6":"product_cat-genel","8":"first","9":"instock","10":"purchasable","11":"product-type-simple","12":"entry","13":"content-bg","14":"loop-entry"},"_links":{"self":[{"href":"https:\/\/www.hediyepazar.com\/index.php?rest_route=\/wp\/v2\/product\/49392","targetHints":{"allow":["GET"]}}],"collection":[{"href":"https:\/\/www.hediyepazar.com\/index.php?rest_route=\/wp\/v2\/product"}],"about":[{"href":"https:\/\/www.hediyepazar.com\/index.php?rest_route=\/wp\/v2\/types\/product"}],"replies":[{"embeddable":true,"href":"https:\/\/www.hediyepazar.com\/index.php?rest_route=%2Fwp%2Fv2%2Fcomments&post=49392"}],"wp:featuredmedia":[{"embeddable":true,"href":"https:\/\/www.hediyepazar.com\/index.php?rest_route=\/wp\/v2\/media\/49391"}],"wp:attachment":[{"href":"https:\/\/www.hediyepazar.com\/index.php?rest_route=%2Fwp%2Fv2%2Fmedia&parent=49392"}],"wp:term":[{"taxonomy":"product_brand","embeddable":true,"href":"https:\/\/www.hediyepazar.com\/index.php?rest_route=%2Fwp%2Fv2%2Fproduct_brand&post=49392"},{"taxonomy":"product_cat","embeddable":true,"href":"https:\/\/www.hediyepazar.com\/index.php?rest_route=%2Fwp%2Fv2%2Fproduct_cat&post=49392"},{"taxonomy":"product_tag","embeddable":true,"href":"https:\/\/www.hediyepazar.com\/index.php?rest_route=%2Fwp%2Fv2%2Fproduct_tag&post=49392"}],"curies":[{"name":"wp","href":"https:\/\/api.w.org\/{rel}","templated":true}]}}