{"id":49410,"date":"2026-04-27T02:08:10","date_gmt":"2026-04-27T05:08:10","guid":{"rendered":"https:\/\/www.hediyepazar.com\/?product=hk-3600-tiras-makinesi"},"modified":"2026-04-27T02:08:10","modified_gmt":"2026-04-27T05:08:10","slug":"hk-3600-tiras-makinesi","status":"publish","type":"product","link":"https:\/\/www.hediyepazar.com\/?product=hk-3600-tiras-makinesi","title":{"rendered":"Hk 3600 T\u0131ra\u015f Makinesi"},"content":{"rendered":"","protected":false},"excerpt":{"rendered":"<p>\u0130nsua 3&#8217;l\u00fc T\u0131ra\u015f Makinesi Profesyonel Set Erkek bak\u0131m setinde bulunan 3 farkl\u0131 kesim ba\u015fl\u0131\u011f\u0131 ultra konfor sunarak yenilik\u00e7i bir ki\u015fisel bak\u0131m rutini olu\u015fturur. Makinenin s\u0131f\u0131r kesim ba\u015fl\u0131\u011f\u0131, ayarlanabilir tarakl\u0131 ba\u015fl\u0131\u011f\u0131, kulak, burun gibi alanlarda etkili i\u015flem yapmak i\u00e7in hassas ba\u015fl\u0131\u011f\u0131 bulunmaktad\u0131r. \u00a0 G\u00fcvenli bir \u015fekilde kullan\u0131labilen erkek bak\u0131m seti, cildi asla tahri\u015f etmez ve kesiklere yol a\u00e7maz. Ayr\u0131ca k\u0131llar\u0131 k\u0131salt\u0131rken tak\u0131lma veya \u00e7ekme sorunu yaratman kusursuz bir deneyim sunar. Bak\u0131m setinin tam bir ki\u015fisel bak\u0131m \u00fcr\u00fcn\u00fc olmas\u0131 b\u00fcnyesinde bar\u0131nd\u0131rd\u0131\u011f\u0131 g\u00fc\u00e7l\u00fc motor yap\u0131s\u0131ndan sa\u011flan\u0131r. Kullan\u0131c\u0131lar sa\u00e7, sakal, b\u0131y\u0131k, favori veya s\u0131f\u0131r sakal modellerini diledi\u011fi gibi geli\u015ftirebilir ve etkili bir deneyim ger\u00e7ekle\u015ftirebilir. Ergonomik bir deneyim sunan bak\u0131m setinin kolay a\u00e7\u0131l\u0131p kapanan \u00e7al\u0131\u015fma disiplini t\u00fcm kullan\u0131c\u0131lar taraf\u0131ndan pratik bir \u015fekilde kullan\u0131l\u0131r. Cihaz \u00fczerinde bulunan g\u00fc\u00e7 d\u00fc\u011fmesi ba\u015fl\u0131k de\u011fi\u015ftirildikten sonra en do\u011fru ama\u00e7 i\u00e7in etkili \u00e7\u00f6z\u00fcmler \u00fcretir. Her kullan\u0131m sonras\u0131nda cihaz \u00fczerinde arta kalan k\u0131l ve t\u00fcyler, bak\u0131m setinin kendine \u00f6zel f\u0131r\u00e7as\u0131 ile temizlenmelidir. Kullan\u0131c\u0131lar cihaz\u0131n performans\u0131n\u0131 azaltmamak ad\u0131na tak\u0131l\u0131 kalan k\u0131llar\u0131 temizleyerek hijyenik bir deneyim ya\u015far. T\u0131ra\u015f makinesi 6 saat \u015farj edildikten sonra 60 dakikaya kadar kesintisiz bir kullan\u0131m g\u00fcc\u00fc sunar. Bu sayede kullan\u0131c\u0131lar diledi\u011fi modeli ger\u00e7ekle\u015ftirmenin benzersiz keyfini doyas\u0131ya ya\u015far.<\/p>\n","protected":false},"featured_media":49409,"comment_status":"open","ping_status":"closed","template":"","meta":{"_kad_post_transparent":"","_kad_post_title":"","_kad_post_layout":"","_kad_post_sidebar_id":"","_kad_post_content_style":"","_kad_post_vertical_padding":"","_kad_post_feature":"","_kad_post_feature_position":"","_kad_post_header":false,"_kad_post_footer":false,"_kad_post_classname":""},"product_brand":[],"product_cat":[23],"product_tag":[],"class_list":{"0":"post-49410","1":"product","2":"type-product","3":"status-publish","4":"has-post-thumbnail","6":"product_cat-genel","8":"first","9":"instock","10":"purchasable","11":"product-type-simple","12":"entry","13":"content-bg","14":"loop-entry"},"_links":{"self":[{"href":"https:\/\/www.hediyepazar.com\/index.php?rest_route=\/wp\/v2\/product\/49410","targetHints":{"allow":["GET"]}}],"collection":[{"href":"https:\/\/www.hediyepazar.com\/index.php?rest_route=\/wp\/v2\/product"}],"about":[{"href":"https:\/\/www.hediyepazar.com\/index.php?rest_route=\/wp\/v2\/types\/product"}],"replies":[{"embeddable":true,"href":"https:\/\/www.hediyepazar.com\/index.php?rest_route=%2Fwp%2Fv2%2Fcomments&post=49410"}],"wp:featuredmedia":[{"embeddable":true,"href":"https:\/\/www.hediyepazar.com\/index.php?rest_route=\/wp\/v2\/media\/49409"}],"wp:attachment":[{"href":"https:\/\/www.hediyepazar.com\/index.php?rest_route=%2Fwp%2Fv2%2Fmedia&parent=49410"}],"wp:term":[{"taxonomy":"product_brand","embeddable":true,"href":"https:\/\/www.hediyepazar.com\/index.php?rest_route=%2Fwp%2Fv2%2Fproduct_brand&post=49410"},{"taxonomy":"product_cat","embeddable":true,"href":"https:\/\/www.hediyepazar.com\/index.php?rest_route=%2Fwp%2Fv2%2Fproduct_cat&post=49410"},{"taxonomy":"product_tag","embeddable":true,"href":"https:\/\/www.hediyepazar.com\/index.php?rest_route=%2Fwp%2Fv2%2Fproduct_tag&post=49410"}],"curies":[{"name":"wp","href":"https:\/\/api.w.org\/{rel}","templated":true}]}}