{"id":4942,"date":"2026-04-26T06:55:37","date_gmt":"2026-04-26T09:55:37","guid":{"rendered":"https:\/\/www.hediyepazar.com\/?product=powermaster-3020b-10a-olcu-aleti-probu"},"modified":"2026-04-26T06:55:38","modified_gmt":"2026-04-26T09:55:38","slug":"powermaster-3020b-10a-olcu-aleti-probu","status":"publish","type":"product","link":"https:\/\/www.hediyepazar.com\/?product=powermaster-3020b-10a-olcu-aleti-probu","title":{"rendered":"Powermaster 3020b 10a \u00d6l\u00e7\u00fc Aleti Probu"},"content":{"rendered":"<p>Powermaster 3020b 10a \u00d6l\u00e7\u00fc Aleti Probu<\/p>\n","protected":false},"excerpt":{"rendered":"<p>Powermaster 3020b 10a \u00d6l\u00e7\u00fc Aleti Probu<\/p>\n","protected":false},"featured_media":4943,"comment_status":"closed","ping_status":"open","template":"","meta":{"_kad_post_transparent":"","_kad_post_title":"","_kad_post_layout":"","_kad_post_sidebar_id":"","_kad_post_content_style":"","_kad_post_vertical_padding":"","_kad_post_feature":"","_kad_post_feature_position":"","_kad_post_header":false,"_kad_post_footer":false,"_kad_post_classname":""},"product_brand":[],"product_cat":[334],"product_tag":[],"class_list":{"0":"post-4942","1":"product","2":"type-product","3":"status-publish","4":"has-post-thumbnail","6":"product_cat-hirdavat-malzemeleri-hirdavat-tamir-malzemeleri-kontrol-ve-olcu-aletleri-problar","8":"first","9":"instock","10":"purchasable","11":"product-type-simple","12":"entry","13":"content-bg","14":"loop-entry"},"_links":{"self":[{"href":"https:\/\/www.hediyepazar.com\/index.php?rest_route=\/wp\/v2\/product\/4942","targetHints":{"allow":["GET"]}}],"collection":[{"href":"https:\/\/www.hediyepazar.com\/index.php?rest_route=\/wp\/v2\/product"}],"about":[{"href":"https:\/\/www.hediyepazar.com\/index.php?rest_route=\/wp\/v2\/types\/product"}],"replies":[{"embeddable":true,"href":"https:\/\/www.hediyepazar.com\/index.php?rest_route=%2Fwp%2Fv2%2Fcomments&post=4942"}],"wp:featuredmedia":[{"embeddable":true,"href":"https:\/\/www.hediyepazar.com\/index.php?rest_route=\/wp\/v2\/media\/4943"}],"wp:attachment":[{"href":"https:\/\/www.hediyepazar.com\/index.php?rest_route=%2Fwp%2Fv2%2Fmedia&parent=4942"}],"wp:term":[{"taxonomy":"product_brand","embeddable":true,"href":"https:\/\/www.hediyepazar.com\/index.php?rest_route=%2Fwp%2Fv2%2Fproduct_brand&post=4942"},{"taxonomy":"product_cat","embeddable":true,"href":"https:\/\/www.hediyepazar.com\/index.php?rest_route=%2Fwp%2Fv2%2Fproduct_cat&post=4942"},{"taxonomy":"product_tag","embeddable":true,"href":"https:\/\/www.hediyepazar.com\/index.php?rest_route=%2Fwp%2Fv2%2Fproduct_tag&post=4942"}],"curies":[{"name":"wp","href":"https:\/\/api.w.org\/{rel}","templated":true}]}}