{"id":49424,"date":"2026-04-27T02:08:27","date_gmt":"2026-04-27T05:08:27","guid":{"rendered":"https:\/\/www.hediyepazar.com\/?product=hk-6005-tiras-makinesi"},"modified":"2026-04-27T02:08:27","modified_gmt":"2026-04-27T05:08:27","slug":"hk-6005-tiras-makinesi","status":"publish","type":"product","link":"https:\/\/www.hediyepazar.com\/?product=hk-6005-tiras-makinesi","title":{"rendered":"Hk-6005 T\u0131ra\u015f Makinesi"},"content":{"rendered":"","protected":false},"excerpt":{"rendered":"<p>\u00d6zel T b\u0131\u00e7ak teknolojisi sayesinde s\u0131f\u0131ra yak\u0131n t\u0131ra\u015f imkan\u0131. \u00b7 Yak\u0131n kesim, hassas sa\u00e7 &#8211; sakal ve ense t\u0131ra\u015f\u0131. \u00b7 Kolay s\u00f6k\u00fclebilir opsiyonel b\u0131\u00e7ak. \u00b7 \u0130nce \u00e7izgiler i\u00e7in ideal ve tasar\u0131mc\u0131 kesim. \u00b7 T\u00fcm sa\u00e7 tipleri i\u00e7in y\u00fcksek devirli \u00fcst\u00fcn motor. \u00b7 Optik LED \u015farj g\u00f6stergesi. Paket i\u00e7erisinde &#8211; 1 adet tra\u015f makinas\u0131 &#8211; 1 adet ya\u011f &#8211; 1 adet adapt\u00f6r &#8211; 1 adet f\u0131r\u00e7a &#8211; 4 adet tarak mevcuttur.3 6 9 ve 12 olarak. Kablosuz Kullan\u0131m Sakal ve sa\u00e7 kesme makinesinde bulunan yenilik\u00e7i teknolojisi sayesinde kullan\u0131c\u0131lar \u00fcr\u00fcn\u00fc kablosuz bir \u015fekilde deneyimleyebilir. \u00dcst\u00fcn bir performans kazanan kullan\u0131c\u0131lar diledi\u011fi sa\u00e7 veya sakal modelini \u00f6zg\u00fcrce sa\u011flayabilir. Ergonomik Deneyim Konforlu bir tutu\u015f sunan ergonomik tasar\u0131m\u0131 sayesinde kullan\u0131c\u0131lar g\u00fcvenli bir deneyim ya\u015far. Sa\u00e7 ve sakal kesme makinesinin g\u00fc\u00e7l\u00fc yap\u0131s\u0131 t\u00fcm kullan\u0131c\u0131 tiplerine kaliteli ve y\u00fcksek performans katarak ayr\u0131cal\u0131kl\u0131 bir kullan\u0131m sunar. Y\u00fcksek Kalite Yenilik\u00e7i teknolojisi ve \u015f\u0131k tasar\u0131m\u0131 sayesinde kullan\u0131c\u0131lar kaliteli bir deneyime ula\u015f\u0131r. \u00dcst\u00fcn performans sunan yap\u0131s\u0131 sayesinde uzun s\u00fcren k\u00f6relmeyen b\u0131\u00e7ak yap\u0131s\u0131 ultra konfor katarak asla yar\u0131 yolda b\u0131rakmaz. \u00dcst\u00fcn Performans Profesyonel bir hizmet sunan t\u0131ra\u015f makinesinin yenilik\u00e7i teknolojisi, s\u0131n\u0131f\u0131n\u0131n en iyi hizmetini sunarak t\u00fcm kullan\u0131c\u0131 tipleri i\u00e7in ergonomik bir deneyim olu\u015fturur. Kullan\u0131c\u0131lar t\u0131ra\u015f makinesini kablosuz bir \u015fekilde kullanarak tarzlar\u0131n\u0131 en iyi \u015fekilde ortaya \u00e7\u0131kar\u0131r. Farkl\u0131 Aparatlar \u00c7e\u015fitli aparat tak\u0131m\u0131 sayesinde kullan\u0131c\u0131lar sa\u00e7 ve sakal modellerini diledi\u011fi k\u0131sal\u0131kta verebilir. Sa\u00e7lar\u0131n\u0131 tam istedi\u011fi modelde keserek kusursuz bir deneyim ya\u015fayan kullan\u0131c\u0131lar \u00fcr\u00fcn\u00fc her an her yerde rahat\u00e7a kullanabilir. Etkili S\u00fcre K\u0131sa s\u00fcre i\u00e7erisinde \u015farj olarak uzun s\u00fcreli kablosuz kullan\u0131m sunan yenilik\u00e7i tasar\u0131m\u0131 sayesinde kullan\u0131c\u0131lar benzersiz bir deneyim ya\u015far. S\u0131n\u0131f\u0131n\u0131n en iyi hizmetini sunan performans yap\u0131s\u0131 \u00e7ok uzun s\u00fcreler k\u00f6relmeden kullan\u0131labilir<\/p>\n","protected":false},"featured_media":49423,"comment_status":"open","ping_status":"closed","template":"","meta":{"_kad_post_transparent":"","_kad_post_title":"","_kad_post_layout":"","_kad_post_sidebar_id":"","_kad_post_content_style":"","_kad_post_vertical_padding":"","_kad_post_feature":"","_kad_post_feature_position":"","_kad_post_header":false,"_kad_post_footer":false,"_kad_post_classname":""},"product_brand":[],"product_cat":[23],"product_tag":[],"class_list":{"0":"post-49424","1":"product","2":"type-product","3":"status-publish","4":"has-post-thumbnail","6":"product_cat-genel","8":"first","9":"instock","10":"purchasable","11":"product-type-simple","12":"entry","13":"content-bg","14":"loop-entry"},"_links":{"self":[{"href":"https:\/\/www.hediyepazar.com\/index.php?rest_route=\/wp\/v2\/product\/49424","targetHints":{"allow":["GET"]}}],"collection":[{"href":"https:\/\/www.hediyepazar.com\/index.php?rest_route=\/wp\/v2\/product"}],"about":[{"href":"https:\/\/www.hediyepazar.com\/index.php?rest_route=\/wp\/v2\/types\/product"}],"replies":[{"embeddable":true,"href":"https:\/\/www.hediyepazar.com\/index.php?rest_route=%2Fwp%2Fv2%2Fcomments&post=49424"}],"wp:featuredmedia":[{"embeddable":true,"href":"https:\/\/www.hediyepazar.com\/index.php?rest_route=\/wp\/v2\/media\/49423"}],"wp:attachment":[{"href":"https:\/\/www.hediyepazar.com\/index.php?rest_route=%2Fwp%2Fv2%2Fmedia&parent=49424"}],"wp:term":[{"taxonomy":"product_brand","embeddable":true,"href":"https:\/\/www.hediyepazar.com\/index.php?rest_route=%2Fwp%2Fv2%2Fproduct_brand&post=49424"},{"taxonomy":"product_cat","embeddable":true,"href":"https:\/\/www.hediyepazar.com\/index.php?rest_route=%2Fwp%2Fv2%2Fproduct_cat&post=49424"},{"taxonomy":"product_tag","embeddable":true,"href":"https:\/\/www.hediyepazar.com\/index.php?rest_route=%2Fwp%2Fv2%2Fproduct_tag&post=49424"}],"curies":[{"name":"wp","href":"https:\/\/api.w.org\/{rel}","templated":true}]}}