{"id":49428,"date":"2026-04-27T02:08:33","date_gmt":"2026-04-27T05:08:33","guid":{"rendered":"https:\/\/www.hediyepazar.com\/?product=hk-300-tiras-makinesi"},"modified":"2026-04-27T02:08:33","modified_gmt":"2026-04-27T05:08:33","slug":"hk-300-tiras-makinesi","status":"publish","type":"product","link":"https:\/\/www.hediyepazar.com\/?product=hk-300-tiras-makinesi","title":{"rendered":"Hk-300 T\u0131ra\u015f Makinesi"},"content":{"rendered":"","protected":false},"excerpt":{"rendered":"<p>Profesyonel G\u00fcnl\u00fck T\u0131ra\u015f Makinesi \u00d6zel Tasar\u0131m Piyasada mevcut olan t\u0131ra\u015f b\u0131\u00e7aklar\u0131ndan \u00e7ok daha farkl\u0131 ve yenilik\u00e7i bir tasar\u0131ma sahiptir. 3 D \u00f6zellikte olmas\u0131 hem ona \u015f\u0131kl\u0131k katar hem de performans\u0131 a\u00e7\u0131s\u0131ndan daha g\u00fc\u00e7l\u00fc olmas\u0131na yard\u0131mc\u0131 olur. Rakiplerini geride b\u0131rak\u0131r. Y\u00fczdeki Etkisi Y\u00fcz\u00fcn\u00fczde yumu\u015fakl\u0131k hissini doyas\u0131ya ya\u015famak i\u00e7in \u00fcr\u00fcn\u00fc tercih edebilirisiniz. Sizlere her daim p\u00fcr\u00fczs\u00fczl\u00fck hissini veren ve bu etkinin olduk\u00e7a uzun s\u00fcre kalmas\u0131na yard\u0131mc\u0131 olan bir yap\u0131ya sahiptir. Yollarda Yan\u0131n\u0131zda Tatile gitti\u011finizde ya da i\u015f gezilerine kat\u0131ld\u0131\u011f\u0131n\u0131zda t\u0131ra\u015f olmak eziyet haline gelmesin. Yan\u0131n\u0131zda kolayca ta\u015f\u0131yarak gitti\u011finiz her ortamda t\u0131ra\u015f olabilirsiniz. Hayat\u0131n\u0131z\u0131 kolayla\u015ft\u0131ran g\u00fcc\u00fc ile kendinize vermeniz gereken \u00f6nemi hat\u0131rlat\u0131r. Her Zaman \u015e\u0131k Olun \u0130\u015f yerlerinde dikkat \u00e7ekmek ve g\u00f6zlerin sizin \u00fczerinizde olmas\u0131n\u0131 istiyorsan\u0131z sizlere yard\u0131mc\u0131 olur. \u015e\u0131k giyinmek kadar g\u00fczel bir t\u0131ra\u015f olmak da dikkat \u00e7ekmenizi kolayla\u015ft\u0131r\u0131r. \u0130nsanlar\u0131n ilgisini kazanarak g\u00f6z \u00f6n\u00fcnde olman\u0131n verdi\u011fi keyfi ya\u015fay\u0131n K\u0131zarma Derdi Yok T\u0131ra\u015f sonras\u0131nda olu\u015fan cilt k\u0131zar\u0131kl\u0131klar\u0131 art\u0131k geride kald\u0131. Her zaman hassas davranarak cildin yap\u0131s\u0131n\u0131 korumaya \u00e7al\u0131\u015f\u0131r. Tahri\u015f yapmaz ve ka\u015f\u0131nt\u0131lara sebep olmaz. Kullanmas\u0131 Olduk\u00e7a Pratik Elinizin i\u00e7inde kontrol edebilece\u011finiz yap\u0131ya sahiptir. Kolayca \u00e7al\u0131\u015ft\u0131r\u0131n ve dakikalar i\u00e7inde t\u0131ra\u015f i\u015flemlerinizi tamamlay\u0131n. Hayat\u0131n\u0131z\u0131n her an\u0131n\u0131 konforlu ve kendine g\u00fcvenen bir \u015fekilde ya\u015faman\u0131za yard\u0131mc\u0131 olur. Her daim cildiniz p\u00fcr\u00fczs\u00fcz bir yap\u0131da olsun.<\/p>\n","protected":false},"featured_media":49427,"comment_status":"open","ping_status":"closed","template":"","meta":{"_kad_post_transparent":"","_kad_post_title":"","_kad_post_layout":"","_kad_post_sidebar_id":"","_kad_post_content_style":"","_kad_post_vertical_padding":"","_kad_post_feature":"","_kad_post_feature_position":"","_kad_post_header":false,"_kad_post_footer":false,"_kad_post_classname":""},"product_brand":[],"product_cat":[23],"product_tag":[],"class_list":{"0":"post-49428","1":"product","2":"type-product","3":"status-publish","4":"has-post-thumbnail","6":"product_cat-genel","8":"first","9":"instock","10":"purchasable","11":"product-type-simple","12":"entry","13":"content-bg","14":"loop-entry"},"_links":{"self":[{"href":"https:\/\/www.hediyepazar.com\/index.php?rest_route=\/wp\/v2\/product\/49428","targetHints":{"allow":["GET"]}}],"collection":[{"href":"https:\/\/www.hediyepazar.com\/index.php?rest_route=\/wp\/v2\/product"}],"about":[{"href":"https:\/\/www.hediyepazar.com\/index.php?rest_route=\/wp\/v2\/types\/product"}],"replies":[{"embeddable":true,"href":"https:\/\/www.hediyepazar.com\/index.php?rest_route=%2Fwp%2Fv2%2Fcomments&post=49428"}],"wp:featuredmedia":[{"embeddable":true,"href":"https:\/\/www.hediyepazar.com\/index.php?rest_route=\/wp\/v2\/media\/49427"}],"wp:attachment":[{"href":"https:\/\/www.hediyepazar.com\/index.php?rest_route=%2Fwp%2Fv2%2Fmedia&parent=49428"}],"wp:term":[{"taxonomy":"product_brand","embeddable":true,"href":"https:\/\/www.hediyepazar.com\/index.php?rest_route=%2Fwp%2Fv2%2Fproduct_brand&post=49428"},{"taxonomy":"product_cat","embeddable":true,"href":"https:\/\/www.hediyepazar.com\/index.php?rest_route=%2Fwp%2Fv2%2Fproduct_cat&post=49428"},{"taxonomy":"product_tag","embeddable":true,"href":"https:\/\/www.hediyepazar.com\/index.php?rest_route=%2Fwp%2Fv2%2Fproduct_tag&post=49428"}],"curies":[{"name":"wp","href":"https:\/\/api.w.org\/{rel}","templated":true}]}}