{"id":49432,"date":"2026-04-27T02:08:37","date_gmt":"2026-04-27T05:08:37","guid":{"rendered":"https:\/\/www.hediyepazar.com\/?product=su-dalga-masasi"},"modified":"2026-04-27T02:08:37","modified_gmt":"2026-04-27T05:08:37","slug":"su-dalga-masasi","status":"publish","type":"product","link":"https:\/\/www.hediyepazar.com\/?product=su-dalga-masasi","title":{"rendered":"Su Dalga Ma\u015fas\u0131"},"content":{"rendered":"","protected":false},"excerpt":{"rendered":"<p>Wag Ma\u015fa &#8211; \u00dc\u00e7l\u00fc Su Sa\u00e7 Ma\u015fas\u0131 Hem \u0131slak hem kuru sa\u00e7larda kullan\u0131m i\u00e7in idealdir. 360 derece d\u00f6nebilen kablo ve \u00f6zel \u0131s\u0131t\u0131c\u0131 teknolojisi ile h\u0131zl\u0131 ve g\u00fcvenli sa\u00e7 \u015fekillendirme sa\u011flar. Ergonomik tasar\u0131m\u0131 ve s\u0131cakl\u0131k koruma \u00f6zelli\u011fiyle kullan\u0131c\u0131ya kolayl\u0131k ve g\u00fcven sunar. Estetik g\u00f6r\u00fcn\u00fcm\u00fcyle de dikkat \u00e7eker. Hem \u0131slak hem kuru sa\u00e7ta kullan\u0131labilir 360 derece d\u00f6nebilen kablo H\u0131zl\u0131 \u0131s\u0131nma ve kullan\u0131m esnas\u0131nda s\u0131cakl\u0131k koruma \u00d6zel \u0131s\u0131t\u0131c\u0131 teknolojisi An\u0131nda etki kolay kullan\u0131m Is\u0131ya dayan\u0131kl\u0131 g\u00f6vde Ergonomik ve estetik tasar\u0131m H\u0131zl\u0131 g\u00fcvenli \u0131s\u0131tma sistemi AC 220-240V &#8211; 50-60Hz \/ max. 50 Watt<\/p>\n","protected":false},"featured_media":49431,"comment_status":"open","ping_status":"closed","template":"","meta":{"_kad_post_transparent":"","_kad_post_title":"","_kad_post_layout":"","_kad_post_sidebar_id":"","_kad_post_content_style":"","_kad_post_vertical_padding":"","_kad_post_feature":"","_kad_post_feature_position":"","_kad_post_header":false,"_kad_post_footer":false,"_kad_post_classname":""},"product_brand":[],"product_cat":[23],"product_tag":[],"class_list":{"0":"post-49432","1":"product","2":"type-product","3":"status-publish","4":"has-post-thumbnail","6":"product_cat-genel","8":"first","9":"instock","10":"purchasable","11":"product-type-simple","12":"entry","13":"content-bg","14":"loop-entry"},"_links":{"self":[{"href":"https:\/\/www.hediyepazar.com\/index.php?rest_route=\/wp\/v2\/product\/49432","targetHints":{"allow":["GET"]}}],"collection":[{"href":"https:\/\/www.hediyepazar.com\/index.php?rest_route=\/wp\/v2\/product"}],"about":[{"href":"https:\/\/www.hediyepazar.com\/index.php?rest_route=\/wp\/v2\/types\/product"}],"replies":[{"embeddable":true,"href":"https:\/\/www.hediyepazar.com\/index.php?rest_route=%2Fwp%2Fv2%2Fcomments&post=49432"}],"wp:featuredmedia":[{"embeddable":true,"href":"https:\/\/www.hediyepazar.com\/index.php?rest_route=\/wp\/v2\/media\/49431"}],"wp:attachment":[{"href":"https:\/\/www.hediyepazar.com\/index.php?rest_route=%2Fwp%2Fv2%2Fmedia&parent=49432"}],"wp:term":[{"taxonomy":"product_brand","embeddable":true,"href":"https:\/\/www.hediyepazar.com\/index.php?rest_route=%2Fwp%2Fv2%2Fproduct_brand&post=49432"},{"taxonomy":"product_cat","embeddable":true,"href":"https:\/\/www.hediyepazar.com\/index.php?rest_route=%2Fwp%2Fv2%2Fproduct_cat&post=49432"},{"taxonomy":"product_tag","embeddable":true,"href":"https:\/\/www.hediyepazar.com\/index.php?rest_route=%2Fwp%2Fv2%2Fproduct_tag&post=49432"}],"curies":[{"name":"wp","href":"https:\/\/api.w.org\/{rel}","templated":true}]}}