{"id":49436,"date":"2026-04-27T02:08:40","date_gmt":"2026-04-27T05:08:40","guid":{"rendered":"https:\/\/www.hediyepazar.com\/?product=2-li-su-masasi"},"modified":"2026-04-27T02:08:40","modified_gmt":"2026-04-27T05:08:40","slug":"2-li-su-masasi","status":"publish","type":"product","link":"https:\/\/www.hediyepazar.com\/?product=2-li-su-masasi","title":{"rendered":"2 Li Su Ma\u015fas\u0131"},"content":{"rendered":"","protected":false},"excerpt":{"rendered":"<p>Bukle ve dalga yapmak i\u00e7in kullan\u0131lan sa\u00e7 ma\u015fas\u0131 3 farkl\u0131 \u0131s\u0131 kademesi sunar. Bu sayede sa\u00e7 tipinize g\u00f6re uygun \u0131s\u0131 kademesini ayarlayarak dalgal\u0131 sa\u00e7lar yapabilirsiniz. Yeni nesil bukle ma\u015fas\u0131 160 derece en d\u00fc\u015f\u00fck \u0131s\u0131da ve 200 derece en y\u00fcksek \u0131s\u0131da \u00e7al\u0131\u015fma ger\u00e7ekle\u015ftirir. D\u00f6nebilen kablo \u00f6zelli\u011fi sayesinde kullan\u0131m kolayl\u0131\u011f\u0131 sa\u011flar. Titanyum seramik sa\u00e7 ma\u015fas\u0131 gold rengindedir. Su dalgas\u0131 Wag sa\u00e7 ma\u015fas\u0131 \u00fczerinde \u0131s\u0131 kademelerini ayarlayabilece\u011finiz bir s\u00fcrg\u00fc vard\u0131r. Cihaz\u0131n \u0131s\u0131nd\u0131\u011f\u0131n\u0131 belli eden bir sens\u00f6re sahip olan h\u0131zl\u0131 \u0131s\u0131nma \u00f6zelli\u011fine sahiptir.200 derece sa\u00e7 ma\u015fas\u0131 \u0131s\u0131 ge\u00e7irmeyen tutma yerleri ile kolayca sa\u00e7lar\u0131n\u0131z\u0131 \u015fekillendirebilmenizi sa\u011flar.<\/p>\n","protected":false},"featured_media":49435,"comment_status":"open","ping_status":"closed","template":"","meta":{"_kad_post_transparent":"","_kad_post_title":"","_kad_post_layout":"","_kad_post_sidebar_id":"","_kad_post_content_style":"","_kad_post_vertical_padding":"","_kad_post_feature":"","_kad_post_feature_position":"","_kad_post_header":false,"_kad_post_footer":false,"_kad_post_classname":""},"product_brand":[],"product_cat":[23],"product_tag":[],"class_list":{"0":"post-49436","1":"product","2":"type-product","3":"status-publish","4":"has-post-thumbnail","6":"product_cat-genel","8":"first","9":"instock","10":"purchasable","11":"product-type-simple","12":"entry","13":"content-bg","14":"loop-entry"},"_links":{"self":[{"href":"https:\/\/www.hediyepazar.com\/index.php?rest_route=\/wp\/v2\/product\/49436","targetHints":{"allow":["GET"]}}],"collection":[{"href":"https:\/\/www.hediyepazar.com\/index.php?rest_route=\/wp\/v2\/product"}],"about":[{"href":"https:\/\/www.hediyepazar.com\/index.php?rest_route=\/wp\/v2\/types\/product"}],"replies":[{"embeddable":true,"href":"https:\/\/www.hediyepazar.com\/index.php?rest_route=%2Fwp%2Fv2%2Fcomments&post=49436"}],"wp:featuredmedia":[{"embeddable":true,"href":"https:\/\/www.hediyepazar.com\/index.php?rest_route=\/wp\/v2\/media\/49435"}],"wp:attachment":[{"href":"https:\/\/www.hediyepazar.com\/index.php?rest_route=%2Fwp%2Fv2%2Fmedia&parent=49436"}],"wp:term":[{"taxonomy":"product_brand","embeddable":true,"href":"https:\/\/www.hediyepazar.com\/index.php?rest_route=%2Fwp%2Fv2%2Fproduct_brand&post=49436"},{"taxonomy":"product_cat","embeddable":true,"href":"https:\/\/www.hediyepazar.com\/index.php?rest_route=%2Fwp%2Fv2%2Fproduct_cat&post=49436"},{"taxonomy":"product_tag","embeddable":true,"href":"https:\/\/www.hediyepazar.com\/index.php?rest_route=%2Fwp%2Fv2%2Fproduct_tag&post=49436"}],"curies":[{"name":"wp","href":"https:\/\/api.w.org\/{rel}","templated":true}]}}