{"id":49460,"date":"2026-04-27T02:08:59","date_gmt":"2026-04-27T05:08:59","guid":{"rendered":"https:\/\/www.hediyepazar.com\/?product=hk-900-tiras-makinesi"},"modified":"2026-04-27T02:08:59","modified_gmt":"2026-04-27T05:08:59","slug":"hk-900-tiras-makinesi","status":"publish","type":"product","link":"https:\/\/www.hediyepazar.com\/?product=hk-900-tiras-makinesi","title":{"rendered":"Hk-900 T\u0131ra\u015f Makinesi"},"content":{"rendered":"","protected":false},"excerpt":{"rendered":"<p>Insua G\u00fcnl\u00fck T\u0131ra\u015f Makinesi Seti Uzun \u00f6m\u00fcrl\u00fc paslanmaz \u00e7elik ala\u015f\u0131ml\u0131 kesici di\u015fleriyle hem kesme hem de d\u00fczeltme i\u00e7in ideal bir se\u00e7enektir. Kuru kullan\u0131m \u00f6zelli\u011fi sayesinde suya ihtiya\u00e7 duymadan h\u0131zl\u0131 ve pratik bir t\u0131ra\u015f deneyimi ya\u015fay\u0131n Profesyonel T\u0131ra\u015f Makinesi ile her an her yerde t\u0131ra\u015f olman\u0131n keyfini \u00e7\u0131kar\u0131n &#8211; Sa\u00e7, sakal ve v\u00fccut i\u00e7in uygun olan bu \u00e7ok y\u00f6nl\u00fc t\u0131ra\u015f makinesi ile ki\u015fisel bak\u0131m rutininizi ki\u015fiselle\u015ftirin ve istedi\u011finiz tarz\u0131 kolayca elde edin &#8211; \u015earjl\u0131 yap\u0131s\u0131 sayesinde kablo karma\u015fas\u0131na son verin Kablosuz kullan\u0131m \u00f6zg\u00fcrl\u00fc\u011f\u00fc sunarak hareket \u00f6zg\u00fcrl\u00fc\u011f\u00fcn\u00fcz\u00fc art\u0131r\u0131r. &#8211; 3 saat ve alt\u0131 \u015farjl\u0131 kullan\u0131m s\u00fcresi ile uzun s\u00fcre kesintisiz t\u0131ra\u015f deneyimi ya\u015fay\u0131n \u015earj derdi olmadan t\u0131ra\u015f olman\u0131n rahatl\u0131\u011f\u0131n\u0131 ya\u015fat\u0131r Paket \u0130\u00e7eri\u011fi T\u0131ra\u015f Makinesi Yedek Ba\u015fl\u0131k \u015earj Adapt\u00f6r\u00fc Ya\u011f \u015ei\u015fesi Temizleme F\u0131r\u00e7as\u0131<\/p>\n","protected":false},"featured_media":49459,"comment_status":"open","ping_status":"closed","template":"","meta":{"_kad_post_transparent":"","_kad_post_title":"","_kad_post_layout":"","_kad_post_sidebar_id":"","_kad_post_content_style":"","_kad_post_vertical_padding":"","_kad_post_feature":"","_kad_post_feature_position":"","_kad_post_header":false,"_kad_post_footer":false,"_kad_post_classname":""},"product_brand":[],"product_cat":[23],"product_tag":[],"class_list":{"0":"post-49460","1":"product","2":"type-product","3":"status-publish","4":"has-post-thumbnail","6":"product_cat-genel","8":"first","9":"instock","10":"purchasable","11":"product-type-simple","12":"entry","13":"content-bg","14":"loop-entry"},"_links":{"self":[{"href":"https:\/\/www.hediyepazar.com\/index.php?rest_route=\/wp\/v2\/product\/49460","targetHints":{"allow":["GET"]}}],"collection":[{"href":"https:\/\/www.hediyepazar.com\/index.php?rest_route=\/wp\/v2\/product"}],"about":[{"href":"https:\/\/www.hediyepazar.com\/index.php?rest_route=\/wp\/v2\/types\/product"}],"replies":[{"embeddable":true,"href":"https:\/\/www.hediyepazar.com\/index.php?rest_route=%2Fwp%2Fv2%2Fcomments&post=49460"}],"wp:featuredmedia":[{"embeddable":true,"href":"https:\/\/www.hediyepazar.com\/index.php?rest_route=\/wp\/v2\/media\/49459"}],"wp:attachment":[{"href":"https:\/\/www.hediyepazar.com\/index.php?rest_route=%2Fwp%2Fv2%2Fmedia&parent=49460"}],"wp:term":[{"taxonomy":"product_brand","embeddable":true,"href":"https:\/\/www.hediyepazar.com\/index.php?rest_route=%2Fwp%2Fv2%2Fproduct_brand&post=49460"},{"taxonomy":"product_cat","embeddable":true,"href":"https:\/\/www.hediyepazar.com\/index.php?rest_route=%2Fwp%2Fv2%2Fproduct_cat&post=49460"},{"taxonomy":"product_tag","embeddable":true,"href":"https:\/\/www.hediyepazar.com\/index.php?rest_route=%2Fwp%2Fv2%2Fproduct_tag&post=49460"}],"curies":[{"name":"wp","href":"https:\/\/api.w.org\/{rel}","templated":true}]}}