{"id":49478,"date":"2026-04-27T02:09:23","date_gmt":"2026-04-27T05:09:23","guid":{"rendered":"https:\/\/www.hediyepazar.com\/?product=fon-tarak-one-step"},"modified":"2026-04-27T02:09:23","modified_gmt":"2026-04-27T05:09:23","slug":"fon-tarak-one-step","status":"publish","type":"product","link":"https:\/\/www.hediyepazar.com\/?product=fon-tarak-one-step","title":{"rendered":"F\u00f6n Tarak One Step"},"content":{"rendered":"","protected":false},"excerpt":{"rendered":"<p>F\u00f6n Tarak One Step Ergonomik bir tasar\u0131m ile \u00fcretilmi\u015ftir. \u00a0 Ergonomik tasar\u0131m ile \u00fcretilmi\u015f olmas\u0131 kullan\u0131c\u0131s\u0131n\u0131n eline tam olarak oturmas\u0131 ve \u00e7ok daha rahat bir bi\u00e7ime i\u015flem yap\u0131lmas\u0131 ad\u0131na olduk\u00e7a \u00f6nem ar etmektedir. B\u00f6ylelikle ene do\u011fru teknikleri kullanarak basit bir \u015fekilde sa\u00e7lar\u0131n\u0131za istedi\u011finiz \u015fekli verebilmenize imk\u00e2n sa\u011flar. 220 volt \u015fehir elektri\u011fi ile \u00e7al\u0131\u015fmaktad\u0131r. Her evde bulunan \u015fehir elektri\u011finin geldi\u011fi prize ba\u011flant\u0131s\u0131n\u0131n sa\u011flanmas\u0131 ile birlikte an\u0131nda \u00e7al\u0131\u015f\u0131r hale gelir. Herhangi bir ekstra i\u015flem ger\u00e7ekle\u015ftirilmesine gerek olmamaktad\u0131r. \u00a0 H\u0131zl\u0131 \u0131s\u0131nma \u00f6zelli\u011fine sahiptir. Bu nedenle cihaz\u0131n istedi\u011finiz \u0131s\u0131ya ula\u015fmas\u0131 i\u00e7in uzun s\u00fcreler boyunca beklemek durumunda kalmazs\u0131n\u0131z ve zamandan tasarruf etmi\u015f olursunuz. \u00dczerinde yer alan \u0131s\u0131 ayar\u0131 sayesinde sa\u00e7\u0131n\u0131z\u0131n t\u00fcr\u00fcne g\u00f6re istedi\u011finiz \u0131s\u0131ya kolayl\u0131kla ayarlama yapabilmeniz m\u00fcmk\u00fcn olmaktad\u0131r. Bu sayede sa\u00e7\u0131n\u0131za herhangi bir zarar gelmesi s\u00f6z konusu olmadan kullan\u0131m ger\u00e7ekle\u015ftirebilirsiniz. \u00a0 32 x 7,5 CM de\u011ferinde boyut \u00f6l\u00e7\u00fcleri bulunmaktad\u0131r. \u0130deal boyut \u00f6l\u00e7\u00fclerine sahip olmas\u0131ndan dolay\u0131 \u00e7antan\u0131za dahi kolayl\u0131kla s\u0131\u011far. B\u00f6ylelikle seyahat anlar\u0131n\u0131zda bile yan\u0131n\u0131zda g\u00f6t\u00fcrebilmeniz m\u00fcmk\u00fcn olur. En d\u00fc\u015f\u00fck \u0131s\u0131s\u0131 60 derece olmaktad\u0131r. Bu sayede en d\u00fc\u015f\u00fck \u0131s\u0131da bile etkili bir bi\u00e7imde sa\u00e7\u0131n\u0131za istedi\u011finiz \u015fekli verebilmeniz s\u00f6z konusu olmaktad\u0131r. S\u0131cak hava \u00fcfleyerek sa\u00e7lar\u0131n\u0131z\u0131 kuruturken istedi\u011finiz \u015fekli vermenizi sa\u011flayan bu \u00fcr\u00fcn sa\u00e7lar\u0131n\u0131za d\u00fczle\u015ftirici ve \u00fct\u00fc gibi a\u011f\u0131r i\u015flemli zarar veren bir uygulamaya sahip de\u011fildir. \u00a0 Sa\u00e7 f\u0131r\u00e7as\u0131 g\u00f6r\u00fcn\u00fcm\u00fcne sahip olan bu \u00fcr\u00fcn sa\u00e7lar\u0131n\u0131za \u00fcfledi\u011fi s\u0131cak hava sayesinde zarar vermeden ve zamandan tasarruf ederek kolayca kurutabilir ve \u015fekillendirebilirsiniz. Sa\u00e7lar\u0131n\u0131za zarar vermeden kurutur. Zamandan tasarruf ederek sa\u00e7lar\u0131n\u0131z\u0131n \u015fekillendirilmesini sa\u011flar. F\u0131r\u00e7a tarak g\u00f6r\u00fcn\u00fcm\u00fcne sahiptir.<\/p>\n","protected":false},"featured_media":49477,"comment_status":"open","ping_status":"closed","template":"","meta":{"_kad_post_transparent":"","_kad_post_title":"","_kad_post_layout":"","_kad_post_sidebar_id":"","_kad_post_content_style":"","_kad_post_vertical_padding":"","_kad_post_feature":"","_kad_post_feature_position":"","_kad_post_header":false,"_kad_post_footer":false,"_kad_post_classname":""},"product_brand":[],"product_cat":[23],"product_tag":[],"class_list":{"0":"post-49478","1":"product","2":"type-product","3":"status-publish","4":"has-post-thumbnail","6":"product_cat-genel","8":"first","9":"instock","10":"purchasable","11":"product-type-simple","12":"entry","13":"content-bg","14":"loop-entry"},"_links":{"self":[{"href":"https:\/\/www.hediyepazar.com\/index.php?rest_route=\/wp\/v2\/product\/49478","targetHints":{"allow":["GET"]}}],"collection":[{"href":"https:\/\/www.hediyepazar.com\/index.php?rest_route=\/wp\/v2\/product"}],"about":[{"href":"https:\/\/www.hediyepazar.com\/index.php?rest_route=\/wp\/v2\/types\/product"}],"replies":[{"embeddable":true,"href":"https:\/\/www.hediyepazar.com\/index.php?rest_route=%2Fwp%2Fv2%2Fcomments&post=49478"}],"wp:featuredmedia":[{"embeddable":true,"href":"https:\/\/www.hediyepazar.com\/index.php?rest_route=\/wp\/v2\/media\/49477"}],"wp:attachment":[{"href":"https:\/\/www.hediyepazar.com\/index.php?rest_route=%2Fwp%2Fv2%2Fmedia&parent=49478"}],"wp:term":[{"taxonomy":"product_brand","embeddable":true,"href":"https:\/\/www.hediyepazar.com\/index.php?rest_route=%2Fwp%2Fv2%2Fproduct_brand&post=49478"},{"taxonomy":"product_cat","embeddable":true,"href":"https:\/\/www.hediyepazar.com\/index.php?rest_route=%2Fwp%2Fv2%2Fproduct_cat&post=49478"},{"taxonomy":"product_tag","embeddable":true,"href":"https:\/\/www.hediyepazar.com\/index.php?rest_route=%2Fwp%2Fv2%2Fproduct_tag&post=49478"}],"curies":[{"name":"wp","href":"https:\/\/api.w.org\/{rel}","templated":true}]}}