{"id":49499,"date":"2026-04-27T02:09:53","date_gmt":"2026-04-27T05:09:53","guid":{"rendered":"https:\/\/www.hediyepazar.com\/?product=hk-34-tiras-makinesi"},"modified":"2026-04-27T02:09:53","modified_gmt":"2026-04-27T05:09:53","slug":"hk-34-tiras-makinesi","status":"publish","type":"product","link":"https:\/\/www.hediyepazar.com\/?product=hk-34-tiras-makinesi","title":{"rendered":"Hk-34 T\u0131ra\u015f Makinesi"},"content":{"rendered":"","protected":false},"excerpt":{"rendered":"<p>\u00c7izik T\u0131ra\u015f Makinesi Seti Sa\u00e7 ve sakal \u015fekillendirme i\u015flemlerini kolayl\u0131kla evde ger\u00e7ekle\u015ftirmenizi sa\u011flar. Sakal t\u0131ra\u015f\u0131nda etkili ve keskin performans sunan kuru kafa t b\u0131\u00e7akl\u0131 tasar\u0131m \u0130thalat\u00e7\u0131 garantisi ile g\u00fcvenli al\u0131\u015fveri\u015fin keyfini \u00e7\u0131kar\u0131n 1 y\u0131l boyunca herhangi bir sorun kar\u015f\u0131s\u0131nda destek alman\u0131n rahatl\u0131\u011f\u0131n\u0131 ya\u015fay\u0131n Kuru kullan\u0131m \u00f6zelli\u011fi sayesinde suya ihtiya\u00e7 duymadan h\u0131zl\u0131 ve pratik bir t\u0131ra\u015f deneyimi Tek \u015farjla 1 ila 2 saat aras\u0131nda kesintisiz kullan\u0131m imkan\u0131, uzun s\u00fcreli t\u0131ra\u015f ihtiya\u00e7lar\u0131n\u0131z i\u00e7in ideal \u015earjl\u0131 yap\u0131s\u0131 ile kablosuz \u00f6zg\u00fcrl\u00fck hareket halindeyken bile t\u0131ra\u015f olman\u0131n rahatl\u0131\u011f\u0131n\u0131 ya\u015fay\u0131n Gen\u00e7lerin ihtiya\u00e7lar\u0131na y\u00f6nelik tasarlanm\u0131\u015f ergonomik ve \u015f\u0131k g\u00f6r\u00fcn\u00fcm\u00fcyle dikkat \u00e7eken bir aksesuar \u015earj Edilebilir Profesyonel Sa\u00e7\/Sakal \u015eekillendirici Evde kendi kendinize kolayca sa\u00e7lar\u0131n\u0131z\u0131 ve sakal\u0131n\u0131z\u0131 \u015fekillendirebilirsiniz. F\u0131r\u00e7as\u0131z yeni nesil motor g\u00fc\u00e7l\u00fc ve sessiz Ev konforunda profesyonel bir kesim performans\u0131 sunuyor. Makinede yer alan kolay s\u00f6k\u00fclebilir b\u0131\u00e7aklar kolayl\u0131kla temizlenebiliyor. Hijyenik kullan\u0131m avantaj\u0131na sahip olan \u00fcr\u00fcn profesyonel kullan\u0131c\u0131lar taraf\u0131nda da s\u0131kl\u0131kla tercih ediliyor. T\u00fcm v\u00fccut i\u00e7in kullan\u0131labilir aksesuarlar Y\u00fcksek devirli motoru ve yeni nesil T \u00e7elik b\u0131\u00e7a\u011f\u0131 kusursuz bir t\u0131ra\u015f deneyimi sunar. 1400 mA lityum pil 120 dakikaya kadar kullan\u0131m y\u00fcksek \u015farj kapasite \u00f6zelli\u011fi berber d\u00fckkanlar\u0131 i\u00e7in vazge\u00e7ilmez 3 ba\u015fl\u0131kl\u0131 Kullan\u0131m \u00a0 Kablolu ve \u015farjl\u0131 Boyut:14cm x 4cm<\/p>\n","protected":false},"featured_media":49498,"comment_status":"open","ping_status":"closed","template":"","meta":{"_kad_post_transparent":"","_kad_post_title":"","_kad_post_layout":"","_kad_post_sidebar_id":"","_kad_post_content_style":"","_kad_post_vertical_padding":"","_kad_post_feature":"","_kad_post_feature_position":"","_kad_post_header":false,"_kad_post_footer":false,"_kad_post_classname":""},"product_brand":[],"product_cat":[23],"product_tag":[],"class_list":{"0":"post-49499","1":"product","2":"type-product","3":"status-publish","4":"has-post-thumbnail","6":"product_cat-genel","8":"first","9":"instock","10":"purchasable","11":"product-type-simple","12":"entry","13":"content-bg","14":"loop-entry"},"_links":{"self":[{"href":"https:\/\/www.hediyepazar.com\/index.php?rest_route=\/wp\/v2\/product\/49499","targetHints":{"allow":["GET"]}}],"collection":[{"href":"https:\/\/www.hediyepazar.com\/index.php?rest_route=\/wp\/v2\/product"}],"about":[{"href":"https:\/\/www.hediyepazar.com\/index.php?rest_route=\/wp\/v2\/types\/product"}],"replies":[{"embeddable":true,"href":"https:\/\/www.hediyepazar.com\/index.php?rest_route=%2Fwp%2Fv2%2Fcomments&post=49499"}],"wp:featuredmedia":[{"embeddable":true,"href":"https:\/\/www.hediyepazar.com\/index.php?rest_route=\/wp\/v2\/media\/49498"}],"wp:attachment":[{"href":"https:\/\/www.hediyepazar.com\/index.php?rest_route=%2Fwp%2Fv2%2Fmedia&parent=49499"}],"wp:term":[{"taxonomy":"product_brand","embeddable":true,"href":"https:\/\/www.hediyepazar.com\/index.php?rest_route=%2Fwp%2Fv2%2Fproduct_brand&post=49499"},{"taxonomy":"product_cat","embeddable":true,"href":"https:\/\/www.hediyepazar.com\/index.php?rest_route=%2Fwp%2Fv2%2Fproduct_cat&post=49499"},{"taxonomy":"product_tag","embeddable":true,"href":"https:\/\/www.hediyepazar.com\/index.php?rest_route=%2Fwp%2Fv2%2Fproduct_tag&post=49499"}],"curies":[{"name":"wp","href":"https:\/\/api.w.org\/{rel}","templated":true}]}}