{"id":49503,"date":"2026-04-27T02:09:56","date_gmt":"2026-04-27T05:09:56","guid":{"rendered":"https:\/\/www.hediyepazar.com\/?product=hot-906-duzlestirici"},"modified":"2026-04-27T02:09:56","modified_gmt":"2026-04-27T05:09:56","slug":"hot-906-duzlestirici","status":"publish","type":"product","link":"https:\/\/www.hediyepazar.com\/?product=hot-906-duzlestirici","title":{"rendered":"Hot 906 D\u00fczle\u015ftirici"},"content":{"rendered":"","protected":false},"excerpt":{"rendered":"<p>\u00dcr\u00fcn\u00fcn 5 kademeli \u0131s\u0131 ayar\u0131 vard\u0131r. Geni\u015f \u0131s\u0131 ayar\u0131 se\u00e7ene\u011fi ile farkl\u0131 \u0131s\u0131 d\u00fczeylerinde kullan\u0131m imkan\u0131 sunar. Zor \u015fekillenen sa\u00e7lar\u0131 bile kolayl\u0131kla d\u00fczle\u015ftirmenizi sa\u011flar. \u0130yon Kontrol\u00fc \u00dcr\u00fcn i\u00e7eri\u011finde bulunan iyon kontrol\u00fc sayesinde sa\u00e7lar\u0131n\u0131z\u0131 d\u00fczle\u015ftirirken sa\u00e7 tellerinize zarar vermesini engeller. Elektriklenmeyi \u00f6nler. Dijital G\u00f6sterge Sa\u00e7 D\u00fczle\u015ftirici Tarak \u00fczerinde bulunan dijital g\u00f6sterge sayesinde kademeli \u0131s\u0131 ayar\u0131n\u0131 kontrol edebilirsiniz. \u00dcr\u00fcn\u00fc diledi\u011finiz \u0131s\u0131 kademesinde kullanabilirsiniz. Seramik Plaka \u00dcr\u00fcn\u00fcn sa\u00e7 ile temas eden y\u00fczeyi seramikten yap\u0131lm\u0131\u015ft\u0131r. Seramik y\u00fczey sayesinde \u0131s\u0131n\u0131n e\u015fit da\u011f\u0131lmas\u0131n\u0131 sa\u011flar ve sa\u00e7 d\u00fczle\u015ftirme i\u015fleminde daha net sonu\u00e7 almaya olanak tan\u0131r. Seramik y\u00fczey sa\u00e7 u\u00e7lar\u0131n\u0131n k\u0131r\u0131lmas\u0131n\u0131 ve sa\u00e7 d\u00f6k\u00fclmelerini engeller. H\u0131zl\u0131 Is\u0131nma \u00dcr\u00fcn h\u0131zl\u0131 \u0131s\u0131nma \u00f6zelli\u011fine sahiptir. H\u0131zl\u0131 \u0131s\u0131nma \u00f6zelli\u011fi sayesinde zamandan tasarruf edebilir ve k\u0131sa s\u00fcrede p\u00fcr\u00fczs\u00fcz bir sonu\u00e7 alabilirsiniz. Uzun Kablo Yap\u0131s\u0131 \u00dcr\u00fcn kablo uzunlu\u011fu olduk\u00e7a fazlad\u0131r. Geni\u015f alanlarda kullan\u0131ma uygun tasarlanm\u0131\u015ft\u0131r. D\u00f6nebilen kablo yap\u0131s\u0131 rahat kullan\u0131m sa\u011flar. D\u00f6nebilen kablo yap\u0131s\u0131 esnek hareketi sayesinde kablo kopmalar\u0131n\u0131 engeller. Minimun s\u0131cakl\u0131k: 80\u00b0- 230\u00b0 Kuru sa\u00e7a uygulanabilir. G\u00fc\u00e7: 25W \u2013 39W Dijitaldir. Maximum S\u0131cakl\u0131k: 230\u00b0 Is\u0131 \u0130letken \u00c7ap\u0131: 31 Mm Is\u0131tma Plate Of Boyutlar: 110 X 42Mm Gerilim: 100 \u2013 240 V (Dual Voltaj) Optimal \u015eekillendirme Zaman\u0131: 3 \u2013 5 Dk. G\u00fc\u00e7 Kablosu Kuyruk Montaj Modu 360\u00b0 d\u00f6nebilir. Model Numaras\u0131: Hot: 96 Malzeme: Abs Plastic<\/p>\n","protected":false},"featured_media":49502,"comment_status":"open","ping_status":"closed","template":"","meta":{"_kad_post_transparent":"","_kad_post_title":"","_kad_post_layout":"","_kad_post_sidebar_id":"","_kad_post_content_style":"","_kad_post_vertical_padding":"","_kad_post_feature":"","_kad_post_feature_position":"","_kad_post_header":false,"_kad_post_footer":false,"_kad_post_classname":""},"product_brand":[],"product_cat":[23],"product_tag":[],"class_list":{"0":"post-49503","1":"product","2":"type-product","3":"status-publish","4":"has-post-thumbnail","6":"product_cat-genel","8":"first","9":"instock","10":"purchasable","11":"product-type-simple","12":"entry","13":"content-bg","14":"loop-entry"},"_links":{"self":[{"href":"https:\/\/www.hediyepazar.com\/index.php?rest_route=\/wp\/v2\/product\/49503","targetHints":{"allow":["GET"]}}],"collection":[{"href":"https:\/\/www.hediyepazar.com\/index.php?rest_route=\/wp\/v2\/product"}],"about":[{"href":"https:\/\/www.hediyepazar.com\/index.php?rest_route=\/wp\/v2\/types\/product"}],"replies":[{"embeddable":true,"href":"https:\/\/www.hediyepazar.com\/index.php?rest_route=%2Fwp%2Fv2%2Fcomments&post=49503"}],"wp:featuredmedia":[{"embeddable":true,"href":"https:\/\/www.hediyepazar.com\/index.php?rest_route=\/wp\/v2\/media\/49502"}],"wp:attachment":[{"href":"https:\/\/www.hediyepazar.com\/index.php?rest_route=%2Fwp%2Fv2%2Fmedia&parent=49503"}],"wp:term":[{"taxonomy":"product_brand","embeddable":true,"href":"https:\/\/www.hediyepazar.com\/index.php?rest_route=%2Fwp%2Fv2%2Fproduct_brand&post=49503"},{"taxonomy":"product_cat","embeddable":true,"href":"https:\/\/www.hediyepazar.com\/index.php?rest_route=%2Fwp%2Fv2%2Fproduct_cat&post=49503"},{"taxonomy":"product_tag","embeddable":true,"href":"https:\/\/www.hediyepazar.com\/index.php?rest_route=%2Fwp%2Fv2%2Fproduct_tag&post=49503"}],"curies":[{"name":"wp","href":"https:\/\/api.w.org\/{rel}","templated":true}]}}