{"id":49505,"date":"2026-04-27T02:09:57","date_gmt":"2026-04-27T05:09:57","guid":{"rendered":"https:\/\/www.hediyepazar.com\/?product=kas-makasi-ve-kas-usturasi"},"modified":"2026-04-27T02:09:57","modified_gmt":"2026-04-27T05:09:57","slug":"kas-makasi-ve-kas-usturasi","status":"publish","type":"product","link":"https:\/\/www.hediyepazar.com\/?product=kas-makasi-ve-kas-usturasi","title":{"rendered":"Ka\u015f Makas\u0131 Ve Ka\u015f Usturas\u0131"},"content":{"rendered":"","protected":false},"excerpt":{"rendered":"<p>Ka\u015flar\u0131n\u0131za m\u00fckemmel bir \u015fekil vermek veya kirpiklerinizi d\u00fczenlemek i\u00e7in kullanabilece\u011finiz bu set, g\u00fcnl\u00fck bak\u0131m rutininizin vazge\u00e7ilmez bir par\u00e7as\u0131 olacak. 1m makro \u00f6rg\u00fc teknolojisi, detayl\u0131 d\u00fczeltme ve \u015fekillendirme imkan\u0131 sunarak daha do\u011fal ve profesyonel sonu\u00e7lar elde etmenize yard\u0131mc\u0131 olur. Hem pratik hem de \u015f\u0131k tasar\u0131m\u0131yla ka\u015f bak\u0131m\u0131n\u0131z\u0131 zahmetsizce tamamlaman\u0131z\u0131 sa\u011flar.<\/p>\n","protected":false},"featured_media":49504,"comment_status":"open","ping_status":"closed","template":"","meta":{"_kad_post_transparent":"","_kad_post_title":"","_kad_post_layout":"","_kad_post_sidebar_id":"","_kad_post_content_style":"","_kad_post_vertical_padding":"","_kad_post_feature":"","_kad_post_feature_position":"","_kad_post_header":false,"_kad_post_footer":false,"_kad_post_classname":""},"product_brand":[],"product_cat":[23],"product_tag":[],"class_list":{"0":"post-49505","1":"product","2":"type-product","3":"status-publish","4":"has-post-thumbnail","6":"product_cat-genel","8":"first","9":"instock","10":"purchasable","11":"product-type-simple","12":"entry","13":"content-bg","14":"loop-entry"},"_links":{"self":[{"href":"https:\/\/www.hediyepazar.com\/index.php?rest_route=\/wp\/v2\/product\/49505","targetHints":{"allow":["GET"]}}],"collection":[{"href":"https:\/\/www.hediyepazar.com\/index.php?rest_route=\/wp\/v2\/product"}],"about":[{"href":"https:\/\/www.hediyepazar.com\/index.php?rest_route=\/wp\/v2\/types\/product"}],"replies":[{"embeddable":true,"href":"https:\/\/www.hediyepazar.com\/index.php?rest_route=%2Fwp%2Fv2%2Fcomments&post=49505"}],"wp:featuredmedia":[{"embeddable":true,"href":"https:\/\/www.hediyepazar.com\/index.php?rest_route=\/wp\/v2\/media\/49504"}],"wp:attachment":[{"href":"https:\/\/www.hediyepazar.com\/index.php?rest_route=%2Fwp%2Fv2%2Fmedia&parent=49505"}],"wp:term":[{"taxonomy":"product_brand","embeddable":true,"href":"https:\/\/www.hediyepazar.com\/index.php?rest_route=%2Fwp%2Fv2%2Fproduct_brand&post=49505"},{"taxonomy":"product_cat","embeddable":true,"href":"https:\/\/www.hediyepazar.com\/index.php?rest_route=%2Fwp%2Fv2%2Fproduct_cat&post=49505"},{"taxonomy":"product_tag","embeddable":true,"href":"https:\/\/www.hediyepazar.com\/index.php?rest_route=%2Fwp%2Fv2%2Fproduct_tag&post=49505"}],"curies":[{"name":"wp","href":"https:\/\/api.w.org\/{rel}","templated":true}]}}