{"id":49507,"date":"2026-04-27T02:09:58","date_gmt":"2026-04-27T05:09:58","guid":{"rendered":"https:\/\/www.hediyepazar.com\/?product=mini-pratik-yuz-epilasyon-cihazi"},"modified":"2026-04-27T02:09:58","modified_gmt":"2026-04-27T05:09:58","slug":"mini-pratik-yuz-epilasyon-cihazi","status":"publish","type":"product","link":"https:\/\/www.hediyepazar.com\/?product=mini-pratik-yuz-epilasyon-cihazi","title":{"rendered":"Mini Pratik Y\u00fcz Epilasyon Cihaz\u0131"},"content":{"rendered":"","protected":false},"excerpt":{"rendered":"<p>Mini Pratik Y\u00fcz Epilasyon Cihaz\u0131 \u00c7e\u015fitli cilt tiplerinde kullan\u0131labilir. Y\u00fczde \u00e7\u0131kmas\u0131 muhtemel olan ince t\u00fcylerin yakalanmas\u0131 ve ortadan kald\u0131r\u0131lmas\u0131 i\u00e7in kullan\u0131labilir. Kullan\u0131m\u0131 olduk\u00e7a basittir. K\u0131vr\u0131mlar\u0131n bol oldu\u011fu y\u00fcz b\u00f6lgesinde etkili bir performans ortaya koyacakt\u0131r. Rujlar\u0131n tasar\u0131m\u0131ndan ilham al\u0131narak tasarlanm\u0131\u015ft\u0131r. 18 ayar alt\u0131nda kaplanm\u0131\u015f bir tasar\u0131m\u0131 bulunur. Stil sahibi bir g\u00f6r\u00fcn\u00fcme sahip oldu\u011fu i\u00e7in \u00e7antalarda rahatl\u0131kla kullan\u0131labilir. Ciltte herhangi bir tahri\u015f olmadan t\u00fcyleri yok edebilir. Bu nedenle pek \u00e7ok ki\u015fi taraf\u0131ndan kullan\u0131l\u0131r. \u00a0 Y\u00fcz\u00fcn\u00fcz\u00fcn olduk\u00e7a temiz g\u00f6r\u00fcnmesini sa\u011flar. Temiz bir cilt \u00e7ok daha canl\u0131 ve sa\u011fl\u0131kl\u0131 bir g\u00f6r\u00fcn\u00fcme sahip olacakt\u0131r. B\u00f6ylece cilt bak\u0131m\u0131n\u0131z\u0131 rahatl\u0131kla ger\u00e7ekle\u015ftirebileceksiniz. Hassas bir cilde sahip olan ki\u015filer taraf\u0131ndan da kullan\u0131labilir. Ciltte herhangi bir kesik olu\u015fturmaz. Y\u00fcz\u00fcn\u00fcz\u00fc y\u0131pratmaz ya da herhangi bir \u015fekilde k\u0131zartmaz. Ac\u0131s\u0131z bir kullan\u0131m deneyimi sunar. Kulland\u0131\u011f\u0131n\u0131z s\u0131rada y\u00fcz\u00fcn\u00fczdeki t\u00fcylerin al\u0131nd\u0131\u011f\u0131n\u0131 hissetmeniz bile \u00e7o\u011fu durumda imkans\u0131zd\u0131r. Paslanmaz \u00e7elikten imal edilmi\u015ftir. Eskimeye ve paslanmaya kar\u015f\u0131 diren\u00e7li olan bu \u00e7elik malzeme sayesinde hem hijyenik hem de pratik bir bi\u00e7imde y\u00fcz\u00fcn\u00fcze epilasyon uygulayabilirsiniz.<\/p>\n","protected":false},"featured_media":49506,"comment_status":"open","ping_status":"closed","template":"","meta":{"_kad_post_transparent":"","_kad_post_title":"","_kad_post_layout":"","_kad_post_sidebar_id":"","_kad_post_content_style":"","_kad_post_vertical_padding":"","_kad_post_feature":"","_kad_post_feature_position":"","_kad_post_header":false,"_kad_post_footer":false,"_kad_post_classname":""},"product_brand":[],"product_cat":[23],"product_tag":[],"class_list":{"0":"post-49507","1":"product","2":"type-product","3":"status-publish","4":"has-post-thumbnail","6":"product_cat-genel","8":"first","9":"instock","10":"purchasable","11":"product-type-simple","12":"entry","13":"content-bg","14":"loop-entry"},"_links":{"self":[{"href":"https:\/\/www.hediyepazar.com\/index.php?rest_route=\/wp\/v2\/product\/49507","targetHints":{"allow":["GET"]}}],"collection":[{"href":"https:\/\/www.hediyepazar.com\/index.php?rest_route=\/wp\/v2\/product"}],"about":[{"href":"https:\/\/www.hediyepazar.com\/index.php?rest_route=\/wp\/v2\/types\/product"}],"replies":[{"embeddable":true,"href":"https:\/\/www.hediyepazar.com\/index.php?rest_route=%2Fwp%2Fv2%2Fcomments&post=49507"}],"wp:featuredmedia":[{"embeddable":true,"href":"https:\/\/www.hediyepazar.com\/index.php?rest_route=\/wp\/v2\/media\/49506"}],"wp:attachment":[{"href":"https:\/\/www.hediyepazar.com\/index.php?rest_route=%2Fwp%2Fv2%2Fmedia&parent=49507"}],"wp:term":[{"taxonomy":"product_brand","embeddable":true,"href":"https:\/\/www.hediyepazar.com\/index.php?rest_route=%2Fwp%2Fv2%2Fproduct_brand&post=49507"},{"taxonomy":"product_cat","embeddable":true,"href":"https:\/\/www.hediyepazar.com\/index.php?rest_route=%2Fwp%2Fv2%2Fproduct_cat&post=49507"},{"taxonomy":"product_tag","embeddable":true,"href":"https:\/\/www.hediyepazar.com\/index.php?rest_route=%2Fwp%2Fv2%2Fproduct_tag&post=49507"}],"curies":[{"name":"wp","href":"https:\/\/api.w.org\/{rel}","templated":true}]}}