{"id":49513,"date":"2026-04-27T02:10:06","date_gmt":"2026-04-27T05:10:06","guid":{"rendered":"https:\/\/www.hediyepazar.com\/?product=duzlestirici-tarak"},"modified":"2026-04-27T02:10:06","modified_gmt":"2026-04-27T05:10:06","slug":"duzlestirici-tarak","status":"publish","type":"product","link":"https:\/\/www.hediyepazar.com\/?product=duzlestirici-tarak","title":{"rendered":"D\u00fczle\u015ftirici Tarak"},"content":{"rendered":"","protected":false},"excerpt":{"rendered":"<p>\u0130nsua Sa\u00e7 D\u00fczle\u015ftirici Teknik Bilgiler \u0130yon teknolojisi ile elektriklenmeyi \u00f6nler. 220 dereceye kadar s\u0131cakl\u0131\u011f\u0131 y\u00fckselir. Kaymay\u0131 kolayla\u015ft\u0131ran ve e\u015fit \u0131s\u0131 da\u011f\u0131l\u0131m\u0131 sa\u011flayan kaplamaya sahiptir. Sa\u00e7\u0131n s\u0131k\u0131\u015fmas\u0131na engel olan y\u00fczey plakaya sahiptir. I\u015f\u0131kl\u0131 \u00e7al\u0131\u015fma g\u00f6stergesi Plakan\u0131n zarar g\u00f6rmesini \u00f6nleyici plaka kilit sistemine sahiptir. LED ekran, tam s\u0131cakl\u0131\u011f\u0131 g\u00f6rmeyi kolayla\u015ft\u0131r\u0131r. 15 saniyede h\u0131zl\u0131 \u0131s\u0131n\u0131r.<\/p>\n","protected":false},"featured_media":49512,"comment_status":"open","ping_status":"closed","template":"","meta":{"_kad_post_transparent":"","_kad_post_title":"","_kad_post_layout":"","_kad_post_sidebar_id":"","_kad_post_content_style":"","_kad_post_vertical_padding":"","_kad_post_feature":"","_kad_post_feature_position":"","_kad_post_header":false,"_kad_post_footer":false,"_kad_post_classname":""},"product_brand":[],"product_cat":[23],"product_tag":[],"class_list":{"0":"post-49513","1":"product","2":"type-product","3":"status-publish","4":"has-post-thumbnail","6":"product_cat-genel","8":"first","9":"instock","10":"purchasable","11":"product-type-simple","12":"entry","13":"content-bg","14":"loop-entry"},"_links":{"self":[{"href":"https:\/\/www.hediyepazar.com\/index.php?rest_route=\/wp\/v2\/product\/49513","targetHints":{"allow":["GET"]}}],"collection":[{"href":"https:\/\/www.hediyepazar.com\/index.php?rest_route=\/wp\/v2\/product"}],"about":[{"href":"https:\/\/www.hediyepazar.com\/index.php?rest_route=\/wp\/v2\/types\/product"}],"replies":[{"embeddable":true,"href":"https:\/\/www.hediyepazar.com\/index.php?rest_route=%2Fwp%2Fv2%2Fcomments&post=49513"}],"wp:featuredmedia":[{"embeddable":true,"href":"https:\/\/www.hediyepazar.com\/index.php?rest_route=\/wp\/v2\/media\/49512"}],"wp:attachment":[{"href":"https:\/\/www.hediyepazar.com\/index.php?rest_route=%2Fwp%2Fv2%2Fmedia&parent=49513"}],"wp:term":[{"taxonomy":"product_brand","embeddable":true,"href":"https:\/\/www.hediyepazar.com\/index.php?rest_route=%2Fwp%2Fv2%2Fproduct_brand&post=49513"},{"taxonomy":"product_cat","embeddable":true,"href":"https:\/\/www.hediyepazar.com\/index.php?rest_route=%2Fwp%2Fv2%2Fproduct_cat&post=49513"},{"taxonomy":"product_tag","embeddable":true,"href":"https:\/\/www.hediyepazar.com\/index.php?rest_route=%2Fwp%2Fv2%2Fproduct_tag&post=49513"}],"curies":[{"name":"wp","href":"https:\/\/api.w.org\/{rel}","templated":true}]}}