{"id":49541,"date":"2026-04-27T02:10:42","date_gmt":"2026-04-27T05:10:42","guid":{"rendered":"https:\/\/www.hediyepazar.com\/?product=kemer-delme-pensesi"},"modified":"2026-04-27T02:10:42","modified_gmt":"2026-04-27T05:10:42","slug":"kemer-delme-pensesi","status":"publish","type":"product","link":"https:\/\/www.hediyepazar.com\/?product=kemer-delme-pensesi","title":{"rendered":"Kemer Delme Pensesi"},"content":{"rendered":"","protected":false},"excerpt":{"rendered":"<p>Bu pratik ve kullan\u0131\u015fl\u0131 delme pensesi, alt\u0131 farkl\u0131 delme ba\u015fl\u0131\u011f\u0131 sayesinde farkl\u0131 materyallerde hassas ve temiz delikler a\u00e7man\u0131za olanak tan\u0131r. 2mm\u2019den 4.5mm\u2019ye kadar de\u011fi\u015fen delme boyutlar\u0131 ile kemer, ayakkab\u0131, k\u0131yafet, kuma\u015f, deri ve benzeri malzemelerde kolayca kullan\u0131labilir. Paslanmaz \u00e7elik g\u00f6vdesi sayesinde uzun \u00f6m\u00fcrl\u00fc ve dayan\u0131kl\u0131 bir yap\u0131ya sahiptir. Emniyet kilidi \u00f6zelli\u011fi ile g\u00fcvenli bir \u015fekilde ta\u015f\u0131nabilir ve saklanabilir. Ergonomik tasar\u0131m\u0131 sayesinde rahat kavrama ve pratik kullan\u0131m sunan bu delme pensesi, hobi ve profesyonel i\u015flerinizde vazge\u00e7ilmez bir yard\u0131mc\u0131 olacakt\u0131r. Paket i\u00e7eri\u011finde 22x6x1.5 cm ebatlar\u0131nda, alt\u0131 ba\u015fl\u0131kl\u0131 bir delme pensesi bulunmaktad\u0131r. \u00a0<\/p>\n","protected":false},"featured_media":49540,"comment_status":"open","ping_status":"closed","template":"","meta":{"_kad_post_transparent":"","_kad_post_title":"","_kad_post_layout":"","_kad_post_sidebar_id":"","_kad_post_content_style":"","_kad_post_vertical_padding":"","_kad_post_feature":"","_kad_post_feature_position":"","_kad_post_header":false,"_kad_post_footer":false,"_kad_post_classname":""},"product_brand":[],"product_cat":[23],"product_tag":[],"class_list":{"0":"post-49541","1":"product","2":"type-product","3":"status-publish","4":"has-post-thumbnail","6":"product_cat-genel","8":"first","9":"instock","10":"purchasable","11":"product-type-simple","12":"entry","13":"content-bg","14":"loop-entry"},"_links":{"self":[{"href":"https:\/\/www.hediyepazar.com\/index.php?rest_route=\/wp\/v2\/product\/49541","targetHints":{"allow":["GET"]}}],"collection":[{"href":"https:\/\/www.hediyepazar.com\/index.php?rest_route=\/wp\/v2\/product"}],"about":[{"href":"https:\/\/www.hediyepazar.com\/index.php?rest_route=\/wp\/v2\/types\/product"}],"replies":[{"embeddable":true,"href":"https:\/\/www.hediyepazar.com\/index.php?rest_route=%2Fwp%2Fv2%2Fcomments&post=49541"}],"wp:featuredmedia":[{"embeddable":true,"href":"https:\/\/www.hediyepazar.com\/index.php?rest_route=\/wp\/v2\/media\/49540"}],"wp:attachment":[{"href":"https:\/\/www.hediyepazar.com\/index.php?rest_route=%2Fwp%2Fv2%2Fmedia&parent=49541"}],"wp:term":[{"taxonomy":"product_brand","embeddable":true,"href":"https:\/\/www.hediyepazar.com\/index.php?rest_route=%2Fwp%2Fv2%2Fproduct_brand&post=49541"},{"taxonomy":"product_cat","embeddable":true,"href":"https:\/\/www.hediyepazar.com\/index.php?rest_route=%2Fwp%2Fv2%2Fproduct_cat&post=49541"},{"taxonomy":"product_tag","embeddable":true,"href":"https:\/\/www.hediyepazar.com\/index.php?rest_route=%2Fwp%2Fv2%2Fproduct_tag&post=49541"}],"curies":[{"name":"wp","href":"https:\/\/api.w.org\/{rel}","templated":true}]}}