{"id":49547,"date":"2026-04-27T02:10:54","date_gmt":"2026-04-27T05:10:54","guid":{"rendered":"https:\/\/www.hediyepazar.com\/?product=sac-duzlestirici-led-ekranli-isi-ayarli-seramik-kaplama-profesyonel"},"modified":"2026-04-27T02:10:54","modified_gmt":"2026-04-27T05:10:54","slug":"sac-duzlestirici-led-ekranli-isi-ayarli-seramik-kaplama-profesyonel","status":"publish","type":"product","link":"https:\/\/www.hediyepazar.com\/?product=sac-duzlestirici-led-ekranli-isi-ayarli-seramik-kaplama-profesyonel","title":{"rendered":"Sa\u00e7 D\u00fczle\u015ftirici Led Ekranl\u0131 Is\u0131 Ayarl\u0131 Seramik Kaplama Profesyonel"},"content":{"rendered":"","protected":false},"excerpt":{"rendered":"<p>Is\u0131 Ayarl\u0131 Sa\u00e7 D\u00fczle\u015ftirici, yenilik\u00e7i teknolojilerle donat\u0131lm\u0131\u015f ergonomik tasar\u0131m\u0131 ile sa\u00e7 stiliniz \u00fczerinde tam kontrol sa\u011flar. Hassas ayarlamalar yaparak her t\u00fcrl\u00fc sa\u00e7 tipi i\u00e7in en iyi sonucu elde edin. Titanyum ve Seramik Uyumu Titanyum kapl\u0131 seramik plakalar, sa\u00e7\u0131n\u0131za zarar vermeden m\u00fckemmel bir kayganl\u0131k sunar. Is\u0131y\u0131 e\u015fit bir \u015fekilde da\u011f\u0131tarak her sa\u00e7 telinin ayn\u0131 derecede d\u00fczle\u015fmesini sa\u011flar. S\u0131cakl\u0131k G\u00f6sterge Ekran\u0131 Dijital ekran, se\u00e7ilen s\u0131cakl\u0131k seviyesini net bir \u015fekilde g\u00f6sterir. Bu, do\u011fru s\u0131cakl\u0131k se\u00e7imi yaparak sa\u00e7lar\u0131n\u0131za hassas bir dokunu\u015f yapman\u0131za olanak tan\u0131r. Nem Koruma Sens\u00f6r\u00fc Nem koruma sens\u00f6r\u00fc, sa\u00e7\u0131n do\u011fal nemini koruyarak, \u0131s\u0131 hasar\u0131n\u0131 minimum seviyeye indirir. B\u00f6ylece sa\u00e7lar\u0131n\u0131z daha sa\u011fl\u0131kl\u0131 ve parlak g\u00f6r\u00fcn\u00fcr. Ergonomik ve \u015e\u0131k Tasar\u0131m Uzun s\u00fcreli kullan\u0131mlar i\u00e7in tasarlanm\u0131\u015f ergonomik yap\u0131s\u0131, konforlu bir kullan\u0131m deneyimi sunar. \u015e\u0131k ve modern tasar\u0131m\u0131 ile de g\u00f6z doldurur. Kapsaml\u0131 Kullan\u0131m Avantajlar\u0131 Farkl\u0131 sa\u00e7 tiplerine uygun geni\u015f s\u0131cakl\u0131k ayarlar\u0131 2.5 metre uzunlu\u011funda hareket \u00f6zg\u00fcrl\u00fc\u011f\u00fc sunan kablo 360\u00b0 d\u00f6nebilen kordon sayesinde esnek kullan\u0131m G\u00fcvenli saklama i\u00e7in kilitleme mekanizmas\u0131 Ta\u015f\u0131nabilir yap\u0131s\u0131yla her an yan\u0131n\u0131zda bulundurabilece\u011finiz bir yard\u0131mc\u0131 Her g\u00fcn salon kalitesinde sa\u00e7lara sahip olmak i\u00e7in Is\u0131 Ayarl\u0131 Sa\u00e7 D\u00fczle\u015ftirici, hem pratikli\u011fi hem de performans\u0131yla sizin i\u00e7in ideal bir se\u00e7im.<\/p>\n","protected":false},"featured_media":49546,"comment_status":"open","ping_status":"closed","template":"","meta":{"_kad_post_transparent":"","_kad_post_title":"","_kad_post_layout":"","_kad_post_sidebar_id":"","_kad_post_content_style":"","_kad_post_vertical_padding":"","_kad_post_feature":"","_kad_post_feature_position":"","_kad_post_header":false,"_kad_post_footer":false,"_kad_post_classname":""},"product_brand":[],"product_cat":[23],"product_tag":[],"class_list":{"0":"post-49547","1":"product","2":"type-product","3":"status-publish","4":"has-post-thumbnail","6":"product_cat-genel","8":"first","9":"instock","10":"purchasable","11":"product-type-simple","12":"entry","13":"content-bg","14":"loop-entry"},"_links":{"self":[{"href":"https:\/\/www.hediyepazar.com\/index.php?rest_route=\/wp\/v2\/product\/49547","targetHints":{"allow":["GET"]}}],"collection":[{"href":"https:\/\/www.hediyepazar.com\/index.php?rest_route=\/wp\/v2\/product"}],"about":[{"href":"https:\/\/www.hediyepazar.com\/index.php?rest_route=\/wp\/v2\/types\/product"}],"replies":[{"embeddable":true,"href":"https:\/\/www.hediyepazar.com\/index.php?rest_route=%2Fwp%2Fv2%2Fcomments&post=49547"}],"wp:featuredmedia":[{"embeddable":true,"href":"https:\/\/www.hediyepazar.com\/index.php?rest_route=\/wp\/v2\/media\/49546"}],"wp:attachment":[{"href":"https:\/\/www.hediyepazar.com\/index.php?rest_route=%2Fwp%2Fv2%2Fmedia&parent=49547"}],"wp:term":[{"taxonomy":"product_brand","embeddable":true,"href":"https:\/\/www.hediyepazar.com\/index.php?rest_route=%2Fwp%2Fv2%2Fproduct_brand&post=49547"},{"taxonomy":"product_cat","embeddable":true,"href":"https:\/\/www.hediyepazar.com\/index.php?rest_route=%2Fwp%2Fv2%2Fproduct_cat&post=49547"},{"taxonomy":"product_tag","embeddable":true,"href":"https:\/\/www.hediyepazar.com\/index.php?rest_route=%2Fwp%2Fv2%2Fproduct_tag&post=49547"}],"curies":[{"name":"wp","href":"https:\/\/api.w.org\/{rel}","templated":true}]}}