{"id":49557,"date":"2026-04-27T02:11:14","date_gmt":"2026-04-27T05:11:14","guid":{"rendered":"https:\/\/www.hediyepazar.com\/?product=17-parca-manikur-seti"},"modified":"2026-04-27T02:11:14","modified_gmt":"2026-04-27T05:11:14","slug":"17-parca-manikur-seti","status":"publish","type":"product","link":"https:\/\/www.hediyepazar.com\/?product=17-parca-manikur-seti","title":{"rendered":"17 Par\u00e7a Manik\u00fcr Seti"},"content":{"rendered":"","protected":false},"excerpt":{"rendered":"<p>\u00d6zel tasar\u0131m\u0131yla dikkat \u00e7eken bu 17 par\u00e7al\u0131k manik\u00fcr seti, el ve ayak bak\u0131m\u0131n\u0131z\u0131 profesyonelce yapman\u0131z i\u00e7in t\u00fcm gerekli malzemeleri bir araya getiriyor. Paslanmaz \u00e7elikten \u00fcretilmi\u015f dayan\u0131kl\u0131 ve uzun \u00f6m\u00fcrl\u00fc par\u00e7alar\u0131 sayesinde g\u00fcvenli sterilizasyon sa\u011flar, kolay temizlenir ve korozyonu \u00f6nleyerek hijyenik bir kullan\u0131m sunar. Yeni nesil siyah kaymaz parlatma teknolojisi ile \u00fcretilmi\u015f keskin ve ergonomik tasar\u0131m\u0131, kullan\u0131m kolayl\u0131\u011f\u0131 ve estetik g\u00f6r\u00fcn\u00fcm\u00fc bir araya getirir. \u015e\u0131k ve sa\u011flam deri kaplama kutusu sayesinde d\u00fczenli bir \u015fekilde saklanabilir ve tek d\u00fc\u011fmeyle kolayca a\u00e7\u0131l\u0131p kapanabilir. Hafif ve ta\u015f\u0131nabilir yap\u0131s\u0131yla \u00e7antan\u0131zda rahat\u00e7a ta\u015f\u0131yabilir, g\u00fcnl\u00fck kullan\u0131m veya seyahatlerinizde yan\u0131n\u0131zda bulundurabilirsiniz. Setin i\u00e7eri\u011finde b\u00fcy\u00fck, k\u00fc\u00e7\u00fck ve sivri u\u00e7lu t\u0131rnak makaslar\u0131, \u00e7ift u\u00e7lu komedon, t\u00f6rp\u00fc, et ittirici, \u00e7ift tarafl\u0131 t\u0131rnak kald\u0131rma aleti, makas, pedik\u00fcr b\u0131\u00e7aklar\u0131, V \u015feklinde et itme aparat\u0131, t\u0131rnak temizleme \u00e7ubu\u011fu, c\u0131mb\u0131z, i\u011fneli komedon ve kulak temizleme aparat\u0131 bulunmaktad\u0131r. Her detay\u0131 d\u00fc\u015f\u00fcn\u00fclerek tasarlanm\u0131\u015f bu manik\u00fcr seti, hem kendi bak\u0131m\u0131n\u0131z\u0131 pratik \u015fekilde yapman\u0131z\u0131 sa\u011flar hem de sevdiklerinize hediye edebilece\u011finiz \u015f\u0131k ve kullan\u0131\u015fl\u0131 bir alternatif sunar.<\/p>\n","protected":false},"featured_media":49556,"comment_status":"open","ping_status":"closed","template":"","meta":{"_kad_post_transparent":"","_kad_post_title":"","_kad_post_layout":"","_kad_post_sidebar_id":"","_kad_post_content_style":"","_kad_post_vertical_padding":"","_kad_post_feature":"","_kad_post_feature_position":"","_kad_post_header":false,"_kad_post_footer":false,"_kad_post_classname":""},"product_brand":[],"product_cat":[23],"product_tag":[],"class_list":{"0":"post-49557","1":"product","2":"type-product","3":"status-publish","4":"has-post-thumbnail","6":"product_cat-genel","8":"first","9":"instock","10":"purchasable","11":"product-type-simple","12":"entry","13":"content-bg","14":"loop-entry"},"_links":{"self":[{"href":"https:\/\/www.hediyepazar.com\/index.php?rest_route=\/wp\/v2\/product\/49557","targetHints":{"allow":["GET"]}}],"collection":[{"href":"https:\/\/www.hediyepazar.com\/index.php?rest_route=\/wp\/v2\/product"}],"about":[{"href":"https:\/\/www.hediyepazar.com\/index.php?rest_route=\/wp\/v2\/types\/product"}],"replies":[{"embeddable":true,"href":"https:\/\/www.hediyepazar.com\/index.php?rest_route=%2Fwp%2Fv2%2Fcomments&post=49557"}],"wp:featuredmedia":[{"embeddable":true,"href":"https:\/\/www.hediyepazar.com\/index.php?rest_route=\/wp\/v2\/media\/49556"}],"wp:attachment":[{"href":"https:\/\/www.hediyepazar.com\/index.php?rest_route=%2Fwp%2Fv2%2Fmedia&parent=49557"}],"wp:term":[{"taxonomy":"product_brand","embeddable":true,"href":"https:\/\/www.hediyepazar.com\/index.php?rest_route=%2Fwp%2Fv2%2Fproduct_brand&post=49557"},{"taxonomy":"product_cat","embeddable":true,"href":"https:\/\/www.hediyepazar.com\/index.php?rest_route=%2Fwp%2Fv2%2Fproduct_cat&post=49557"},{"taxonomy":"product_tag","embeddable":true,"href":"https:\/\/www.hediyepazar.com\/index.php?rest_route=%2Fwp%2Fv2%2Fproduct_tag&post=49557"}],"curies":[{"name":"wp","href":"https:\/\/api.w.org\/{rel}","templated":true}]}}