{"id":4956,"date":"2026-04-26T06:55:37","date_gmt":"2026-04-26T09:55:37","guid":{"rendered":"https:\/\/www.hediyepazar.com\/?product=f-konnektor-3lu-dagitici-hizlandirici"},"modified":"2026-04-26T06:55:40","modified_gmt":"2026-04-26T09:55:40","slug":"f-konnektor-3lu-dagitici-hizlandirici","status":"publish","type":"product","link":"https:\/\/www.hediyepazar.com\/?product=f-konnektor-3lu-dagitici-hizlandirici","title":{"rendered":"F Konnekt\u00f6r 3&#8217;l\u00fc Da\u011f\u0131t\u0131c\u0131 H\u0131zland\u0131r\u0131c\u0131"},"content":{"rendered":"<p>F Konnekt\u00f6r 3&#8217;l\u00fc Da\u011f\u0131t\u0131c\u0131 H\u0131zland\u0131r\u0131c\u0131<\/p>\n","protected":false},"excerpt":{"rendered":"<p>F Konnekt\u00f6r 3&#8217;l\u00fc Da\u011f\u0131t\u0131c\u0131 H\u0131zland\u0131r\u0131c\u0131<\/p>\n","protected":false},"featured_media":4957,"comment_status":"closed","ping_status":"open","template":"","meta":{"_kad_post_transparent":"","_kad_post_title":"","_kad_post_layout":"","_kad_post_sidebar_id":"","_kad_post_content_style":"","_kad_post_vertical_padding":"","_kad_post_feature":"","_kad_post_feature_position":"","_kad_post_header":false,"_kad_post_footer":false,"_kad_post_classname":""},"product_brand":[],"product_cat":[214],"product_tag":[],"class_list":{"0":"post-4956","1":"product","2":"type-product","3":"status-publish","4":"has-post-thumbnail","6":"product_cat-hirdavat-malzemeleri-hirdavat-tamir-malzemeleri-fis-jack-sase","8":"first","9":"instock","10":"purchasable","11":"product-type-simple","12":"entry","13":"content-bg","14":"loop-entry"},"_links":{"self":[{"href":"https:\/\/www.hediyepazar.com\/index.php?rest_route=\/wp\/v2\/product\/4956","targetHints":{"allow":["GET"]}}],"collection":[{"href":"https:\/\/www.hediyepazar.com\/index.php?rest_route=\/wp\/v2\/product"}],"about":[{"href":"https:\/\/www.hediyepazar.com\/index.php?rest_route=\/wp\/v2\/types\/product"}],"replies":[{"embeddable":true,"href":"https:\/\/www.hediyepazar.com\/index.php?rest_route=%2Fwp%2Fv2%2Fcomments&post=4956"}],"wp:featuredmedia":[{"embeddable":true,"href":"https:\/\/www.hediyepazar.com\/index.php?rest_route=\/wp\/v2\/media\/4957"}],"wp:attachment":[{"href":"https:\/\/www.hediyepazar.com\/index.php?rest_route=%2Fwp%2Fv2%2Fmedia&parent=4956"}],"wp:term":[{"taxonomy":"product_brand","embeddable":true,"href":"https:\/\/www.hediyepazar.com\/index.php?rest_route=%2Fwp%2Fv2%2Fproduct_brand&post=4956"},{"taxonomy":"product_cat","embeddable":true,"href":"https:\/\/www.hediyepazar.com\/index.php?rest_route=%2Fwp%2Fv2%2Fproduct_cat&post=4956"},{"taxonomy":"product_tag","embeddable":true,"href":"https:\/\/www.hediyepazar.com\/index.php?rest_route=%2Fwp%2Fv2%2Fproduct_tag&post=4956"}],"curies":[{"name":"wp","href":"https:\/\/api.w.org\/{rel}","templated":true}]}}